{"id":740323,"date":"2026-04-16T10:12:40","date_gmt":"2026-04-16T09:12:40","guid":{"rendered":"https:\/\/shop.kustom.ch\/?post_type=product&#038;p=740323"},"modified":"2026-04-16T10:13:02","modified_gmt":"2026-04-16T09:13:02","slug":"core-essence-wind-pants-w","status":"publish","type":"product","link":"https:\/\/shop.kustom.ch\/fr\/produit\/core-essence-wind-pants-w\/","title":{"rendered":"CORE Essence wind pants W"},"content":{"rendered":"<p>Core Essence Wind Pants sind funktionelle Trainingshosen,die bei windigen Bedingungen einen hervorragenden Windschutz bieten. <\/p>\n<p>Diese vielseitige Hose besteht aus einem leichten, windsch\u00fctzenden Stoff und hat gerade Beine f\u00fcr einen l\u00e4ssigen Look. Die Hose verf\u00fcgt ausserdem \u00fcber einen elastischen Bund mit Kordelzug f\u00fcr eine verstellbare, perfekte Passform. Geeignet f\u00fcr eine Vielzahl k\u00f6rperlicher Aktivit\u00e4ten wie Laufen, Langlauf und \u00e4hnliche Trainingseinheiten im Freien. F\u00fcr zus\u00e4tzliche W\u00e4rme bei kalten Bedingungen kombinieren Sie es mit einer Baselayer-Hose.<\/p>\n<p>\u2022 Gewebtes, leichtes und windabweisendes Gewebe<br \/>\n- Deux poches \u00e0 fermeture \u00e9clair<br \/>\n- Coupe normale<\/p>\n<p>Material: 90% Recycelter Polyester, 10% Elastan<\/p>","protected":false},"excerpt":{"rendered":"<p>Core Essence Wind Pants sind funktionelle Trainingshosen,die bei windigen Bedingungen einen hervorragenden Windschutz bieten. Diese vielseitige Hose besteht aus einem leichten, windsch\u00fctzenden Stoff und hat gerade Beine f\u00fcr einen l\u00e4ssigen Look. Die Hose verf\u00fcgt ausserdem \u00fcber einen elastischen Bund mit Kordelzug f\u00fcr eine verstellbare, perfekte Passform. Geeignet f\u00fcr eine Vielzahl k\u00f6rperlicher Aktivit\u00e4ten wie Laufen, Langlauf [&hellip;]<\/p>\n","protected":false},"featured_media":740356,"template":"","meta":[],"product_brand":[],"product_cat":[4185],"product_tag":[],"class_list":{"0":"post-740323","1":"product","2":"type-product","3":"status-publish","4":"has-post-thumbnail","6":"product_cat-hosen","7":"pa_brand-craft","8":"pa_brand-type-sportswear","9":"pa_filter-color-schwarz","11":"first","12":"instock","13":"sale","14":"taxable","15":"shipping-taxable","16":"purchasable","17":"product-type-variable","18":"add-to-wishlist-before_image"},"exclude_global_add_ons":[],"addons":[],"acf":[],"_links":{"self":[{"href":"https:\/\/shop.kustom.ch\/fr\/wp-json\/wp\/v2\/product\/740323"}],"collection":[{"href":"https:\/\/shop.kustom.ch\/fr\/wp-json\/wp\/v2\/product"}],"about":[{"href":"https:\/\/shop.kustom.ch\/fr\/wp-json\/wp\/v2\/types\/product"}],"wp:featuredmedia":[{"embeddable":true,"href":"https:\/\/shop.kustom.ch\/fr\/wp-json\/wp\/v2\/media\/740356"}],"wp:attachment":[{"href":"https:\/\/shop.kustom.ch\/fr\/wp-json\/wp\/v2\/media?parent=740323"}],"wp:term":[{"taxonomy":"product_brand","embeddable":true,"href":"https:\/\/shop.kustom.ch\/fr\/wp-json\/wp\/v2\/product_brand?post=740323"},{"taxonomy":"product_cat","embeddable":true,"href":"https:\/\/shop.kustom.ch\/fr\/wp-json\/wp\/v2\/product_cat?post=740323"},{"taxonomy":"product_tag","embeddable":true,"href":"https:\/\/shop.kustom.ch\/fr\/wp-json\/wp\/v2\/product_tag?post=740323"}],"curies":[{"name":"wp","href":"https:\/\/api.w.org\/{rel}","templated":true}]}}