{"id":740025,"date":"2026-04-16T10:09:46","date_gmt":"2026-04-16T09:09:46","guid":{"rendered":"https:\/\/shop.kustom.ch\/?post_type=product&#038;p=740025"},"modified":"2026-04-16T10:10:26","modified_gmt":"2026-04-16T09:10:26","slug":"subz-light-tights-w","status":"publish","type":"product","link":"https:\/\/shop.kustom.ch\/fr\/produit\/subz-light-tights-w\/","title":{"rendered":"Collant SubZ Light W"},"content":{"rendered":"<p>Les collants SubZ Light sont des collants de course l\u00e9gers et hautement fonctionnels, con\u00e7us pour les entra\u00eenements de haute intensit\u00e9 dans des conditions froides.<\/p>\n<p>Ces collants modernes pour temps froid sont fabriqu\u00e9s en jersey de polyester bross\u00e9 et \u00e9lastique, avec un tissu ext\u00e9rieur coupe-vent et imperm\u00e9able et une doublure PrimaLoft sur le devant. Le r\u00e9sultat est un v\u00eatement haute performance qui offre une excellente isolation et une protection contre le vent, vous gardant au chaud et confortable lors de vos entra\u00eenements par les froides journ\u00e9es d'hiver. La large ceinture avec cordon de serrage r\u00e9glable assure un ajustement confortable.<\/p>\n<p>- Tissu jersey bross\u00e9 et \u00e9lastique en polyester recycl\u00e9 et \u00e9lasthanne<br \/>\n- polyester Crinkle coupe-vent et d\u00e9perlant avec doublure PrimaLoft sur le devant (jusqu'aux genoux)<br \/>\n- Large ceinture avec cordon de serrage ajustable<br \/>\n- poche sur la jambe avec fermeture \u00e0 glissi\u00e8re dissimul\u00e9e<br \/>\n- fermeture \u00e9clair au bout des jambes pour faciliter l'habillage et le d\u00e9shabillage<br \/>\n- Grippeur \u00e9lastique au bout des jambes<br \/>\n- \u00c9l\u00e9ments r\u00e9fl\u00e9chissants \u00e0 l'avant et \u00e0 l'arri\u00e8re<br \/>\n- Coupe ajust\u00e9e<\/p>\n<p>Composition : corps avant 100% polyamide recycl\u00e9, corps 88% polyester recycl\u00e9, 12% \u00e9lasthanne, doublure 100% polyester recycl\u00e9<\/p>","protected":false},"excerpt":{"rendered":"<p>SubZ Light Tights sind leichte und hochfunktionelle Laufstrumpfhosen, die f\u00fcr hochintensive Trainingseinheiten bei kalten Bedingungen entwickelt wurden. Diese modernen Kaltwetter-Strumpfhosen sind aus geb\u00fcrstetem und elastischem Polyester-Jersey-Stoff gefertigt und verf\u00fcgen \u00fcber ein wind- und wasserabweisendes Aussenmaterial sowie ein PrimaLoft-Futter auf der Vorderseite. Das Ergebnis ist ein Hochleistungskleidungsst\u00fcck, das hervorragende Isolierung und Windschutz bietet und Sie beim [&hellip;]<\/p>\n","protected":false},"featured_media":740080,"template":"","meta":[],"product_brand":[],"product_cat":[4190],"product_tag":[],"class_list":{"0":"post-740025","1":"product","2":"type-product","3":"status-publish","4":"has-post-thumbnail","6":"product_cat-leggings","7":"pa_brand-craft","8":"pa_brand-type-sportswear","9":"pa_filter-color-beige","10":"pa_filter-color-schwarz","12":"first","13":"instock","14":"sale","15":"taxable","16":"shipping-taxable","17":"purchasable","18":"product-type-variable","19":"add-to-wishlist-before_image"},"exclude_global_add_ons":[],"addons":[],"acf":[],"_links":{"self":[{"href":"https:\/\/shop.kustom.ch\/fr\/wp-json\/wp\/v2\/product\/740025"}],"collection":[{"href":"https:\/\/shop.kustom.ch\/fr\/wp-json\/wp\/v2\/product"}],"about":[{"href":"https:\/\/shop.kustom.ch\/fr\/wp-json\/wp\/v2\/types\/product"}],"wp:featuredmedia":[{"embeddable":true,"href":"https:\/\/shop.kustom.ch\/fr\/wp-json\/wp\/v2\/media\/740080"}],"wp:attachment":[{"href":"https:\/\/shop.kustom.ch\/fr\/wp-json\/wp\/v2\/media?parent=740025"}],"wp:term":[{"taxonomy":"product_brand","embeddable":true,"href":"https:\/\/shop.kustom.ch\/fr\/wp-json\/wp\/v2\/product_brand?post=740025"},{"taxonomy":"product_cat","embeddable":true,"href":"https:\/\/shop.kustom.ch\/fr\/wp-json\/wp\/v2\/product_cat?post=740025"},{"taxonomy":"product_tag","embeddable":true,"href":"https:\/\/shop.kustom.ch\/fr\/wp-json\/wp\/v2\/product_tag?post=740025"}],"curies":[{"name":"wp","href":"https:\/\/api.w.org\/{rel}","templated":true}]}}