{"id":739812,"date":"2026-04-16T10:07:31","date_gmt":"2026-04-16T09:07:31","guid":{"rendered":"https:\/\/shop.kustom.ch\/?post_type=product&#038;p=739812"},"modified":"2026-04-16T10:08:20","modified_gmt":"2026-04-16T09:08:20","slug":"adv-essence-warm-vest-2-m","status":"publish","type":"product","link":"https:\/\/shop.kustom.ch\/fr\/produit\/adv-essence-warm-vest-2-m\/","title":{"rendered":"ADV Essence Warm Vest 2 M"},"content":{"rendered":"<p>L'Adv Essence Warm Vest 2 est un gilet multisports chaud qui convient parfaitement pour \u00eatre port\u00e9 par-dessus ou par-dessous lors de l'entra\u00eenement en automne et en hiver. <\/p>\n<p>Ce gilet d'entra\u00eenement polyvalent dispose d'une isolation l\u00e9g\u00e8re \u00e0 l'avant et en haut du dos, d'une polaire bross\u00e9e \u00e0 l'arri\u00e8re et d'un jersey \u00e9lastique sur les c\u00f4t\u00e9s pour une libert\u00e9 de mouvement optimale. En outre, le gilet dispose d'un \u00e9lastique \u00e0 la taille pour un ajustement optimal et de deux poches lat\u00e9rales zipp\u00e9es. Fabriqu\u00e9 \u00e0 partir de tissus recycl\u00e9s.<\/p>\n<p>- Tissus recycl\u00e9s<br \/>\n- Isolation l\u00e9g\u00e8re en polyester sur le devant et le haut du dos pour la chaleur et le confort<br \/>\n- Tissu polaire fonctionnel avec int\u00e9rieur bross\u00e9 et surface lisse \u00e0 l'arri\u00e8re<br \/>\n- Jersey \u00e9lastique sur les c\u00f4t\u00e9s pour une libert\u00e9 de mouvement optimale<br \/>\n- \u00c9lastique \u00e0 la taille pour un ajustement optimal<br \/>\n- Deux poches lat\u00e9rales (dont une zipp\u00e9e)<br \/>\n- \u00c9l\u00e9ments r\u00e9fl\u00e9chissants<br \/>\n- Coupe normale<\/p>\n<p>Composition : Front Body 86% Polyamide recycl\u00e9, 14% Elasthanne, Padding 100% Polyester recycl\u00e9, Back Body 77% Polyester recycl\u00e9, 23% Elasthanne<\/p>","protected":false},"excerpt":{"rendered":"<p>Die Adv Essence Warm Vest 2 ist eine warme Multisportweste, die sich perfekt zum \u00dcber- oder Unterziehen beim Training im Herbst und Winter eignet. Diese vielseitige Trainingsweste verf\u00fcgt \u00fcber eine leichte Isolierung vorne und oben am R\u00fccken, geb\u00fcrstetes Fleece auf der R\u00fcckseite und elastisches Jersey an den Seiten f\u00fcr optimale Bewegungsfreiheit. Dar\u00fcber hinaus verf\u00fcgt die [&hellip;]<\/p>\n","protected":false},"featured_media":739839,"template":"","meta":[],"product_brand":[],"product_cat":[4208],"product_tag":[],"class_list":{"0":"post-739812","1":"product","2":"type-product","3":"status-publish","4":"has-post-thumbnail","6":"product_cat-westen","7":"pa_brand-craft","8":"pa_brand-type-sportswear","9":"pa_filter-color-blau","10":"pa_filter-color-gruen","11":"pa_filter-color-schwarz","13":"first","14":"instock","15":"sale","16":"taxable","17":"shipping-taxable","18":"purchasable","19":"product-type-variable","20":"add-to-wishlist-before_image"},"exclude_global_add_ons":[],"addons":[],"acf":[],"_links":{"self":[{"href":"https:\/\/shop.kustom.ch\/fr\/wp-json\/wp\/v2\/product\/739812"}],"collection":[{"href":"https:\/\/shop.kustom.ch\/fr\/wp-json\/wp\/v2\/product"}],"about":[{"href":"https:\/\/shop.kustom.ch\/fr\/wp-json\/wp\/v2\/types\/product"}],"wp:featuredmedia":[{"embeddable":true,"href":"https:\/\/shop.kustom.ch\/fr\/wp-json\/wp\/v2\/media\/739839"}],"wp:attachment":[{"href":"https:\/\/shop.kustom.ch\/fr\/wp-json\/wp\/v2\/media?parent=739812"}],"wp:term":[{"taxonomy":"product_brand","embeddable":true,"href":"https:\/\/shop.kustom.ch\/fr\/wp-json\/wp\/v2\/product_brand?post=739812"},{"taxonomy":"product_cat","embeddable":true,"href":"https:\/\/shop.kustom.ch\/fr\/wp-json\/wp\/v2\/product_cat?post=739812"},{"taxonomy":"product_tag","embeddable":true,"href":"https:\/\/shop.kustom.ch\/fr\/wp-json\/wp\/v2\/product_tag?post=739812"}],"curies":[{"name":"wp","href":"https:\/\/api.w.org\/{rel}","templated":true}]}}