{"id":739811,"date":"2026-04-16T10:07:31","date_gmt":"2026-04-16T09:07:31","guid":{"rendered":"https:\/\/shop.kustom.ch\/?post_type=product&#038;p=739811"},"modified":"2026-04-16T10:07:51","modified_gmt":"2026-04-16T09:07:51","slug":"subz-skirt-4-w","status":"publish","type":"product","link":"https:\/\/shop.kustom.ch\/fr\/produit\/subz-skirt-4-w\/","title":{"rendered":"Jupe SubZ 4 W"},"content":{"rendered":"<p>Das SubZ Skirt 4 ist ein warmer und isolierender Laufrock, der bei K\u00e4lte und Wind \u00fcber Ihren Trainingshosen getragen werden kann. <\/p>\n<p>Der Trainingsrock verf\u00fcgt \u00fcber ein winddichtes und wasserabweisendes Aussenmaterial und ist mit einem d\u00fcnnen, geb\u00fcrsteten PrimaLoft-Futter vollst\u00e4ndig isoliert. Das Ergebnis ist ein vielseitiges Trainingsteil, das \u00fcber Ihren Trainingshosen getragen werden kann und an k\u00fchlen Herbst- und Wintertagen f\u00fcr zus\u00e4tzliche Isolierung und Windschutz sorgt. Dar\u00fcber hinaus verf\u00fcgt der Rock \u00fcber einen elastischen Bund mit Kordelzug, eine verl\u00e4ngerte R\u00fcckseite f\u00fcr zus\u00e4tzlichen Schutz und eine Reissverschlusstasche auf der R\u00fcckseite zur sicheren Aufbewahrung von Schl\u00fcsseln usw.<\/p>\n<p>\u2022 Winddichtes und wasserabweisendes Aussenmaterial<br \/>\n\u2022 Vollst\u00e4ndig isoliert mit geb\u00fcrstetem PrimaLoft-Futter<br \/>\n\u2022 Elastisches Jerseyst\u00fcck an der R\u00fcckenpartie f\u00fcr bessere Bel\u00fcftung<br \/>\n- Ceinture \u00e9lastique avec cordon de serrage r\u00e9glable<br \/>\n\u2022 R\u00fcckenl\u00e4nge 41 cm in Gr\u00f6sse M<br \/>\n\u2022 Hinten etwas l\u00e4nger<br \/>\n- Poche arri\u00e8re avec fermeture \u00e9clair<br \/>\n- \u00c9l\u00e9ments r\u00e9fl\u00e9chissants<br \/>\n\u2022 Zum Tragen \u00fcber Strumpfhosen<br \/>\n- Coupe normale<\/p>\n<p>Material: Body 100% Recyceltes Polyamid, Lining 100% Recycelter Polyester<\/p>","protected":false},"excerpt":{"rendered":"<p>Das SubZ Skirt 4 ist ein warmer und isolierender Laufrock, der bei K\u00e4lte und Wind \u00fcber Ihren Trainingshosen getragen werden kann. Der Trainingsrock verf\u00fcgt \u00fcber ein winddichtes und wasserabweisendes Aussenmaterial und ist mit einem d\u00fcnnen, geb\u00fcrsteten PrimaLoft-Futter vollst\u00e4ndig isoliert. Das Ergebnis ist ein vielseitiges Trainingsteil, das \u00fcber Ihren Trainingshosen getragen werden kann und an k\u00fchlen [&hellip;]<\/p>\n","protected":false},"featured_media":739814,"template":"","meta":[],"product_brand":[],"product_cat":[4198],"product_tag":[],"class_list":{"0":"post-739811","1":"product","2":"type-product","3":"status-publish","4":"has-post-thumbnail","6":"product_cat-shorts","7":"pa_brand-craft","8":"pa_brand-type-sportswear","9":"pa_filter-color-grau","10":"pa_filter-color-schwarz","12":"first","13":"instock","14":"sale","15":"taxable","16":"shipping-taxable","17":"purchasable","18":"product-type-variable","19":"add-to-wishlist-before_image"},"exclude_global_add_ons":[],"addons":[],"acf":[],"_links":{"self":[{"href":"https:\/\/shop.kustom.ch\/fr\/wp-json\/wp\/v2\/product\/739811"}],"collection":[{"href":"https:\/\/shop.kustom.ch\/fr\/wp-json\/wp\/v2\/product"}],"about":[{"href":"https:\/\/shop.kustom.ch\/fr\/wp-json\/wp\/v2\/types\/product"}],"wp:featuredmedia":[{"embeddable":true,"href":"https:\/\/shop.kustom.ch\/fr\/wp-json\/wp\/v2\/media\/739814"}],"wp:attachment":[{"href":"https:\/\/shop.kustom.ch\/fr\/wp-json\/wp\/v2\/media?parent=739811"}],"wp:term":[{"taxonomy":"product_brand","embeddable":true,"href":"https:\/\/shop.kustom.ch\/fr\/wp-json\/wp\/v2\/product_brand?post=739811"},{"taxonomy":"product_cat","embeddable":true,"href":"https:\/\/shop.kustom.ch\/fr\/wp-json\/wp\/v2\/product_cat?post=739811"},{"taxonomy":"product_tag","embeddable":true,"href":"https:\/\/shop.kustom.ch\/fr\/wp-json\/wp\/v2\/product_tag?post=739811"}],"curies":[{"name":"wp","href":"https:\/\/api.w.org\/{rel}","templated":true}]}}