{"id":739708,"date":"2026-04-16T10:06:14","date_gmt":"2026-04-16T09:06:14","guid":{"rendered":"https:\/\/shop.kustom.ch\/?post_type=product&#038;p=739708"},"modified":"2026-04-16T10:07:12","modified_gmt":"2026-04-16T09:07:12","slug":"adv-essence-warm-jacket-3-m","status":"publish","type":"product","link":"https:\/\/shop.kustom.ch\/fr\/produit\/adv-essence-warm-jacket-3-m\/","title":{"rendered":"Veste chaude ADV Essence 3 M"},"content":{"rendered":"<p>Das Adv Essence Warm Jacket 3 ist eine warme und windsch\u00fctzende Multisportjacke f\u00fcr intensives Training bei kalten Bedingungen.<\/p>\n<p>Die vielseitige Trainingsjacke verf\u00fcgt \u00fcber eine leichte Isolierung sowie ein windsch\u00fctzendes Gewebe vorne und oben am R\u00fccken sowie \u00fcber elastisches Jerseygewebe an den Seiten und am R\u00fccken. Das Ergebnis ist eine funktionelle Multisportjacke, die bei intensivem Training an k\u00fchlen Herbst- und Wintertagen hervorragenden Windschutz, Isolierung und Feuchtigkeitstransport bietet. Die Jacke verf\u00fcgt ausserdem \u00fcber zwei Seitentaschen mit Reissverschluss zur sicheren Aufbewahrung von Schl\u00fcsseln usw.<\/p>\n<p>\u2022 Windsch\u00fctzender Stoff an der Vorderseite und am oberen R\u00fccken<br \/>\n\u2022 Leichte Polyesterisolierung an der Vorderseite und am oberen R\u00fccken<br \/>\n\u2022 Elastischer Jerseystoff an den Seiten und auf der R\u00fcckseite<br \/>\n- Deux poches lat\u00e9rales avec fermeture \u00e9clair<br \/>\n- Impression r\u00e9fl\u00e9chissante \u00e0 l'arri\u00e8re<br \/>\n- Coupe normale<\/p>\n<p>Material: Front Body Sleeves86% Recyceltes Polyamid, 14% Elastan, Padding 100% Recycelter Polyester, Back Body Sleeves 77% Recycelter Polyester, 23% Elastan<\/p>","protected":false},"excerpt":{"rendered":"<p>Das Adv Essence Warm Jacket 3 ist eine warme und windsch\u00fctzende Multisportjacke f\u00fcr intensives Training bei kalten Bedingungen. Die vielseitige Trainingsjacke verf\u00fcgt \u00fcber eine leichte Isolierung sowie ein windsch\u00fctzendes Gewebe vorne und oben am R\u00fccken sowie \u00fcber elastisches Jerseygewebe an den Seiten und am R\u00fccken. Das Ergebnis ist eine funktionelle Multisportjacke, die bei intensivem Training [&hellip;]<\/p>\n","protected":false},"featured_media":739737,"template":"","meta":[],"product_brand":[],"product_cat":[4186],"product_tag":[],"class_list":{"0":"post-739708","1":"product","2":"type-product","3":"status-publish","4":"has-post-thumbnail","6":"product_cat-jacken","7":"pa_brand-craft","8":"pa_brand-type-sportswear","9":"pa_filter-color-blau","10":"pa_filter-color-gruen","11":"pa_filter-color-schwarz","13":"first","14":"instock","15":"sale","16":"taxable","17":"shipping-taxable","18":"purchasable","19":"product-type-variable","20":"add-to-wishlist-before_image"},"exclude_global_add_ons":[],"addons":[],"acf":[],"_links":{"self":[{"href":"https:\/\/shop.kustom.ch\/fr\/wp-json\/wp\/v2\/product\/739708"}],"collection":[{"href":"https:\/\/shop.kustom.ch\/fr\/wp-json\/wp\/v2\/product"}],"about":[{"href":"https:\/\/shop.kustom.ch\/fr\/wp-json\/wp\/v2\/types\/product"}],"wp:featuredmedia":[{"embeddable":true,"href":"https:\/\/shop.kustom.ch\/fr\/wp-json\/wp\/v2\/media\/739737"}],"wp:attachment":[{"href":"https:\/\/shop.kustom.ch\/fr\/wp-json\/wp\/v2\/media?parent=739708"}],"wp:term":[{"taxonomy":"product_brand","embeddable":true,"href":"https:\/\/shop.kustom.ch\/fr\/wp-json\/wp\/v2\/product_brand?post=739708"},{"taxonomy":"product_cat","embeddable":true,"href":"https:\/\/shop.kustom.ch\/fr\/wp-json\/wp\/v2\/product_cat?post=739708"},{"taxonomy":"product_tag","embeddable":true,"href":"https:\/\/shop.kustom.ch\/fr\/wp-json\/wp\/v2\/product_tag?post=739708"}],"curies":[{"name":"wp","href":"https:\/\/api.w.org\/{rel}","templated":true}]}}