{"id":739579,"date":"2026-04-16T10:04:49","date_gmt":"2026-04-16T09:04:49","guid":{"rendered":"https:\/\/shop.kustom.ch\/?post_type=product&#038;p=739579"},"modified":"2026-04-16T10:05:33","modified_gmt":"2026-04-16T09:05:33","slug":"active-comfort-ss-2-w","status":"publish","type":"product","link":"https:\/\/shop.kustom.ch\/fr\/produit\/active-comfort-ss-2-w\/","title":{"rendered":"Active Comfort SS 2 W"},"content":{"rendered":"<p>L'Active Comfort SS 2 est un t-shirt Baselayer doux et fonctionnel qui convient parfaitement \u00e0 presque toutes les activit\u00e9s, de l'entra\u00eenement quotidien au ski alpin, en passant par le trekking et les apr\u00e8s-skis d\u00e9contract\u00e9s. D\u00e9sormais fabriqu\u00e9 \u00e0 partir de 100 mat\u00e9riaux recycl\u00e9s %.<\/p>\n<p>Ce baselayer polyvalent et extr\u00eamement confortable est compos\u00e9 de polyamide recycl\u00e9 100% et de polyester, un m\u00e9lange doux et fonctionnel qui offre \u00e0 la fois chaleur et \u00e9vacuation efficace de l'humidit\u00e9. De plus, ce v\u00eatement poss\u00e8de peu de coutures et une structure proche du corps pour une meilleure r\u00e9gulation de la chaleur. Si vous n'avez besoin que d'un seul baselayer pour toutes vos s\u00e9ances d'entra\u00eenement et activit\u00e9s physiques, c'est celui qu'il vous faut.<\/p>\n<p>- Tissu doux et fonctionnel, en partie compos\u00e9 de 100 % de mat\u00e9riaux recycl\u00e9s<br \/>\n- Structure bodymapping pour une meilleure r\u00e9gulation de la chaleur<br \/>\n- Peu de coutures pour un confort optimal<br \/>\n- Coutures flatlock qui suivent les mouvements du corps<\/p>\n<p>Mati\u00e8re : 75% polyamide recycl\u00e9, 25% polyester recycl\u00e9<\/p>","protected":false},"excerpt":{"rendered":"<p>Das Active Comfort SS 2 ist ein weiches und funktionelles Baselayer-T-Shirt, das sich hervorragend f\u00fcr fast jede Aktivit\u00e4t eignet, vom t\u00e4glichen Training bis hin zum alpinen Skifahren, Trekking und entspannten Apr\u00e8s-Ski. Jetzt aus 100 % recycelten Materialien hergestellt. Dieser vielseitige und \u00e4usserst komfortable Baselayer besteht aus 100% recyceltem Polyamid und Polyester, einer weichen und funktionellen [&hellip;]<\/p>\n","protected":false},"featured_media":739616,"template":"","meta":[],"product_brand":[],"product_cat":[4201],"product_tag":[],"class_list":{"0":"post-739579","1":"product","2":"type-product","3":"status-publish","4":"has-post-thumbnail","6":"product_cat-t-shirts","7":"pa_brand-craft","8":"pa_brand-type-sportswear","9":"pa_filter-color-grau","10":"pa_filter-color-schwarz","12":"first","13":"instock","14":"sale","15":"taxable","16":"shipping-taxable","17":"purchasable","18":"product-type-variable","19":"add-to-wishlist-before_image"},"exclude_global_add_ons":[],"addons":[],"acf":[],"_links":{"self":[{"href":"https:\/\/shop.kustom.ch\/fr\/wp-json\/wp\/v2\/product\/739579"}],"collection":[{"href":"https:\/\/shop.kustom.ch\/fr\/wp-json\/wp\/v2\/product"}],"about":[{"href":"https:\/\/shop.kustom.ch\/fr\/wp-json\/wp\/v2\/types\/product"}],"wp:featuredmedia":[{"embeddable":true,"href":"https:\/\/shop.kustom.ch\/fr\/wp-json\/wp\/v2\/media\/739616"}],"wp:attachment":[{"href":"https:\/\/shop.kustom.ch\/fr\/wp-json\/wp\/v2\/media?parent=739579"}],"wp:term":[{"taxonomy":"product_brand","embeddable":true,"href":"https:\/\/shop.kustom.ch\/fr\/wp-json\/wp\/v2\/product_brand?post=739579"},{"taxonomy":"product_cat","embeddable":true,"href":"https:\/\/shop.kustom.ch\/fr\/wp-json\/wp\/v2\/product_cat?post=739579"},{"taxonomy":"product_tag","embeddable":true,"href":"https:\/\/shop.kustom.ch\/fr\/wp-json\/wp\/v2\/product_tag?post=739579"}],"curies":[{"name":"wp","href":"https:\/\/api.w.org\/{rel}","templated":true}]}}