{"id":739353,"date":"2026-04-16T10:01:46","date_gmt":"2026-04-16T09:01:46","guid":{"rendered":"https:\/\/shop.kustom.ch\/?post_type=product&#038;p=739353"},"modified":"2026-04-16T10:03:28","modified_gmt":"2026-04-16T09:03:28","slug":"collective-zip-sweater-w","status":"publish","type":"product","link":"https:\/\/shop.kustom.ch\/fr\/produit\/collective-zip-sweater-w\/","title":{"rendered":"Sweat zipp\u00e9 collectif W"},"content":{"rendered":"<p>Der Collective Zip Sweater ist ein klassisches Trainings-Essential, perfekt zum Aufw\u00e4rmen oder zum Tragen auf dem Weg zum Training und danach.<\/p>\n<p>Dieser vielseitige Pullover aus weichem, dehnbarem Polyester mit aufgerauter Oberfl\u00e4che bietet hervorragende Bewegungsfreiheit und ein glattes, angenehmes Gef\u00fchl auf der Haut. Er verf\u00fcgt \u00fcber einen Kragen im Bomberjackenstil und l\u00e4sst sich m\u00fchelos unter einer w\u00e4rmeren Jacke tragen, sodass es sich ideal f\u00fcr den Einsatz im Innen- und Aussenbereich eignet.<\/p>\n<p>- Tissu fonctionnel et \u00e9lastique en polyester recycl\u00e9 et \u00e9lasthanne<br \/>\n- int\u00e9rieur gratt\u00e9<br \/>\n- Deux poches lat\u00e9rales avec fermeture \u00e9clair<br \/>\n- Coupe normale<\/p>\n<p>Mati\u00e8re : polyester recycl\u00e9 77%, \u00e9lasthanne 23%<\/p>","protected":false},"excerpt":{"rendered":"<p>Der Collective Zip Sweater ist ein klassisches Trainings-Essential, perfekt zum Aufw\u00e4rmen oder zum Tragen auf dem Weg zum Training und danach. Dieser vielseitige Pullover aus weichem, dehnbarem Polyester mit aufgerauter Oberfl\u00e4che bietet hervorragende Bewegungsfreiheit und ein glattes, angenehmes Gef\u00fchl auf der Haut. Er verf\u00fcgt \u00fcber einen Kragen im Bomberjackenstil und l\u00e4sst sich m\u00fchelos unter einer [&hellip;]<\/p>\n","protected":false},"featured_media":739406,"template":"","meta":[],"product_brand":[],"product_cat":[4191],"product_tag":[],"class_list":{"0":"post-739353","1":"product","2":"type-product","3":"status-publish","4":"has-post-thumbnail","6":"product_cat-longsleeves-sweatshirts","7":"pa_brand-craft","8":"pa_brand-type-sportswear","9":"pa_filter-color-blau","10":"pa_filter-color-gruen","11":"pa_filter-color-schwarz","12":"pa_filter-color-violet","14":"first","15":"instock","16":"sale","17":"taxable","18":"shipping-taxable","19":"purchasable","20":"product-type-variable","21":"add-to-wishlist-before_image"},"exclude_global_add_ons":[],"addons":[],"acf":[],"_links":{"self":[{"href":"https:\/\/shop.kustom.ch\/fr\/wp-json\/wp\/v2\/product\/739353"}],"collection":[{"href":"https:\/\/shop.kustom.ch\/fr\/wp-json\/wp\/v2\/product"}],"about":[{"href":"https:\/\/shop.kustom.ch\/fr\/wp-json\/wp\/v2\/types\/product"}],"wp:featuredmedia":[{"embeddable":true,"href":"https:\/\/shop.kustom.ch\/fr\/wp-json\/wp\/v2\/media\/739406"}],"wp:attachment":[{"href":"https:\/\/shop.kustom.ch\/fr\/wp-json\/wp\/v2\/media?parent=739353"}],"wp:term":[{"taxonomy":"product_brand","embeddable":true,"href":"https:\/\/shop.kustom.ch\/fr\/wp-json\/wp\/v2\/product_brand?post=739353"},{"taxonomy":"product_cat","embeddable":true,"href":"https:\/\/shop.kustom.ch\/fr\/wp-json\/wp\/v2\/product_cat?post=739353"},{"taxonomy":"product_tag","embeddable":true,"href":"https:\/\/shop.kustom.ch\/fr\/wp-json\/wp\/v2\/product_tag?post=739353"}],"curies":[{"name":"wp","href":"https:\/\/api.w.org\/{rel}","templated":true}]}}