{"id":739156,"date":"2026-04-16T09:58:54","date_gmt":"2026-04-16T08:58:54","guid":{"rendered":"https:\/\/shop.kustom.ch\/?post_type=product&#038;p=739156"},"modified":"2026-04-16T09:59:43","modified_gmt":"2026-04-16T08:59:43","slug":"subz-light-hood-sweater-w","status":"publish","type":"product","link":"https:\/\/shop.kustom.ch\/fr\/produit\/subz-light-hood-sweater-w\/","title":{"rendered":"Sweat \u00e0 capuche SubZ Light W"},"content":{"rendered":"<p>Le SubZ Light Hood Sweater est un sur-pull polyvalent avec une face avant isol\u00e9e, con\u00e7u aussi bien pour l'entra\u00eenement par temps froid que pour un usage quotidien.<\/p>\n<p>Ce sweat \u00e0 capuche est fabriqu\u00e9 dans un tissu jersey fonctionnel avec un int\u00e9rieur en forme de grille qui cr\u00e9e des canaux d'air pour une meilleure r\u00e9gulation de la temp\u00e9rature corporelle. Le devant est renforc\u00e9 par du polyester r\u00e9sistant au vent et \u00e0 l'eau et doubl\u00e9 d'une isolation PrimaLoft bross\u00e9e qui vous garde au chaud quand il fait froid et qu'il y a du vent. Une courte fermeture \u00e9clair frontale permet de l'enfiler et de l'enlever facilement, tandis que des poign\u00e9es pour le pouce aux extr\u00e9mit\u00e9s des manches assurent un bon maintien autour des poignets. Sa coupe ample et son design d\u00e9contract\u00e9 font de ce pull un choix polyvalent, parfait aussi bien pour les entra\u00eenements intensifs que pour la vie quotidienne.<\/p>\n<p>- Tissu en jersey avec structure grillag\u00e9e \u00e0 l'int\u00e9rieur pour une meilleure isolation<br \/>\n- polyester r\u00e9sistant au vent et \u00e0 l'eau avec effet froiss\u00e9 sur le devant<br \/>\n- Doublure PrimaLoft bross\u00e9e sur le devant<br \/>\n- Poign\u00e9e de pouce aux extr\u00e9mit\u00e9s des manches<br \/>\n- Courte fermeture \u00e9clair \u00e0 l'avant<br \/>\n- Impression r\u00e9fl\u00e9chissante sur le devant, le dos et les manches<br \/>\n- Coupe d\u00e9contract\u00e9e<\/p>\n<p>Composition : corps avant 100% polyamide recycl\u00e9, corps 88% polyester recycl\u00e9, 12% \u00e9lasthanne, doublure 100% polyester recycl\u00e9<\/p>","protected":false},"excerpt":{"rendered":"<p>Der SubZ Light Hood Sweater ist ein vielseitiger \u00dcberziehpullover mit isolierter Vorderseite, der sowohl f\u00fcr das Training bei kaltem Wetter als auch f\u00fcr den t\u00e4glichen Gebrauch konzipiert ist. Dieser Kapuzenpullover ist aus einem funktionellen Jerseystoff mit gitterartiger Innenseite gefertigt, die Luftkan\u00e4le f\u00fcr eine bessere Regulierung der K\u00f6rpertemperatur schafft. Die Vorderseite ist mit wind- und wasserabweisendem [&hellip;]<\/p>\n","protected":false},"featured_media":739172,"template":"","meta":[],"product_brand":[],"product_cat":[4184],"product_tag":[],"class_list":{"0":"post-739156","1":"product","2":"type-product","3":"status-publish","4":"has-post-thumbnail","6":"product_cat-hoodies-pullover","7":"pa_brand-craft","8":"pa_brand-type-sportswear","9":"pa_filter-color-grau","10":"pa_filter-color-gruen","12":"first","13":"instock","14":"sale","15":"taxable","16":"shipping-taxable","17":"purchasable","18":"product-type-variable","19":"add-to-wishlist-before_image"},"exclude_global_add_ons":[],"addons":[],"acf":[],"_links":{"self":[{"href":"https:\/\/shop.kustom.ch\/fr\/wp-json\/wp\/v2\/product\/739156"}],"collection":[{"href":"https:\/\/shop.kustom.ch\/fr\/wp-json\/wp\/v2\/product"}],"about":[{"href":"https:\/\/shop.kustom.ch\/fr\/wp-json\/wp\/v2\/types\/product"}],"wp:featuredmedia":[{"embeddable":true,"href":"https:\/\/shop.kustom.ch\/fr\/wp-json\/wp\/v2\/media\/739172"}],"wp:attachment":[{"href":"https:\/\/shop.kustom.ch\/fr\/wp-json\/wp\/v2\/media?parent=739156"}],"wp:term":[{"taxonomy":"product_brand","embeddable":true,"href":"https:\/\/shop.kustom.ch\/fr\/wp-json\/wp\/v2\/product_brand?post=739156"},{"taxonomy":"product_cat","embeddable":true,"href":"https:\/\/shop.kustom.ch\/fr\/wp-json\/wp\/v2\/product_cat?post=739156"},{"taxonomy":"product_tag","embeddable":true,"href":"https:\/\/shop.kustom.ch\/fr\/wp-json\/wp\/v2\/product_tag?post=739156"}],"curies":[{"name":"wp","href":"https:\/\/api.w.org\/{rel}","templated":true}]}}