{"id":738457,"date":"2026-04-16T09:51:52","date_gmt":"2026-04-16T08:51:52","guid":{"rendered":"https:\/\/shop.kustom.ch\/?post_type=product&#038;p=738457"},"modified":"2026-04-16T09:52:16","modified_gmt":"2026-04-16T08:52:16","slug":"adv-essence-2-shorts-2-w","status":"publish","type":"product","link":"https:\/\/shop.kustom.ch\/fr\/produit\/adv-essence-2-shorts-2-w\/","title":{"rendered":"ADV Essence 2\u2033 Short 2 W"},"content":{"rendered":"<p>ADV Essence 2\u201d Stretch Shorts 2 sind sofort beliebte Trainingsshorts mit toller Passform und hervorragender Funktion. Diese fortschrittlichen Trainingsshorts bestehen aus recyceltem Polyester mit hoher Dehnbarkeit und h\u00f6herem Schnitt an den Seiten und sind das ideale Kleidungsst\u00fcck f\u00fcr die meisten Arten intensiver k\u00f6rperlicher Aktivit\u00e4ten. Dar\u00fcber hinaus sorgen perforierte Details f\u00fcr eine verbesserte Bel\u00fcftung und optimalen Komfort.<\/p>\n<p>- Tissu stretch fonctionnel en polyester recycl\u00e9 et \u00e9lasthanne<br \/>\n- Pantalon int\u00e9rieur \u00e9lastique<br \/>\n- D\u00e9tails perfor\u00e9s<br \/>\n- Impressions r\u00e9fl\u00e9chissantes pour une meilleure visibilit\u00e9<br \/>\n- Cordon de serrage r\u00e9glable \u00e0 la taille du pantalon<br \/>\n- Poche cach\u00e9e \u00e0 la taille<br \/>\n- longueur d'entrejambe d'environ 5,5 cm pour la taille M<\/p>","protected":false},"excerpt":{"rendered":"<p>ADV Essence 2\u201d Stretch Shorts 2 sind sofort beliebte Trainingsshorts mit toller Passform und hervorragender Funktion. Diese fortschrittlichen Trainingsshorts bestehen aus recyceltem Polyester mit hoher Dehnbarkeit und h\u00f6herem Schnitt an den Seiten und sind das ideale Kleidungsst\u00fcck f\u00fcr die meisten Arten intensiver k\u00f6rperlicher Aktivit\u00e4ten. Dar\u00fcber hinaus sorgen perforierte Details f\u00fcr eine verbesserte Bel\u00fcftung und optimalen [&hellip;]<\/p>\n","protected":false},"featured_media":738460,"template":"","meta":[],"product_brand":[],"product_cat":[4198],"product_tag":[],"class_list":{"0":"post-738457","1":"product","2":"type-product","3":"status-publish","4":"has-post-thumbnail","6":"product_cat-shorts","7":"pa_brand-craft","8":"pa_brand-type-sportswear","9":"pa_filter-color-blau","10":"pa_filter-color-grau","11":"pa_filter-color-gruen","13":"first","14":"instock","15":"sale","16":"taxable","17":"shipping-taxable","18":"purchasable","19":"product-type-variable","20":"add-to-wishlist-before_image"},"exclude_global_add_ons":[],"addons":[],"acf":[],"_links":{"self":[{"href":"https:\/\/shop.kustom.ch\/fr\/wp-json\/wp\/v2\/product\/738457"}],"collection":[{"href":"https:\/\/shop.kustom.ch\/fr\/wp-json\/wp\/v2\/product"}],"about":[{"href":"https:\/\/shop.kustom.ch\/fr\/wp-json\/wp\/v2\/types\/product"}],"wp:featuredmedia":[{"embeddable":true,"href":"https:\/\/shop.kustom.ch\/fr\/wp-json\/wp\/v2\/media\/738460"}],"wp:attachment":[{"href":"https:\/\/shop.kustom.ch\/fr\/wp-json\/wp\/v2\/media?parent=738457"}],"wp:term":[{"taxonomy":"product_brand","embeddable":true,"href":"https:\/\/shop.kustom.ch\/fr\/wp-json\/wp\/v2\/product_brand?post=738457"},{"taxonomy":"product_cat","embeddable":true,"href":"https:\/\/shop.kustom.ch\/fr\/wp-json\/wp\/v2\/product_cat?post=738457"},{"taxonomy":"product_tag","embeddable":true,"href":"https:\/\/shop.kustom.ch\/fr\/wp-json\/wp\/v2\/product_tag?post=738457"}],"curies":[{"name":"wp","href":"https:\/\/api.w.org\/{rel}","templated":true}]}}