{"id":738308,"date":"2026-04-16T09:50:07","date_gmt":"2026-04-16T08:50:07","guid":{"rendered":"https:\/\/shop.kustom.ch\/?post_type=product&#038;p=738308"},"modified":"2026-04-16T09:50:59","modified_gmt":"2026-04-16T08:50:59","slug":"subz-jacket-4-w","status":"publish","type":"product","link":"https:\/\/shop.kustom.ch\/fr\/produit\/subz-jacket-4-w\/","title":{"rendered":"Veste SubZ 4 W"},"content":{"rendered":"<p>La SubZ Jacket 4 est une veste de course tr\u00e8s fonctionnelle avec une fine isolation qui vous garde au chaud lors d'une course intensive dans des conditions hivernales froides. <\/p>\n<p>Cette veste performante pour temps froid poss\u00e8de un devant coupe-vent avec une l\u00e9g\u00e8re isolation dans une conception coll\u00e9e \u00e0 3 couches qui offre une chaleur et un confort exceptionnels par temps frais. Les manches et le dos sont constitu\u00e9s d'un tissu jersey 2 couches doux et tiss\u00e9 avec une doublure en filet pour une meilleure isolation. La veste est \u00e9galement dot\u00e9e d'un tissu polyester perfor\u00e9 coupe-vent et d\u00e9perlant sur le devant du cou et le haut du dos pour une ventilation optimale. De plus, deux poches pratiques contribuent \u00e0 la polyvalence de ce v\u00eatement par temps froid et en font un excellent choix pour l'entra\u00eenement en hiver comme pour la vie quotidienne.<\/p>\n<p>- Tissu ext\u00e9rieur coupe-vent et isolation l\u00e9g\u00e8re dans une construction coll\u00e9e \u00e0 3 couches sur le devant<br \/>\n- Jersey 2 couches doux et r\u00e9f\u00e9renc\u00e9 avec doublure en filet aux manches et au dos<br \/>\n- Polyester perfor\u00e9 coupe-vent et d\u00e9perlant sur l'encolure avant et le haut du dos<br \/>\n- Deux poches zipp\u00e9es dissimul\u00e9es sur les coutures lat\u00e9rales<br \/>\n- Ourlet soud\u00e9 \u00e0 l'arri\u00e8re<br \/>\n- Impression r\u00e9fl\u00e9chissante sur les manches, devant et derri\u00e8re<br \/>\n- Coupe courte jusqu'aux hanches<\/p>\n<p>Mat\u00e9riaux : Front Body 100% Polyester recycl\u00e9, Padding 100% Polyester recycl\u00e9, Back BodySleeves 85% Polyester recycl\u00e9, 6% Polyester, 9% Elasthanne<\/p>","protected":false},"excerpt":{"rendered":"<p>Das SubZ Jacket 4 ist eine hochfunktionelle Laufjacke mit d\u00fcnner Isolierung, die Sie bei intensivem Laufen unter kalten Winterbedingungen warm h\u00e4lt. Diese leistungsstarke Jacke f\u00fcr kaltes Wetter hat eine windabweisende Vorderseite mit leichter Isolierung in einem verklebten 3-Lagen-Design, das an k\u00fchlen Tagen f\u00fcr hervorragende W\u00e4rme und Komfort sorgt. Die \u00c4rmel und der R\u00fccken bestehen aus [&hellip;]<\/p>\n","protected":false},"featured_media":738330,"template":"","meta":[],"product_brand":[],"product_cat":[4186],"product_tag":[],"class_list":{"0":"post-738308","1":"product","2":"type-product","3":"status-publish","4":"has-post-thumbnail","6":"product_cat-jacken","7":"pa_brand-craft","8":"pa_brand-type-sportswear","9":"pa_filter-color-blau","10":"pa_filter-color-grau","11":"pa_filter-color-schwarz","13":"first","14":"instock","15":"sale","16":"taxable","17":"shipping-taxable","18":"purchasable","19":"product-type-variable","20":"add-to-wishlist-before_image"},"exclude_global_add_ons":[],"addons":[],"acf":[],"_links":{"self":[{"href":"https:\/\/shop.kustom.ch\/fr\/wp-json\/wp\/v2\/product\/738308"}],"collection":[{"href":"https:\/\/shop.kustom.ch\/fr\/wp-json\/wp\/v2\/product"}],"about":[{"href":"https:\/\/shop.kustom.ch\/fr\/wp-json\/wp\/v2\/types\/product"}],"wp:featuredmedia":[{"embeddable":true,"href":"https:\/\/shop.kustom.ch\/fr\/wp-json\/wp\/v2\/media\/738330"}],"wp:attachment":[{"href":"https:\/\/shop.kustom.ch\/fr\/wp-json\/wp\/v2\/media?parent=738308"}],"wp:term":[{"taxonomy":"product_brand","embeddable":true,"href":"https:\/\/shop.kustom.ch\/fr\/wp-json\/wp\/v2\/product_brand?post=738308"},{"taxonomy":"product_cat","embeddable":true,"href":"https:\/\/shop.kustom.ch\/fr\/wp-json\/wp\/v2\/product_cat?post=738308"},{"taxonomy":"product_tag","embeddable":true,"href":"https:\/\/shop.kustom.ch\/fr\/wp-json\/wp\/v2\/product_tag?post=738308"}],"curies":[{"name":"wp","href":"https:\/\/api.w.org\/{rel}","templated":true}]}}