{"id":737987,"date":"2026-04-16T09:46:19","date_gmt":"2026-04-16T08:46:19","guid":{"rendered":"https:\/\/shop.kustom.ch\/?post_type=product&#038;p=737987"},"modified":"2026-04-16T09:47:02","modified_gmt":"2026-04-16T08:47:02","slug":"join-pile-fleece-fz-hood-w","status":"publish","type":"product","link":"https:\/\/shop.kustom.ch\/fr\/produit\/join-pile-fleece-fz-hood-w\/","title":{"rendered":"Join Pile Fleece FZ Hood W"},"content":{"rendered":"<p>Le Join Pile Fleece FZ Hood est un sweat-shirt en polaire doux et d\u00e9contract\u00e9 avec une fermeture \u00e9clair sur toute la longueur. Il convient aussi bien pour les aventures en plein air que pour la vie quotidienne.<\/p>\n<p>Ce v\u00eatement polyvalent en polaire, avec un int\u00e9rieur lisse et une coupe ample, est parfait pour \u00eatre port\u00e9 en couches, soit comme couche interm\u00e9diaire, soit comme couche ext\u00e9rieure. Il a un design clair avec deux poches lat\u00e9rales et des trous pour les pouces.<\/p>\n<p>- Tissu polaire en polyester recycl\u00e9 100%<br \/>\n- Int\u00e9rieur lisse<br \/>\n- Deux poches lat\u00e9rales<br \/>\n- trous pour les pouces aux extr\u00e9mit\u00e9s des manches<br \/>\n- Coupe d\u00e9contract\u00e9e<\/p>\n<p>Mati\u00e8re : 100% polyester recycl\u00e9<\/p>","protected":false},"excerpt":{"rendered":"<p>Der Join Pile Fleece FZ Hood ist ein weicher und l\u00e4ssiger Fleece-Hoodie mit durchgehendem Reissverschluss, der sowohl f\u00fcr Outdoor-Abenteuer als auch f\u00fcr den Alltag geeignet ist. Dieses vielseitige Kleidungsst\u00fcck aus Fleece mit einer glatten Innenseite und einer lockeren Passform eignet sich perfekt zum Schichten, entweder als mittlere oder als \u00e4ussere Schicht. Es hat ein klares [&hellip;]<\/p>\n","protected":false},"featured_media":738013,"template":"","meta":[],"product_brand":[],"product_cat":[4184],"product_tag":[],"class_list":{"0":"post-737987","1":"product","2":"type-product","3":"status-publish","4":"has-post-thumbnail","6":"product_cat-hoodies-pullover","7":"pa_brand-craft","8":"pa_brand-type-sportswear","9":"pa_filter-color-braun","10":"pa_filter-color-schwarz","12":"first","13":"instock","14":"sale","15":"taxable","16":"shipping-taxable","17":"purchasable","18":"product-type-variable","19":"add-to-wishlist-before_image"},"exclude_global_add_ons":[],"addons":[],"acf":[],"_links":{"self":[{"href":"https:\/\/shop.kustom.ch\/fr\/wp-json\/wp\/v2\/product\/737987"}],"collection":[{"href":"https:\/\/shop.kustom.ch\/fr\/wp-json\/wp\/v2\/product"}],"about":[{"href":"https:\/\/shop.kustom.ch\/fr\/wp-json\/wp\/v2\/types\/product"}],"wp:featuredmedia":[{"embeddable":true,"href":"https:\/\/shop.kustom.ch\/fr\/wp-json\/wp\/v2\/media\/738013"}],"wp:attachment":[{"href":"https:\/\/shop.kustom.ch\/fr\/wp-json\/wp\/v2\/media?parent=737987"}],"wp:term":[{"taxonomy":"product_brand","embeddable":true,"href":"https:\/\/shop.kustom.ch\/fr\/wp-json\/wp\/v2\/product_brand?post=737987"},{"taxonomy":"product_cat","embeddable":true,"href":"https:\/\/shop.kustom.ch\/fr\/wp-json\/wp\/v2\/product_cat?post=737987"},{"taxonomy":"product_tag","embeddable":true,"href":"https:\/\/shop.kustom.ch\/fr\/wp-json\/wp\/v2\/product_tag?post=737987"}],"curies":[{"name":"wp","href":"https:\/\/api.w.org\/{rel}","templated":true}]}}