{"id":737834,"date":"2026-04-16T09:44:31","date_gmt":"2026-04-16T08:44:31","guid":{"rendered":"https:\/\/shop.kustom.ch\/?post_type=product&#038;p=737834"},"modified":"2026-04-16T09:45:20","modified_gmt":"2026-04-16T08:45:20","slug":"core-essence-ss-tee-2-w","status":"publish","type":"product","link":"https:\/\/shop.kustom.ch\/fr\/produit\/core-essence-ss-tee-2-w\/","title":{"rendered":"CORE Essence Ss Tee 2 W"},"content":{"rendered":"<p>Le CORE Essence Tee 2 est un t-shirt d'entra\u00eenement fonctionnel, id\u00e9al pour l'entra\u00eenement quotidien. Ce t-shirt polyvalent est fabriqu\u00e9 en jersey recycl\u00e9, qui assure un grand transfert d'humidit\u00e9 et un toucher doux.<\/p>\n<p>- Tissu jersey doux et fonctionnel en polyester recycl\u00e9<br \/>\n- Coupe normale<\/p>","protected":false},"excerpt":{"rendered":"<p>CORE Essence Tee 2 ist ein funktionelles Trainings-T-Shirt, das sich hervorragend f\u00fcr den Trainingsalltag eignet. Dieses vielseitige T-Shirt besteht aus recyceltem Jersey-Material, das f\u00fcr einen grossartigen Feuchtigkeitstransport und einen weichen Griff sorgt. \u2022 Weicher und funktioneller Jerseystoff aus recyceltem Polyester \u2022 Normaler Schnitt<\/p>","protected":false},"featured_media":737872,"template":"","meta":[],"product_brand":[],"product_cat":[4201],"product_tag":[],"class_list":{"0":"post-737834","1":"product","2":"type-product","3":"status-publish","4":"has-post-thumbnail","6":"product_cat-t-shirts","7":"pa_brand-craft","8":"pa_brand-type-sportswear","9":"pa_filter-color-blau","10":"pa_filter-color-orange","11":"pa_filter-color-weiss","13":"first","14":"instock","15":"sale","16":"taxable","17":"shipping-taxable","18":"purchasable","19":"product-type-variable","20":"add-to-wishlist-before_image"},"exclude_global_add_ons":[],"addons":[],"acf":[],"_links":{"self":[{"href":"https:\/\/shop.kustom.ch\/fr\/wp-json\/wp\/v2\/product\/737834"}],"collection":[{"href":"https:\/\/shop.kustom.ch\/fr\/wp-json\/wp\/v2\/product"}],"about":[{"href":"https:\/\/shop.kustom.ch\/fr\/wp-json\/wp\/v2\/types\/product"}],"wp:featuredmedia":[{"embeddable":true,"href":"https:\/\/shop.kustom.ch\/fr\/wp-json\/wp\/v2\/media\/737872"}],"wp:attachment":[{"href":"https:\/\/shop.kustom.ch\/fr\/wp-json\/wp\/v2\/media?parent=737834"}],"wp:term":[{"taxonomy":"product_brand","embeddable":true,"href":"https:\/\/shop.kustom.ch\/fr\/wp-json\/wp\/v2\/product_brand?post=737834"},{"taxonomy":"product_cat","embeddable":true,"href":"https:\/\/shop.kustom.ch\/fr\/wp-json\/wp\/v2\/product_cat?post=737834"},{"taxonomy":"product_tag","embeddable":true,"href":"https:\/\/shop.kustom.ch\/fr\/wp-json\/wp\/v2\/product_tag?post=737834"}],"curies":[{"name":"wp","href":"https:\/\/api.w.org\/{rel}","templated":true}]}}