{"id":737677,"date":"2026-04-16T09:42:54","date_gmt":"2026-04-16T08:42:54","guid":{"rendered":"https:\/\/shop.kustom.ch\/?post_type=product&#038;p=737677"},"modified":"2026-04-16T09:43:14","modified_gmt":"2026-04-16T08:43:14","slug":"adv-explore-shell-pants-m","status":"publish","type":"product","link":"https:\/\/shop.kustom.ch\/fr\/produit\/adv-explore-shell-pants-m\/","title":{"rendered":"ADV Explore Shell Pants M"},"content":{"rendered":"<p>Adv Explore Shell Pants sind funktionelle, strapazierf\u00e4hige und wasserdichte Shell-Hosen, die f\u00fcr Outdoor-Aktivit\u00e4ten bei kalten und nassen Bedingungen entwickelt wurden.<\/p>\n<p>Diese Mehrzweck- Shell-Hose besteht aus einem 3-Lagen-Gewebe und verf\u00fcgt \u00fcber vollst\u00e4ndig verschweisste N\u00e4hte f\u00fcr optimalen Wetterschutz. Die Hose verf\u00fcgt \u00fcber wasserfeste Bel\u00fcftungsreissverschl\u00fcsse an den Seiten f\u00fcr eine effiziente Regulierung der K\u00f6rpertemperatur, zwei Reissverschlusstaschen und einen verstellbaren Kordelzug am Ges\u00e4ss. Eine perfekte Wahl f\u00fcr Alpinski, Skitouren, Schneeschuhwanderungen und \u00e4hnliche Outdoor-Aktivit\u00e4ten, die hochfunktionelle Shell-Kleidung erfordern.<\/p>\n<p>\u2022 3-Lagen-Gewebe aus recyceltem Polyester (WP 15\u2018000\/MVP 15\u2018000)<br \/>\n- Coutures soud\u00e9es<br \/>\n\u2022 Wasserdichter Bel\u00fcftungsreissverschluss an den Seiten<br \/>\n\u2022 Kordelzug unten zur Weitenregulierung<br \/>\n- Deux poches \u00e0 fermeture \u00e9clair<br \/>\n- Coupe normale<\/p>\n<p>Material: Face 100% Recycelter Polyester, Middle 100% Thermoplastic Polyurethan, Back 100% Polyester<\/p>","protected":false},"excerpt":{"rendered":"<p>Adv Explore Shell Pants sind funktionelle, strapazierf\u00e4hige und wasserdichte Shell-Hosen, die f\u00fcr Outdoor-Aktivit\u00e4ten bei kalten und nassen Bedingungen entwickelt wurden. Diese Mehrzweck- Shell-Hose besteht aus einem 3-Lagen-Gewebe und verf\u00fcgt \u00fcber vollst\u00e4ndig verschweisste N\u00e4hte f\u00fcr optimalen Wetterschutz. Die Hose verf\u00fcgt \u00fcber wasserfeste Bel\u00fcftungsreissverschl\u00fcsse an den Seiten f\u00fcr eine effiziente Regulierung der K\u00f6rpertemperatur, zwei Reissverschlusstaschen und einen [&hellip;]<\/p>\n","protected":false},"featured_media":737681,"template":"","meta":[],"product_brand":[],"product_cat":[4185],"product_tag":[],"class_list":{"0":"post-737677","1":"product","2":"type-product","3":"status-publish","4":"has-post-thumbnail","6":"product_cat-hosen","7":"pa_brand-craft","8":"pa_brand-type-sportswear","9":"pa_filter-color-schwarz","11":"first","12":"instock","13":"sale","14":"taxable","15":"shipping-taxable","16":"purchasable","17":"product-type-variable","18":"add-to-wishlist-before_image"},"exclude_global_add_ons":[],"addons":[],"acf":[],"_links":{"self":[{"href":"https:\/\/shop.kustom.ch\/fr\/wp-json\/wp\/v2\/product\/737677"}],"collection":[{"href":"https:\/\/shop.kustom.ch\/fr\/wp-json\/wp\/v2\/product"}],"about":[{"href":"https:\/\/shop.kustom.ch\/fr\/wp-json\/wp\/v2\/types\/product"}],"wp:featuredmedia":[{"embeddable":true,"href":"https:\/\/shop.kustom.ch\/fr\/wp-json\/wp\/v2\/media\/737681"}],"wp:attachment":[{"href":"https:\/\/shop.kustom.ch\/fr\/wp-json\/wp\/v2\/media?parent=737677"}],"wp:term":[{"taxonomy":"product_brand","embeddable":true,"href":"https:\/\/shop.kustom.ch\/fr\/wp-json\/wp\/v2\/product_brand?post=737677"},{"taxonomy":"product_cat","embeddable":true,"href":"https:\/\/shop.kustom.ch\/fr\/wp-json\/wp\/v2\/product_cat?post=737677"},{"taxonomy":"product_tag","embeddable":true,"href":"https:\/\/shop.kustom.ch\/fr\/wp-json\/wp\/v2\/product_tag?post=737677"}],"curies":[{"name":"wp","href":"https:\/\/api.w.org\/{rel}","templated":true}]}}