{"id":737485,"date":"2026-04-16T09:40:45","date_gmt":"2026-04-16T08:40:45","guid":{"rendered":"https:\/\/shop.kustom.ch\/?post_type=product&#038;p=737485"},"modified":"2026-04-16T09:41:36","modified_gmt":"2026-04-16T08:41:36","slug":"subz-light-jacket-m","status":"publish","type":"product","link":"https:\/\/shop.kustom.ch\/fr\/produit\/subz-light-jacket-m\/","title":{"rendered":"Veste SubZ Light M"},"content":{"rendered":"<p>La veste SubZ Light Jacket est une veste d'entra\u00eenement polyvalente avec capuche et devant isol\u00e9, con\u00e7ue aussi bien pour les entra\u00eenements par temps froid que pour la vie quotidienne.<\/p>\n<p>Cette veste \u00e0 capuche est fabriqu\u00e9e en polyester tiss\u00e9 l\u00e9ger et dispose d'une fine isolation PrimaLoft qui vous garde au chaud par temps froid et venteux. De plus, la doublure en jersey doux au niveau du torse assure une excellente fonctionnalit\u00e9 et une chaleur am\u00e9lior\u00e9e. La coupe d\u00e9tendue et le design d\u00e9contract\u00e9 font de cette veste d'entra\u00eenement par temps froid un choix polyvalent, parfait pour les s\u00e9ances d'entra\u00eenement intensives comme pour la vie quotidienne.<\/p>\n<p>- polyester r\u00e9sistant au vent et \u00e0 l'eau avec effet froiss\u00e9<br \/>\n- Isolation PrimaLoft fine, l\u00e9g\u00e8re et bross\u00e9e (20 g\/m\u00b2)<br \/>\n- Doublure douce en jersey au niveau du torse<br \/>\n- R\u00e9glage cach\u00e9 de la capuche<br \/>\n- Boucle \u00e0 l'ext\u00e9rieur du cou pour ranger la capuche<br \/>\n- Deux poches lat\u00e9rales cach\u00e9es avec fermeture \u00e9clair<br \/>\n- Impression r\u00e9fl\u00e9chissante sur le devant, le dos et les manches<br \/>\n- Coupe d\u00e9contract\u00e9e<\/p>\n<p>Mat\u00e9riaux : Corps 100% Polyamide recycl\u00e9, Doublure Polyester recycl\u00e9, Padding Hood 100% Polyester<\/p>","protected":false},"excerpt":{"rendered":"<p>Das SubZ Light Jacket ist eine vielseitige Trainingsjacke mit Kapuze und isolierter Vorderseite, die sowohl f\u00fcr Workouts bei kaltem Wetter als auch f\u00fcr den Alltag konzipiert ist. Diese Kapuzenjacke ist aus leichtem, gewebtem Polyestergewebe gefertigt und verf\u00fcgt \u00fcber eine d\u00fcnne PrimaLoft-Isolierung, die Sie bei K\u00e4lte und Wind warm h\u00e4lt. Dar\u00fcber hinaus sorgt das weiche Jersey-Futter [&hellip;]<\/p>\n","protected":false},"featured_media":737525,"template":"","meta":[],"product_brand":[],"product_cat":[4186],"product_tag":[],"class_list":{"0":"post-737485","1":"product","2":"type-product","3":"status-publish","4":"has-post-thumbnail","6":"product_cat-jacken","7":"pa_brand-craft","8":"pa_brand-type-sportswear","9":"pa_filter-color-beige","10":"pa_filter-color-schwarz","11":"pa_filter-color-violet","13":"first","14":"instock","15":"sale","16":"taxable","17":"shipping-taxable","18":"purchasable","19":"product-type-variable","20":"add-to-wishlist-before_image"},"exclude_global_add_ons":[],"addons":[],"acf":[],"_links":{"self":[{"href":"https:\/\/shop.kustom.ch\/fr\/wp-json\/wp\/v2\/product\/737485"}],"collection":[{"href":"https:\/\/shop.kustom.ch\/fr\/wp-json\/wp\/v2\/product"}],"about":[{"href":"https:\/\/shop.kustom.ch\/fr\/wp-json\/wp\/v2\/types\/product"}],"wp:featuredmedia":[{"embeddable":true,"href":"https:\/\/shop.kustom.ch\/fr\/wp-json\/wp\/v2\/media\/737525"}],"wp:attachment":[{"href":"https:\/\/shop.kustom.ch\/fr\/wp-json\/wp\/v2\/media?parent=737485"}],"wp:term":[{"taxonomy":"product_brand","embeddable":true,"href":"https:\/\/shop.kustom.ch\/fr\/wp-json\/wp\/v2\/product_brand?post=737485"},{"taxonomy":"product_cat","embeddable":true,"href":"https:\/\/shop.kustom.ch\/fr\/wp-json\/wp\/v2\/product_cat?post=737485"},{"taxonomy":"product_tag","embeddable":true,"href":"https:\/\/shop.kustom.ch\/fr\/wp-json\/wp\/v2\/product_tag?post=737485"}],"curies":[{"name":"wp","href":"https:\/\/api.w.org\/{rel}","templated":true}]}}