{"id":737439,"date":"2026-04-16T09:40:23","date_gmt":"2026-04-16T08:40:23","guid":{"rendered":"https:\/\/shop.kustom.ch\/?post_type=product&#038;p=737439"},"modified":"2026-04-16T09:41:09","modified_gmt":"2026-04-16T08:41:09","slug":"urban-down-puffer-jacket-m","status":"publish","type":"product","link":"https:\/\/shop.kustom.ch\/fr\/produit\/urban-down-puffer-jacket-m\/","title":{"rendered":"Veste tampon Urban Down M"},"content":{"rendered":"<p>La Urban Down Puffer Jacket est une veste en duvet d\u00e9contract\u00e9e qui offre une isolation et une chaleur exceptionnelles dans des conditions hivernales vraiment froides.<\/p>\n<p>Diese stilvolle Pufferjacke wurde sowohl f\u00fcr die Freizeit als auch f\u00fcr formelle Anl\u00e4sse gefertigt und vereint nahtlos Funktion und minimalistischen Ausdruck. Sein wasserabweisendes Aussenmaterial sorgt in Kombination mit einer dicken Daunenisolierung f\u00fcr aussergew\u00f6hnliche W\u00e4rme, wenn die Temperaturen sinken. Dar\u00fcber hinaus verf\u00fcgt die Jacke \u00fcber zwei ger\u00e4umige Handw\u00e4rmtaschen, eine abnehmbare Kapuze und einen verstellbaren Kordelzug am unteren Saum. <\/p>\n<p>- Tissu ext\u00e9rieur en polyamide 100 % recycl\u00e9<br \/>\n- Traitement hydrofuge<br \/>\n- Garnissage en duvet, 80 % duvet\/20 % plumes<br \/>\n- Capuche amovible<br \/>\n- Cordon de serrage r\u00e9glable \u00e0 l'ourlet inf\u00e9rieur<br \/>\n- Poche poitrine int\u00e9rieure<br \/>\n- Deux poches chauffe-mains<br \/>\n- fermeture \u00e9clair YKK<br \/>\n- Coupe normale<\/p>\n<p>Mat\u00e9riaux : Main 100% Polyamide recycl\u00e9, Padding 80% Down, 20% Feather, Lining 100% Polyamide recycl\u00e9<\/p>","protected":false},"excerpt":{"rendered":"<p>Die Urban Down Puffer Jacket ist eine l\u00e4ssige Daunenjacke, die bei wirklich kalten Winterbedingungen aussergew\u00f6hnliche Isolierung und W\u00e4rme bietet. Diese stilvolle Pufferjacke wurde sowohl f\u00fcr die Freizeit als auch f\u00fcr formelle Anl\u00e4sse gefertigt und vereint nahtlos Funktion und minimalistischen Ausdruck. Sein wasserabweisendes Aussenmaterial sorgt in Kombination mit einer dicken Daunenisolierung f\u00fcr aussergew\u00f6hnliche W\u00e4rme, wenn die [&hellip;]<\/p>\n","protected":false},"featured_media":737490,"template":"","meta":[],"product_brand":[],"product_cat":[4186],"product_tag":[],"class_list":{"0":"post-737439","1":"product","2":"type-product","3":"status-publish","4":"has-post-thumbnail","6":"product_cat-jacken","7":"pa_brand-craft","8":"pa_brand-type-sportswear","9":"pa_filter-color-beige","10":"pa_filter-color-braun","11":"pa_filter-color-schwarz","13":"first","14":"instock","15":"sale","16":"taxable","17":"shipping-taxable","18":"purchasable","19":"product-type-variable","20":"add-to-wishlist-before_image"},"exclude_global_add_ons":[],"addons":[],"acf":[],"_links":{"self":[{"href":"https:\/\/shop.kustom.ch\/fr\/wp-json\/wp\/v2\/product\/737439"}],"collection":[{"href":"https:\/\/shop.kustom.ch\/fr\/wp-json\/wp\/v2\/product"}],"about":[{"href":"https:\/\/shop.kustom.ch\/fr\/wp-json\/wp\/v2\/types\/product"}],"wp:featuredmedia":[{"embeddable":true,"href":"https:\/\/shop.kustom.ch\/fr\/wp-json\/wp\/v2\/media\/737490"}],"wp:attachment":[{"href":"https:\/\/shop.kustom.ch\/fr\/wp-json\/wp\/v2\/media?parent=737439"}],"wp:term":[{"taxonomy":"product_brand","embeddable":true,"href":"https:\/\/shop.kustom.ch\/fr\/wp-json\/wp\/v2\/product_brand?post=737439"},{"taxonomy":"product_cat","embeddable":true,"href":"https:\/\/shop.kustom.ch\/fr\/wp-json\/wp\/v2\/product_cat?post=737439"},{"taxonomy":"product_tag","embeddable":true,"href":"https:\/\/shop.kustom.ch\/fr\/wp-json\/wp\/v2\/product_tag?post=737439"}],"curies":[{"name":"wp","href":"https:\/\/api.w.org\/{rel}","templated":true}]}}