{"id":737438,"date":"2026-04-16T09:40:23","date_gmt":"2026-04-16T08:40:23","guid":{"rendered":"https:\/\/shop.kustom.ch\/?post_type=product&#038;p=737438"},"modified":"2026-04-16T09:41:07","modified_gmt":"2026-04-16T08:41:07","slug":"frequent-sweatshorts-w","status":"publish","type":"product","link":"https:\/\/shop.kustom.ch\/fr\/produit\/frequent-sweatshorts-w\/","title":{"rendered":"Fr\u00e9quent Sweatshorts W"},"content":{"rendered":"<p>Frequent Sweatshorts sind locker sitzende Shorts f\u00fcr den Alltag.<\/p>\n<p>Diese l\u00e4ssigen, vielseitigen Sweatshorts bestehen aus einem schweren Baumwollstoff mit Loopback und kleinen Schlaufen auf der R\u00fcckseite des Stoffes. Die Shorts verf\u00fcgen ausserdem \u00fcber einen Kordelzug in der Taille f\u00fcr eine verstellbare Passform und zwei bequeme Seitentaschen, wodurch sie sowohl praktisch als auch stilvoll f\u00fcr den ganzt\u00e4gigen Gebrauch sind. Perfekt f\u00fcr das Branding mit Vereins-, Sponsoren- oder Firmenlogos.<\/p>\n<p>\u2022 Hergestellt aus 100 % Bio-Baumwolle (380 gsm)<br \/>\n\u2022 Loopback-Gewebe<br \/>\n- Ceinture \u00e9lastique avec cordon de serrage r\u00e9glable<br \/>\n- Deux poches lat\u00e9rales avec fermeture \u00e9clair<br \/>\n- Coupe d\u00e9contract\u00e9e<\/p>\n<p>Mat\u00e9riau : 100% coton biologique<\/p>","protected":false},"excerpt":{"rendered":"<p>Frequent Sweatshorts sind locker sitzende Shorts f\u00fcr den Alltag. Diese l\u00e4ssigen, vielseitigen Sweatshorts bestehen aus einem schweren Baumwollstoff mit Loopback und kleinen Schlaufen auf der R\u00fcckseite des Stoffes. Die Shorts verf\u00fcgen ausserdem \u00fcber einen Kordelzug in der Taille f\u00fcr eine verstellbare Passform und zwei bequeme Seitentaschen, wodurch sie sowohl praktisch als auch stilvoll f\u00fcr den [&hellip;]<\/p>\n","protected":false},"featured_media":737440,"template":"","meta":[],"product_brand":[],"product_cat":[4198],"product_tag":[],"class_list":{"0":"post-737438","1":"product","2":"type-product","3":"status-publish","4":"has-post-thumbnail","6":"product_cat-shorts","7":"pa_brand-craft","8":"pa_brand-type-sportswear","9":"pa_filter-color-blau","10":"pa_filter-color-braun","11":"pa_filter-color-rot","12":"pa_filter-color-schwarz","14":"first","15":"instock","16":"sale","17":"taxable","18":"shipping-taxable","19":"purchasable","20":"product-type-variable","21":"add-to-wishlist-before_image"},"exclude_global_add_ons":[],"addons":[],"acf":[],"_links":{"self":[{"href":"https:\/\/shop.kustom.ch\/fr\/wp-json\/wp\/v2\/product\/737438"}],"collection":[{"href":"https:\/\/shop.kustom.ch\/fr\/wp-json\/wp\/v2\/product"}],"about":[{"href":"https:\/\/shop.kustom.ch\/fr\/wp-json\/wp\/v2\/types\/product"}],"wp:featuredmedia":[{"embeddable":true,"href":"https:\/\/shop.kustom.ch\/fr\/wp-json\/wp\/v2\/media\/737440"}],"wp:attachment":[{"href":"https:\/\/shop.kustom.ch\/fr\/wp-json\/wp\/v2\/media?parent=737438"}],"wp:term":[{"taxonomy":"product_brand","embeddable":true,"href":"https:\/\/shop.kustom.ch\/fr\/wp-json\/wp\/v2\/product_brand?post=737438"},{"taxonomy":"product_cat","embeddable":true,"href":"https:\/\/shop.kustom.ch\/fr\/wp-json\/wp\/v2\/product_cat?post=737438"},{"taxonomy":"product_tag","embeddable":true,"href":"https:\/\/shop.kustom.ch\/fr\/wp-json\/wp\/v2\/product_tag?post=737438"}],"curies":[{"name":"wp","href":"https:\/\/api.w.org\/{rel}","templated":true}]}}