{"id":737216,"date":"2026-04-16T09:38:09","date_gmt":"2026-04-16T08:38:09","guid":{"rendered":"https:\/\/shop.kustom.ch\/?post_type=product&#038;p=737216"},"modified":"2026-04-16T09:38:33","modified_gmt":"2026-04-16T08:38:33","slug":"urban-shell-coat-uni","status":"publish","type":"product","link":"https:\/\/shop.kustom.ch\/fr\/produit\/urban-shell-coat-uni\/","title":{"rendered":"Urban Shell Coat Uni"},"content":{"rendered":"<p>Der Urban Shell Coat ist ein elegantes und wetterfestes Oberteil, das sich m\u00fchelos sowohl f\u00fcr legere als auch f\u00fcr formelle Anl\u00e4sse eignet.<\/p>\n<p>Dieser Mantel wurde f\u00fcr den urbanen Entdecker entworfen und bietet alles, was Sie brauchen, um den Elementen zu trotzen, ohne Kompromisse beim Stil einzugehen. Bleiben Sie bei jedem Wetter trocken dank der wasserdichten Konstruktion des Mantels mit versiegelten N\u00e4hten und zweilagigem Membrangewebe. F\u00fcr zus\u00e4tzliche W\u00e4rme bei kalten Bedingungen tragen Sie eine Zwischenschicht oder eine leichte Jacke darunter. Dieses minimalistische St\u00fcck ist ebenso stilvoll wie praktisch und kommt nie aus der Mode. Es ist eine langlebige Erg\u00e4nzung Ihrer Alltagsgarderobe.<\/p>\n<p>\u2022 Wind- und wasserabweisendes 2-Lagen-Gewebe (WP 5\u2018000\/MVP 5\u2018000)<br \/>\n\u2022 Hergestellt aus recyceltem Polyester und BCI-Baumwolle<br \/>\n- Coutures enti\u00e8rement soud\u00e9es<br \/>\n- Capuche avec cordon de serrage r\u00e9glable pour un ajustement optimal<br \/>\n\u2022 Seitliche Schlitze mit Druckknopf unten f\u00fcr mehr Bewegungsfreiheit<br \/>\n\u2022 YKK 2-Wege-Reissverschluss<br \/>\n- Coupe normale<\/p>\n<p>Material: Face 65% Recycelter Polyester 35% Baumwolle, Back 100% Polyurethan<\/p>","protected":false},"excerpt":{"rendered":"<p>Der Urban Shell Coat ist ein elegantes und wetterfestes Oberteil, das sich m\u00fchelos sowohl f\u00fcr legere als auch f\u00fcr formelle Anl\u00e4sse eignet. Dieser Mantel wurde f\u00fcr den urbanen Entdecker entworfen und bietet alles, was Sie brauchen, um den Elementen zu trotzen, ohne Kompromisse beim Stil einzugehen. Bleiben Sie bei jedem Wetter trocken dank der wasserdichten [&hellip;]<\/p>\n","protected":false},"featured_media":737230,"template":"","meta":[],"product_brand":[],"product_cat":[4186],"product_tag":[],"class_list":{"0":"post-737216","1":"product","2":"type-product","3":"status-publish","4":"has-post-thumbnail","6":"product_cat-jacken","7":"pa_brand-craft","8":"pa_brand-type-sportswear","9":"pa_filter-color-braun","10":"pa_filter-color-schwarz","12":"first","13":"instock","14":"sale","15":"taxable","16":"shipping-taxable","17":"purchasable","18":"product-type-variable","19":"add-to-wishlist-before_image"},"exclude_global_add_ons":[],"addons":[],"acf":[],"_links":{"self":[{"href":"https:\/\/shop.kustom.ch\/fr\/wp-json\/wp\/v2\/product\/737216"}],"collection":[{"href":"https:\/\/shop.kustom.ch\/fr\/wp-json\/wp\/v2\/product"}],"about":[{"href":"https:\/\/shop.kustom.ch\/fr\/wp-json\/wp\/v2\/types\/product"}],"wp:featuredmedia":[{"embeddable":true,"href":"https:\/\/shop.kustom.ch\/fr\/wp-json\/wp\/v2\/media\/737230"}],"wp:attachment":[{"href":"https:\/\/shop.kustom.ch\/fr\/wp-json\/wp\/v2\/media?parent=737216"}],"wp:term":[{"taxonomy":"product_brand","embeddable":true,"href":"https:\/\/shop.kustom.ch\/fr\/wp-json\/wp\/v2\/product_brand?post=737216"},{"taxonomy":"product_cat","embeddable":true,"href":"https:\/\/shop.kustom.ch\/fr\/wp-json\/wp\/v2\/product_cat?post=737216"},{"taxonomy":"product_tag","embeddable":true,"href":"https:\/\/shop.kustom.ch\/fr\/wp-json\/wp\/v2\/product_tag?post=737216"}],"curies":[{"name":"wp","href":"https:\/\/api.w.org\/{rel}","templated":true}]}}