{"id":737093,"date":"2026-04-16T09:36:49","date_gmt":"2026-04-16T08:36:49","guid":{"rendered":"https:\/\/shop.kustom.ch\/?post_type=product&#038;p=737093"},"modified":"2026-04-16T09:37:49","modified_gmt":"2026-04-16T08:37:49","slug":"subz-jacket-4-m","status":"publish","type":"product","link":"https:\/\/shop.kustom.ch\/fr\/produit\/subz-jacket-4-m\/","title":{"rendered":"Veste SubZ 4 M"},"content":{"rendered":"<p>Das SubZ Jacket 4 ist eine hochfunktionelle Laufjacke mit d\u00fcnner Isolierung, die Sie bei intensivem Laufen unter kalten Winterbedingungen warm h\u00e4lt. <\/p>\n<p>Diese leistungsstarke Jacke f\u00fcr kaltes Wetter hat eine windabweisende Vorderseite mit leichter Isolierung in einem verklebten 3-Lagen-Design, das an k\u00fchlen Tagen f\u00fcr hervorragende W\u00e4rme und Komfort sorgt. Die \u00c4rmel und der R\u00fccken bestehen aus einem weichen, verweissten 2-Lagen-Jersey-Stoff mit einem Netzfutter f\u00fcr verbesserte Isolierung. Die Jacke verf\u00fcgt ausserdem \u00fcber ein perforiertes wind- und wasserabweisendes Polyestergewebe am vorderen Hals und oberen R\u00fccken f\u00fcr optimale Bel\u00fcftung. Dar\u00fcber hinaus tragen zwei praktische Taschen zur Vielseitigkeit dieses Kleidungsst\u00fccks f\u00fcr kaltes Wetter bei und machen es zu einer grossartigen Wahl sowohl f\u00fcr das Training im Winter als auch f\u00fcr den Alltag.<\/p>\n<p>\u2022 Windsch\u00fctzendes Aussenmaterial und leichte Isolierung in einer geklebten 3-Lagen-Konstruktion auf der Vorderseite<br \/>\n\u2022 Weiches, verweisstes 2-Lagen-Jersey mit Netzfutter an \u00c4rmeln und R\u00fccken<br \/>\n\u2022 Perforiertes wind- und wasserabweisendes Polyester am vorderen Halsausschnitt und an der oberen R\u00fcckenpartie<br \/>\n\u2022 Zwei verdeckte Reissverschlusstaschen an den Seitenn\u00e4hten<br \/>\n\u2022 Verschweisster Saum hinten<br \/>\n\u2022 Reflektierender Aufdruck an den \u00c4rmeln, vorne und hinten<br \/>\n- Coupe normale<\/p>\n<p>Material: Front Body 100% Recycelter Polyester, Padding 100% Recycelter Polyester, Back BodySleeves 85% Recycelter Polyester, 6% Polyester, 9% Elastan<\/p>","protected":false},"excerpt":{"rendered":"<p>Das SubZ Jacket 4 ist eine hochfunktionelle Laufjacke mit d\u00fcnner Isolierung, die Sie bei intensivem Laufen unter kalten Winterbedingungen warm h\u00e4lt. Diese leistungsstarke Jacke f\u00fcr kaltes Wetter hat eine windabweisende Vorderseite mit leichter Isolierung in einem verklebten 3-Lagen-Design, das an k\u00fchlen Tagen f\u00fcr hervorragende W\u00e4rme und Komfort sorgt. Die \u00c4rmel und der R\u00fccken bestehen aus [&hellip;]<\/p>\n","protected":false},"featured_media":737155,"template":"","meta":[],"product_brand":[],"product_cat":[4186],"product_tag":[],"class_list":{"0":"post-737093","1":"product","2":"type-product","3":"status-publish","4":"has-post-thumbnail","6":"product_cat-jacken","7":"pa_brand-craft","8":"pa_brand-type-sportswear","9":"pa_filter-color-gruen","10":"pa_filter-color-schwarz","11":"pa_filter-color-violet","13":"first","14":"instock","15":"sale","16":"taxable","17":"shipping-taxable","18":"purchasable","19":"product-type-variable","20":"add-to-wishlist-before_image"},"exclude_global_add_ons":[],"addons":[],"acf":[],"_links":{"self":[{"href":"https:\/\/shop.kustom.ch\/fr\/wp-json\/wp\/v2\/product\/737093"}],"collection":[{"href":"https:\/\/shop.kustom.ch\/fr\/wp-json\/wp\/v2\/product"}],"about":[{"href":"https:\/\/shop.kustom.ch\/fr\/wp-json\/wp\/v2\/types\/product"}],"wp:featuredmedia":[{"embeddable":true,"href":"https:\/\/shop.kustom.ch\/fr\/wp-json\/wp\/v2\/media\/737155"}],"wp:attachment":[{"href":"https:\/\/shop.kustom.ch\/fr\/wp-json\/wp\/v2\/media?parent=737093"}],"wp:term":[{"taxonomy":"product_brand","embeddable":true,"href":"https:\/\/shop.kustom.ch\/fr\/wp-json\/wp\/v2\/product_brand?post=737093"},{"taxonomy":"product_cat","embeddable":true,"href":"https:\/\/shop.kustom.ch\/fr\/wp-json\/wp\/v2\/product_cat?post=737093"},{"taxonomy":"product_tag","embeddable":true,"href":"https:\/\/shop.kustom.ch\/fr\/wp-json\/wp\/v2\/product_tag?post=737093"}],"curies":[{"name":"wp","href":"https:\/\/api.w.org\/{rel}","templated":true}]}}