{"id":737006,"date":"2026-04-16T09:35:57","date_gmt":"2026-04-16T08:35:57","guid":{"rendered":"https:\/\/shop.kustom.ch\/?post_type=product&#038;p=737006"},"modified":"2026-04-16T09:37:10","modified_gmt":"2026-04-16T08:37:10","slug":"urban-parka-w","status":"publish","type":"product","link":"https:\/\/shop.kustom.ch\/fr\/produit\/urban-parka-w\/","title":{"rendered":"Urban Parka W"},"content":{"rendered":"<p>L'Urban Parka est une parka coupe-vent et imperm\u00e9able pour tous les jours, au design classique, qui vous permet de faire face aux impr\u00e9vus m\u00e9t\u00e9orologiques avec style.<\/p>\n<p>Cette parka \u00e9l\u00e9gante est fabriqu\u00e9e dans un tissu imperm\u00e9able et r\u00e9sistant, avec des coutures scell\u00e9es aux endroits critiques. Elle vous garde au sec pendant les journ\u00e9es humides d'automne et d'hiver. Pour plus de chaleur par temps froid, portez une couche interm\u00e9diaire en dessous. La parka dispose en outre d'une capuche r\u00e9glable, de grandes poches avant et d'une taille qui peut \u00eatre ajust\u00e9e pour une coupe et une silhouette sur mesure. Que vous fassiez la navette en ville ou que vous exploriez la nature, vous serez parfaitement prot\u00e9g\u00e9 avec cette veste.<\/p>\n<p>- Tissu hydrofuge en polyester recycl\u00e9 et coton BCI<br \/>\n- Coutures soud\u00e9es dans les zones critiques<br \/>\n- Capuche avec cordon de serrage r\u00e9glable pour un ajustement optimal<br \/>\n- Cordon de serrage r\u00e9glable \u00e0 la taille<br \/>\n- Ouverture d'a\u00e9ration horizontale \u00e0 l'arri\u00e8re<br \/>\n- Deux grandes poches avant<br \/>\n- Poche poitrine int\u00e9rieure avec fermeture \u00e0 glissi\u00e8re<br \/>\n- fermeture velcro aux extr\u00e9mit\u00e9s des manches<br \/>\n- fermeture \u00e9clair YKK<br \/>\n- Coupe normale<\/p>\n<p>Mat\u00e9riaux : Body Face 65% Polyester recycl\u00e9, 35% Coton, Body Back 100% Polyur\u00e9thane, Doublure 100% Polyamide recycl\u00e9<\/p>","protected":false},"excerpt":{"rendered":"<p>Der Urban Parka ist ein winddichter und wasserabweisender Parka f\u00fcr den Alltag mit klassischem Design, mit dem Sie unvorhersehbarem Wetter mit Stil begegnen k\u00f6nnen. Dieser stylische Parka besteht aus einem wasserabweisenden und strapazierf\u00e4higen Stoff und verf\u00fcgt \u00fcber versiegelte N\u00e4hte an kritischen Stellen. Er h\u00e4lt Sie an nassen Herbst- und Wintertagen trocken. F\u00fcr zus\u00e4tzliche W\u00e4rme bei [&hellip;]<\/p>\n","protected":false},"featured_media":737092,"template":"","meta":[],"product_brand":[],"product_cat":[4186],"product_tag":[],"class_list":{"0":"post-737006","1":"product","2":"type-product","3":"status-publish","4":"has-post-thumbnail","6":"product_cat-jacken","7":"pa_brand-craft","8":"pa_brand-type-sportswear","9":"pa_filter-color-beige","10":"pa_filter-color-blau","11":"pa_filter-color-schwarz","13":"first","14":"instock","15":"sale","16":"taxable","17":"shipping-taxable","18":"purchasable","19":"product-type-variable","20":"add-to-wishlist-before_image"},"exclude_global_add_ons":[],"addons":[],"acf":[],"_links":{"self":[{"href":"https:\/\/shop.kustom.ch\/fr\/wp-json\/wp\/v2\/product\/737006"}],"collection":[{"href":"https:\/\/shop.kustom.ch\/fr\/wp-json\/wp\/v2\/product"}],"about":[{"href":"https:\/\/shop.kustom.ch\/fr\/wp-json\/wp\/v2\/types\/product"}],"wp:featuredmedia":[{"embeddable":true,"href":"https:\/\/shop.kustom.ch\/fr\/wp-json\/wp\/v2\/media\/737092"}],"wp:attachment":[{"href":"https:\/\/shop.kustom.ch\/fr\/wp-json\/wp\/v2\/media?parent=737006"}],"wp:term":[{"taxonomy":"product_brand","embeddable":true,"href":"https:\/\/shop.kustom.ch\/fr\/wp-json\/wp\/v2\/product_brand?post=737006"},{"taxonomy":"product_cat","embeddable":true,"href":"https:\/\/shop.kustom.ch\/fr\/wp-json\/wp\/v2\/product_cat?post=737006"},{"taxonomy":"product_tag","embeddable":true,"href":"https:\/\/shop.kustom.ch\/fr\/wp-json\/wp\/v2\/product_tag?post=737006"}],"curies":[{"name":"wp","href":"https:\/\/api.w.org\/{rel}","templated":true}]}}