{"id":737005,"date":"2026-04-16T09:35:57","date_gmt":"2026-04-16T08:35:57","guid":{"rendered":"https:\/\/shop.kustom.ch\/?post_type=product&#038;p=737005"},"modified":"2026-04-16T09:36:44","modified_gmt":"2026-04-16T08:36:44","slug":"urban-beanie","status":"publish","type":"product","link":"https:\/\/shop.kustom.ch\/fr\/produit\/urban-beanie\/","title":{"rendered":"Bonnet Urbain"},"content":{"rendered":"<p>Der Urban Beanie ist eine warme und l\u00e4ssige M\u00fctze, die Sie sowohl in den Strassen der Stadt als auch im frostigen Winter draussen warm und bequem h\u00e4lt. Die M\u00fctze besteht aus recyceltem Polyester und bietet eine hervorragende Passform und Funktion. Ausserdem bietet das umgeschlagene B\u00fcndchen der M\u00fctze zus\u00e4tzliche W\u00e4rme um die Ohren und Platz f\u00fcr die Profilierung. Mit ihrem zeitlosen Design passt die M\u00fctze zu jedem Outfit und ist eine vielseitige Wahl f\u00fcr Ihre Winterausfl\u00fcge.<\/p>\n<p>\u2022 Hergestellt aus 100 % recyceltem Polyester<br \/>\n\u2022 Gefaltete Manschette, 8 cm<\/p>\n<p>Mati\u00e8re : 100% polyester recycl\u00e9<\/p>","protected":false},"excerpt":{"rendered":"<p>Der Urban Beanie ist eine warme und l\u00e4ssige M\u00fctze, die Sie sowohl in den Strassen der Stadt als auch im frostigen Winter draussen warm und bequem h\u00e4lt. Die M\u00fctze besteht aus recyceltem Polyester und bietet eine hervorragende Passform und Funktion. Ausserdem bietet das umgeschlagene B\u00fcndchen der M\u00fctze zus\u00e4tzliche W\u00e4rme um die Ohren und Platz f\u00fcr [&hellip;]<\/p>\n","protected":false},"featured_media":737081,"template":"","meta":[],"product_brand":[],"product_cat":[4177],"product_tag":[],"class_list":{"0":"post-737005","1":"product","2":"type-product","3":"status-publish","4":"has-post-thumbnail","6":"product_cat-caps-muetzen","7":"pa_brand-craft","8":"pa_brand-type-sportswear","9":"pa_filter-color-blau","10":"pa_filter-color-grau","11":"pa_filter-color-gruen","12":"pa_filter-color-schwarz","13":"pa_filter-color-weiss","15":"first","16":"instock","17":"sale","18":"taxable","19":"shipping-taxable","20":"purchasable","21":"product-type-variable","22":"add-to-wishlist-before_image"},"exclude_global_add_ons":[],"addons":[],"acf":[],"_links":{"self":[{"href":"https:\/\/shop.kustom.ch\/fr\/wp-json\/wp\/v2\/product\/737005"}],"collection":[{"href":"https:\/\/shop.kustom.ch\/fr\/wp-json\/wp\/v2\/product"}],"about":[{"href":"https:\/\/shop.kustom.ch\/fr\/wp-json\/wp\/v2\/types\/product"}],"wp:featuredmedia":[{"embeddable":true,"href":"https:\/\/shop.kustom.ch\/fr\/wp-json\/wp\/v2\/media\/737081"}],"wp:attachment":[{"href":"https:\/\/shop.kustom.ch\/fr\/wp-json\/wp\/v2\/media?parent=737005"}],"wp:term":[{"taxonomy":"product_brand","embeddable":true,"href":"https:\/\/shop.kustom.ch\/fr\/wp-json\/wp\/v2\/product_brand?post=737005"},{"taxonomy":"product_cat","embeddable":true,"href":"https:\/\/shop.kustom.ch\/fr\/wp-json\/wp\/v2\/product_cat?post=737005"},{"taxonomy":"product_tag","embeddable":true,"href":"https:\/\/shop.kustom.ch\/fr\/wp-json\/wp\/v2\/product_tag?post=737005"}],"curies":[{"name":"wp","href":"https:\/\/api.w.org\/{rel}","templated":true}]}}