{"id":736702,"date":"2026-04-16T08:39:34","date_gmt":"2026-04-16T07:39:34","guid":{"rendered":"https:\/\/shop.kustom.ch\/?post_type=product&#038;p=736702"},"modified":"2026-04-16T10:41:54","modified_gmt":"2026-04-16T09:41:54","slug":"lumen-fleece-hybrid-glove-2","status":"publish","type":"product","link":"https:\/\/shop.kustom.ch\/fr\/produit\/lumen-fleece-hybrid-glove-2\/","title":{"rendered":"Gant hybride Lumen Fleece 2"},"content":{"rendered":"<p>Der Lumen Fleece Hybrid Glove 2 ist ein 2-in-1-Handschuh mit reflektierenden Details, der f\u00fcr intensives Laufen bei kalten Bedingungen entwickelt wurde. <\/p>\n<p>Der Laufhandschuh besteht aus einem weichen, funktionellen Jersey-Stoff und verf\u00fcgt \u00fcber einen verstaubaren F\u00e4ustling mit reflektierendem Aufdruck, der eine schnelle Anpassung an wechselnde Temperaturen erm\u00f6glicht. Touchscreen-kompatibles Gewebe an Zeigefinger und Daumen erm\u00f6glicht die einfache Nutzung von Smartphones und anderen Ger\u00e4ten, ohne den Handschuh ausziehen zu m\u00fcssen. Dar\u00fcber hinaus verf\u00fcgt der Handschuh \u00fcber einen reflektierenden Aufdruck auf den Fingern.<\/p>\n<p>- Tissu jersey doux et fonctionnel en polyester recycl\u00e9<br \/>\n\u2022 2-in-1-Design mit Handschuh und verstaubarem F\u00e4ustling f\u00fcr kalte Tage<br \/>\n\u2022 Reflektierender Aufdruck auf der Aussenseite des F\u00e4ustlings<br \/>\n\u2022 Reflektierender Aufdruck an den Handschuhfingern<br \/>\n\u2022 Touchscreen-kompatibler Zeigefinger und Daumen<\/p>\n<p>Material: 88% Recycelter Polyester, 12% Elastan<\/p>","protected":false},"excerpt":{"rendered":"<p>Der Lumen Fleece Hybrid Glove 2 ist ein 2-in-1-Handschuh mit reflektierenden Details, der f\u00fcr intensives Laufen bei kalten Bedingungen entwickelt wurde. Der Laufhandschuh besteht aus einem weichen, funktionellen Jersey-Stoff und verf\u00fcgt \u00fcber einen verstaubaren F\u00e4ustling mit reflektierendem Aufdruck, der eine schnelle Anpassung an wechselnde Temperaturen erm\u00f6glicht. Touchscreen-kompatibles Gewebe an Zeigefinger und Daumen erm\u00f6glicht die einfache [&hellip;]<\/p>\n","protected":false},"featured_media":736771,"template":"","meta":[],"product_brand":[],"product_cat":[4180],"product_tag":[],"class_list":{"0":"post-736702","1":"product","2":"type-product","3":"status-publish","4":"has-post-thumbnail","6":"product_cat-handschuhe","7":"pa_brand-craft","8":"pa_brand-type-sportswear","9":"pa_filter-color-gelb","10":"pa_filter-color-schwarz","12":"first","13":"instock","14":"sale","15":"taxable","16":"shipping-taxable","17":"purchasable","18":"product-type-variable","19":"add-to-wishlist-before_image"},"exclude_global_add_ons":[],"addons":[],"acf":[],"_links":{"self":[{"href":"https:\/\/shop.kustom.ch\/fr\/wp-json\/wp\/v2\/product\/736702"}],"collection":[{"href":"https:\/\/shop.kustom.ch\/fr\/wp-json\/wp\/v2\/product"}],"about":[{"href":"https:\/\/shop.kustom.ch\/fr\/wp-json\/wp\/v2\/types\/product"}],"wp:featuredmedia":[{"embeddable":true,"href":"https:\/\/shop.kustom.ch\/fr\/wp-json\/wp\/v2\/media\/736771"}],"wp:attachment":[{"href":"https:\/\/shop.kustom.ch\/fr\/wp-json\/wp\/v2\/media?parent=736702"}],"wp:term":[{"taxonomy":"product_brand","embeddable":true,"href":"https:\/\/shop.kustom.ch\/fr\/wp-json\/wp\/v2\/product_brand?post=736702"},{"taxonomy":"product_cat","embeddable":true,"href":"https:\/\/shop.kustom.ch\/fr\/wp-json\/wp\/v2\/product_cat?post=736702"},{"taxonomy":"product_tag","embeddable":true,"href":"https:\/\/shop.kustom.ch\/fr\/wp-json\/wp\/v2\/product_tag?post=736702"}],"curies":[{"name":"wp","href":"https:\/\/api.w.org\/{rel}","templated":true}]}}