{"id":736655,"date":"2026-04-16T08:39:13","date_gmt":"2026-04-16T07:39:13","guid":{"rendered":"https:\/\/shop.kustom.ch\/?post_type=product&#038;p=736655"},"modified":"2026-04-16T08:40:21","modified_gmt":"2026-04-16T07:40:21","slug":"explore-padded-jacket-w","status":"publish","type":"product","link":"https:\/\/shop.kustom.ch\/fr\/produit\/explore-padded-jacket-w\/","title":{"rendered":"Veste Explore Padded W"},"content":{"rendered":"<p>La veste Explore Padded Jacket est une veste chaude, coupe-vent et d\u00e9perlante qui offre une isolation et un confort exceptionnels pour les activit\u00e9s de plein air difficiles.<\/p>\n<p>Cette veste hautement fonctionnelle, dot\u00e9e d'une isolation PrimaLoft performante et d'un tissu ext\u00e9rieur d\u00e9perlant, offre une chaleur et une protection exceptionnelles contre le froid et la neige. La veste est \u00e9galement dot\u00e9e d'une doublure en maille 3D dans le dos pour une ventilation efficace, d'une capuche r\u00e9glable et de nombreuses poches pratiques, dont une poche pour forfait de ski.<\/p>\n<p>- Tissu ext\u00e9rieur coupe-vent et d\u00e9perlant avec traitement hydrofuge (WP 8\u2018000\/MVP 8\u2018000)<br \/>\n- Isolation PrimaLoft en polyester recycl\u00e9 100 %<br \/>\n- Doublure en maille 3D dans le dos<br \/>\n- cordon de serrage en bas pour un ajustement r\u00e9glable<br \/>\n- Deux poches lat\u00e9rales avec fermeture \u00e9clair<br \/>\n- poche de poitrine avec fermeture \u00e0 glissi\u00e8re<br \/>\n- Poche \u00e0 skis<br \/>\n- Deux grandes poches int\u00e9rieures en filet pour la carte, des gants suppl\u00e9mentaires, etc.<br \/>\n- Poche poitrine int\u00e9rieure avec fermeture \u00e0 glissi\u00e8re<br \/>\n- Coupe normale<\/p>\n<p>Mat\u00e9riaux : Main 55% polyester, 45% polyester recycl\u00e9, Side Panels100% polyester recycl\u00e9, Doublure 100% polyester recycl\u00e9, Padding 100% polyester recycl\u00e9<\/p>","protected":false},"excerpt":{"rendered":"<p>Das Explore Padded Jacket ist eine warme, winddichte und wasserabweisende Jacke, die hervorragende Isolierung und Komfort f\u00fcr raue Outdoor-Aktivit\u00e4ten bietet. Die hochfunktionelle Jacke mit leistungsstarker PrimaLoft-Isolierung und wasserabweisendem Aussenmaterial bietet hervorragende W\u00e4rme und Schutz bei K\u00e4lte und Schnee. Die Jacke verf\u00fcgt ausserdem \u00fcber ein 3D- Netzfutter im R\u00fccken f\u00fcr effiziente Bel\u00fcftung, eine verstellbare Kapuze und [&hellip;]<\/p>\n","protected":false},"featured_media":736719,"template":"","meta":[],"product_brand":[],"product_cat":[4186],"product_tag":[],"class_list":{"0":"post-736655","1":"product","2":"type-product","3":"status-publish","4":"has-post-thumbnail","6":"product_cat-jacken","7":"pa_brand-craft","8":"pa_brand-type-sportswear","9":"pa_filter-color-blau","10":"pa_filter-color-schwarz","11":"pa_filter-color-violet","13":"first","14":"instock","15":"sale","16":"taxable","17":"shipping-taxable","18":"purchasable","19":"product-type-variable","20":"add-to-wishlist-before_image"},"exclude_global_add_ons":[],"addons":[],"acf":[],"_links":{"self":[{"href":"https:\/\/shop.kustom.ch\/fr\/wp-json\/wp\/v2\/product\/736655"}],"collection":[{"href":"https:\/\/shop.kustom.ch\/fr\/wp-json\/wp\/v2\/product"}],"about":[{"href":"https:\/\/shop.kustom.ch\/fr\/wp-json\/wp\/v2\/types\/product"}],"wp:featuredmedia":[{"embeddable":true,"href":"https:\/\/shop.kustom.ch\/fr\/wp-json\/wp\/v2\/media\/736719"}],"wp:attachment":[{"href":"https:\/\/shop.kustom.ch\/fr\/wp-json\/wp\/v2\/media?parent=736655"}],"wp:term":[{"taxonomy":"product_brand","embeddable":true,"href":"https:\/\/shop.kustom.ch\/fr\/wp-json\/wp\/v2\/product_brand?post=736655"},{"taxonomy":"product_cat","embeddable":true,"href":"https:\/\/shop.kustom.ch\/fr\/wp-json\/wp\/v2\/product_cat?post=736655"},{"taxonomy":"product_tag","embeddable":true,"href":"https:\/\/shop.kustom.ch\/fr\/wp-json\/wp\/v2\/product_tag?post=736655"}],"curies":[{"name":"wp","href":"https:\/\/api.w.org\/{rel}","templated":true}]}}