{"id":736470,"date":"2026-04-16T08:37:11","date_gmt":"2026-04-16T07:37:11","guid":{"rendered":"https:\/\/shop.kustom.ch\/?post_type=product&#038;p=736470"},"modified":"2026-04-16T08:37:24","modified_gmt":"2026-04-16T07:37:24","slug":"adv-essence-hydro-jacket-w","status":"publish","type":"product","link":"https:\/\/shop.kustom.ch\/fr\/produit\/adv-essence-hydro-jacket-w\/","title":{"rendered":"Veste ADV Essence Hydro W"},"content":{"rendered":"<p>La veste ADV Essence Hydro Jacket est une veste hautement fonctionnelle pour l'entra\u00eenement intensif, la course \u00e0 pied et les activit\u00e9s similaires dans des conditions humides et venteuses. <\/p>\n<p>Cette veste d'entra\u00eenement techniquement avanc\u00e9e dispose d'un mat\u00e9riau imperm\u00e9able et respirant \u00e0 3 couches en polyester recycl\u00e9. De plus, la veste dispose de coutures coll\u00e9es aux endroits critiques pour une protection optimale contre les intemp\u00e9ries. La veste d'entra\u00eenement dispose \u00e9galement de d\u00e9tails r\u00e9fl\u00e9chissants et d'une capuche r\u00e9glable avec visi\u00e8re.<\/p>\n<p>- Tissu Ventair\u00ae 3 couches, lamin\u00e9 \u00e9tanche au vent et \u00e0 l'eau, WP 10.000\/MVP 10.000<br \/>\n- Coutures soud\u00e9es dans les zones critiques<br \/>\n- Capuche r\u00e9glable avec visi\u00e8re pour se prot\u00e9ger de la pluie<br \/>\n- Deux poches lat\u00e9rales avec fermeture \u00e9clair<br \/>\n- Coupe normale<\/p>","protected":false},"excerpt":{"rendered":"<p>ADV Essence Hydro Jacket ist eine hochfunktionelle Jacke f\u00fcr intensives Training, Laufen und \u00e4hnliche Aktivit\u00e4ten bei nassen und windigen Bedingungen. Diese technisch fortschrittliche Trainingsjacke verf\u00fcgt \u00fcber ein 3-lagiges wasserdichtes und atmungsaktives Material aus recyceltem Polyester. Dar\u00fcber hinaus verf\u00fcgt die Jacke an kritischen Stellen \u00fcber verklebte N\u00e4hte f\u00fcr optimalen Wetterschutz. Die Trainingsjacke verf\u00fcgt zudem \u00fcber reflektierende [&hellip;]<\/p>\n","protected":false},"featured_media":736471,"template":"","meta":[],"product_brand":[],"product_cat":[4186],"product_tag":[],"class_list":{"0":"post-736470","1":"product","2":"type-product","3":"status-publish","4":"has-post-thumbnail","6":"product_cat-jacken","7":"pa_brand-craft","8":"pa_brand-type-sportswear","9":"pa_filter-color-gruen","10":"pa_filter-color-schwarz","12":"first","13":"instock","14":"sale","15":"taxable","16":"shipping-taxable","17":"purchasable","18":"product-type-variable","19":"add-to-wishlist-before_image"},"exclude_global_add_ons":[],"addons":[],"acf":[],"_links":{"self":[{"href":"https:\/\/shop.kustom.ch\/fr\/wp-json\/wp\/v2\/product\/736470"}],"collection":[{"href":"https:\/\/shop.kustom.ch\/fr\/wp-json\/wp\/v2\/product"}],"about":[{"href":"https:\/\/shop.kustom.ch\/fr\/wp-json\/wp\/v2\/types\/product"}],"wp:featuredmedia":[{"embeddable":true,"href":"https:\/\/shop.kustom.ch\/fr\/wp-json\/wp\/v2\/media\/736471"}],"wp:attachment":[{"href":"https:\/\/shop.kustom.ch\/fr\/wp-json\/wp\/v2\/media?parent=736470"}],"wp:term":[{"taxonomy":"product_brand","embeddable":true,"href":"https:\/\/shop.kustom.ch\/fr\/wp-json\/wp\/v2\/product_brand?post=736470"},{"taxonomy":"product_cat","embeddable":true,"href":"https:\/\/shop.kustom.ch\/fr\/wp-json\/wp\/v2\/product_cat?post=736470"},{"taxonomy":"product_tag","embeddable":true,"href":"https:\/\/shop.kustom.ch\/fr\/wp-json\/wp\/v2\/product_tag?post=736470"}],"curies":[{"name":"wp","href":"https:\/\/api.w.org\/{rel}","templated":true}]}}