{"id":736457,"date":"2026-04-16T08:37:04","date_gmt":"2026-04-16T07:37:04","guid":{"rendered":"https:\/\/shop.kustom.ch\/?post_type=product&#038;p=736457"},"modified":"2026-04-16T08:37:10","modified_gmt":"2026-04-16T07:37:10","slug":"everyday-wool-ss-jersey-w","status":"publish","type":"product","link":"https:\/\/shop.kustom.ch\/fr\/produit\/everyday-wool-ss-jersey-w\/","title":{"rendered":"Everyday Wool SS Jersey W"},"content":{"rendered":"<p>Le maillot Everyday Wool SS est un maillot de cyclisme \u00e0 manches courtes qui fonctionne aussi bien comme couche ext\u00e9rieure lorsque les temp\u00e9ratures sont douces que comme couche interm\u00e9diaire sous une veste de cyclisme lorsque les conditions sont plus fra\u00eeches.<\/p>\n<p>Ce maillot de cyclisme polyvalent dispose d'un tissu doux et \u00e9lastique en laine m\u00e9rinos et polyester recycl\u00e9. La laine m\u00e9rinos apporte de la chaleur, tandis que le polyester assure une \u00e9vacuation efficace de l'humidit\u00e9. De plus, le haut dispose de quatre poches arri\u00e8re et d'un gripper \u00e9lastique en silicone sur l'ourlet arri\u00e8re pour un maintien s\u00fbr. Con\u00e7u pour tous les types de cyclisme.<\/p>\n<p>- Tissu doux et \u00e9lastique en polyester recycl\u00e9 et laine m\u00e9rinos<br \/>\n- 20 % Laine m\u00e9rinos<br \/>\n- Inserts tiss\u00e9s au niveau du cou et des poches pour une meilleure durabilit\u00e9<br \/>\n- Quatre poches arri\u00e8re (dont une avec fermeture \u00e9clair)<br \/>\n- Grippeur \u00e9lastique avec impression en silicone sur l'ourlet arri\u00e8re pour maintenir le maillot en place<br \/>\n- Coupe normale<\/p>","protected":false},"excerpt":{"rendered":"<p>Everyday Wool SS Jersey ist ein kurz\u00e4rmeliges Biketrikot, das sowohl als Aussenschicht bei milderen Temperaturen als auch als Zwischenschicht unter einer Bikejacke bei k\u00fchleren Bedingungen funktioniert. Dieses vielseitige Radtrikot verf\u00fcgt \u00fcber ein weiches, elastisches Material aus Merinowolle und recyceltem Polyester. Die Merinowolle spendet W\u00e4rme, w\u00e4hrend der Polyester f\u00fcr einen effizienten Feuchtigkeitstransport sorgt. Zus\u00e4tzlich verf\u00fcgt das [&hellip;]<\/p>\n","protected":false},"featured_media":700303,"template":"","meta":[],"product_brand":[],"product_cat":[4201],"product_tag":[],"class_list":{"0":"post-736457","1":"product","2":"type-product","3":"status-publish","4":"has-post-thumbnail","6":"product_cat-t-shirts","7":"pa_brand-craft","8":"pa_brand-type-sportswear","9":"pa_filter-color-blau","10":"pa_filter-color-orange","12":"first","13":"instock","14":"sale","15":"taxable","16":"shipping-taxable","17":"purchasable","18":"product-type-variable","19":"add-to-wishlist-before_image"},"exclude_global_add_ons":[],"addons":[],"acf":[],"_links":{"self":[{"href":"https:\/\/shop.kustom.ch\/fr\/wp-json\/wp\/v2\/product\/736457"}],"collection":[{"href":"https:\/\/shop.kustom.ch\/fr\/wp-json\/wp\/v2\/product"}],"about":[{"href":"https:\/\/shop.kustom.ch\/fr\/wp-json\/wp\/v2\/types\/product"}],"wp:featuredmedia":[{"embeddable":true,"href":"https:\/\/shop.kustom.ch\/fr\/wp-json\/wp\/v2\/media\/700303"}],"wp:attachment":[{"href":"https:\/\/shop.kustom.ch\/fr\/wp-json\/wp\/v2\/media?parent=736457"}],"wp:term":[{"taxonomy":"product_brand","embeddable":true,"href":"https:\/\/shop.kustom.ch\/fr\/wp-json\/wp\/v2\/product_brand?post=736457"},{"taxonomy":"product_cat","embeddable":true,"href":"https:\/\/shop.kustom.ch\/fr\/wp-json\/wp\/v2\/product_cat?post=736457"},{"taxonomy":"product_tag","embeddable":true,"href":"https:\/\/shop.kustom.ch\/fr\/wp-json\/wp\/v2\/product_tag?post=736457"}],"curies":[{"name":"wp","href":"https:\/\/api.w.org\/{rel}","templated":true}]}}