{"id":736389,"date":"2026-04-16T08:36:00","date_gmt":"2026-04-16T07:36:00","guid":{"rendered":"https:\/\/shop.kustom.ch\/?post_type=product&#038;p=736389"},"modified":"2026-04-16T08:36:24","modified_gmt":"2026-04-16T07:36:24","slug":"urban-padded-parka-w","status":"publish","type":"product","link":"https:\/\/shop.kustom.ch\/fr\/produit\/urban-padded-parka-w\/","title":{"rendered":"Urban Padded Parka W"},"content":{"rendered":"<p>L'Urban Padded Parka est une parka isol\u00e9e qui vous garde au chaud et \u00e0 l'aise dans des conditions hivernales vraiment froides. Avec son design minimaliste, elle se combine sans peine entre les promenades hivernales d\u00e9contract\u00e9es et les occasions plus formelles.<\/p>\n<p>Dieser stylische Kaltwetterparka besteht aus einem wasserabweisenden und strapazierf\u00e4higen Stoff und verf\u00fcgt \u00fcber eine Polyesterisolierung, die Sie an nassen Herbst- und Wintertagen warm und trocken h\u00e4lt. Dar\u00fcber hinaus verf\u00fcgt der Parka \u00fcber versiegelte N\u00e4hte an kritischen Stellen, zwei ger\u00e4umige Fronttaschen, eine verstellbare Kapuze und eine verstellbare Taille f\u00fcr optimale Passform und Silhouette. Eine l\u00e4ngere Passform bietet zus\u00e4tzlichen Schutz \u00fcber den H\u00fcften.<\/p>\n<p>- Tissu ext\u00e9rieur hydrofuge en polyester recycl\u00e9 et coton BCI<br \/>\n- Isolation en polyester recycl\u00e9<br \/>\n- Coutures soud\u00e9es dans les zones critiques<br \/>\n- Deux grandes poches avant<br \/>\n- Poche poitrine int\u00e9rieure avec fermeture \u00e0 glissi\u00e8re<br \/>\n- Capuche r\u00e9glable<br \/>\n- Bandes r\u00e9glables \u00e0 la taille<br \/>\n- Poignets \u00e9lastiques avec trous pour les pouces<br \/>\n- fermeture \u00e9clair YKK \u00e0 2 voies<br \/>\n- Coupe au niveau des hanches<br \/>\n- Coupe normale<\/p>\n<p>Material: Main Face 65% Recycelter Polyester, 35% Baumwolle, Main Back 100% Polyurethan, Padding 100% Recycelter Polyester, Lining 100% Recyceltes Polyamid<\/p>","protected":false},"excerpt":{"rendered":"<p>Der Urban Padded Parka ist ein isolierter Parka, der Sie bei wirklich kalten Winterbedingungen warm und gem\u00fctlich h\u00e4lt. Mit seinem minimalistischen Design l\u00e4sst er sich m\u00fchelos zwischen l\u00e4ssigen Winterspazierg\u00e4ngen und formelleren Anl\u00e4ssen kombinieren. Dieser stylische Kaltwetterparka besteht aus einem wasserabweisenden und strapazierf\u00e4higen Stoff und verf\u00fcgt \u00fcber eine Polyesterisolierung, die Sie an nassen Herbst- und Wintertagen [&hellip;]<\/p>\n","protected":false},"featured_media":736393,"template":"","meta":[],"product_brand":[],"product_cat":[4186],"product_tag":[],"class_list":{"0":"post-736389","1":"product","2":"type-product","3":"status-publish","4":"has-post-thumbnail","6":"product_cat-jacken","7":"pa_brand-craft","8":"pa_brand-type-sportswear","9":"pa_filter-color-beige","10":"pa_filter-color-blau","11":"pa_filter-color-schwarz","13":"first","14":"instock","15":"sale","16":"taxable","17":"shipping-taxable","18":"purchasable","19":"product-type-variable","20":"add-to-wishlist-before_image"},"exclude_global_add_ons":[],"addons":[],"acf":[],"_links":{"self":[{"href":"https:\/\/shop.kustom.ch\/fr\/wp-json\/wp\/v2\/product\/736389"}],"collection":[{"href":"https:\/\/shop.kustom.ch\/fr\/wp-json\/wp\/v2\/product"}],"about":[{"href":"https:\/\/shop.kustom.ch\/fr\/wp-json\/wp\/v2\/types\/product"}],"wp:featuredmedia":[{"embeddable":true,"href":"https:\/\/shop.kustom.ch\/fr\/wp-json\/wp\/v2\/media\/736393"}],"wp:attachment":[{"href":"https:\/\/shop.kustom.ch\/fr\/wp-json\/wp\/v2\/media?parent=736389"}],"wp:term":[{"taxonomy":"product_brand","embeddable":true,"href":"https:\/\/shop.kustom.ch\/fr\/wp-json\/wp\/v2\/product_brand?post=736389"},{"taxonomy":"product_cat","embeddable":true,"href":"https:\/\/shop.kustom.ch\/fr\/wp-json\/wp\/v2\/product_cat?post=736389"},{"taxonomy":"product_tag","embeddable":true,"href":"https:\/\/shop.kustom.ch\/fr\/wp-json\/wp\/v2\/product_tag?post=736389"}],"curies":[{"name":"wp","href":"https:\/\/api.w.org\/{rel}","templated":true}]}}