{"id":736227,"date":"2026-04-16T08:34:32","date_gmt":"2026-04-16T07:34:32","guid":{"rendered":"https:\/\/shop.kustom.ch\/?post_type=product&#038;p=736227"},"modified":"2026-04-16T08:34:42","modified_gmt":"2026-04-16T07:34:42","slug":"endur-shorts-c2-w","status":"publish","type":"product","link":"https:\/\/shop.kustom.ch\/fr\/produit\/endur-shorts-c2-w\/","title":{"rendered":"Short Endur C2 W"},"content":{"rendered":"<p>Endur Shorts C2 sind Hochleistungs-Bikeshorts f\u00fcr engagierte Sportler, die mehrere Tage pro Woche mit einem Vorsatz trainieren.<\/p>\n<p>Diese fortschrittliche Radshorts besteht aus recyceltem Polyamid, das eine aussergew\u00f6hnliche K\u00f6rperkontrolle und ein hervorragendes Feuchtigkeitsmanagement bietet. Roh geschnittene Beinabschl\u00fcsse sorgen f\u00fcr ein geschmeidiges Tragegef\u00fchl und verbesserte Aerodynamik, w\u00e4hrend das neue und raffinierte C2 Pad f\u00fcr hervorragenden Komfort w\u00e4hrend jeder Fahrt sorgt.<\/p>\n<p>Infinity C2 Pad \u2013 hochfunktionelles Pad f\u00fcr engagierte Fahrer<br \/>\nInfinity C2 bietet hervorragende Funktion und ist eine gute Wahl f\u00fcr Fahrer, die das ganze Jahr \u00fcber hart trainieren. Das Pad besteht aus drei Schichten, darunter eine zweite und dritte Schicht aus mitteldichten und hochdichten Schaumstoffen. Zusammen bilden diese beiden Schichten eine perfekte Kombination, die Energie d\u00e4mpft und absorbiert und dann wie ein Anti-Schock-System abf\u00fchrt. Ausserdem besteht die hautnahe Schicht aus hochwertigem recyceltem Polyamidgewebe, das super 4-Wege-Stretch und einen tollen Feuchtigkeitstransport bietet. Die 4-Wege-Elastizit\u00e4t des Gewebes erm\u00f6glicht es dem Pad, dem beweglichen K\u00f6rper f\u00fcr optimalen Komfort und Funktion zu folgen. Ausserdem hat das Polster einen Schaumstoff auf biologischer Basis, der aus Rizinussamen gemacht ist.<\/p>\n<p>\u2022 Elastisches Body-Control-Material aus recyceltem Polyamid und Elasthan<br \/>\n- Design ergonomique pour une position assise parfaite<br \/>\n\u2022 Gebondete Taille f\u00fcr optimale Passform und Komfort<br \/>\n\u2022 Roh geschnittene Beinabschl\u00fcsse mit Silikon-Print, welche die Radlershorts an Ort und Stelle halten<br \/>\n\u2022 C2 Pad Damen<\/p>","protected":false},"excerpt":{"rendered":"<p>Endur Shorts C2 sind Hochleistungs-Bikeshorts f\u00fcr engagierte Sportler, die mehrere Tage pro Woche mit einem Vorsatz trainieren. Diese fortschrittliche Radshorts besteht aus recyceltem Polyamid, das eine aussergew\u00f6hnliche K\u00f6rperkontrolle und ein hervorragendes Feuchtigkeitsmanagement bietet. Roh geschnittene Beinabschl\u00fcsse sorgen f\u00fcr ein geschmeidiges Tragegef\u00fchl und verbesserte Aerodynamik, w\u00e4hrend das neue und raffinierte C2 Pad f\u00fcr hervorragenden Komfort w\u00e4hrend [&hellip;]<\/p>\n","protected":false},"featured_media":700058,"template":"","meta":[],"product_brand":[],"product_cat":[4198],"product_tag":[],"class_list":{"0":"post-736227","1":"product","2":"type-product","3":"status-publish","4":"has-post-thumbnail","6":"product_cat-shorts","7":"pa_brand-craft","8":"pa_brand-type-sportswear","9":"pa_filter-color-grau","10":"pa_filter-color-schwarz","12":"first","13":"instock","14":"sale","15":"taxable","16":"shipping-taxable","17":"purchasable","18":"product-type-variable","19":"add-to-wishlist-before_image"},"exclude_global_add_ons":[],"addons":[],"acf":[],"_links":{"self":[{"href":"https:\/\/shop.kustom.ch\/fr\/wp-json\/wp\/v2\/product\/736227"}],"collection":[{"href":"https:\/\/shop.kustom.ch\/fr\/wp-json\/wp\/v2\/product"}],"about":[{"href":"https:\/\/shop.kustom.ch\/fr\/wp-json\/wp\/v2\/types\/product"}],"wp:featuredmedia":[{"embeddable":true,"href":"https:\/\/shop.kustom.ch\/fr\/wp-json\/wp\/v2\/media\/700058"}],"wp:attachment":[{"href":"https:\/\/shop.kustom.ch\/fr\/wp-json\/wp\/v2\/media?parent=736227"}],"wp:term":[{"taxonomy":"product_brand","embeddable":true,"href":"https:\/\/shop.kustom.ch\/fr\/wp-json\/wp\/v2\/product_brand?post=736227"},{"taxonomy":"product_cat","embeddable":true,"href":"https:\/\/shop.kustom.ch\/fr\/wp-json\/wp\/v2\/product_cat?post=736227"},{"taxonomy":"product_tag","embeddable":true,"href":"https:\/\/shop.kustom.ch\/fr\/wp-json\/wp\/v2\/product_tag?post=736227"}],"curies":[{"name":"wp","href":"https:\/\/api.w.org\/{rel}","templated":true}]}}