{"id":736139,"date":"2026-04-16T08:33:23","date_gmt":"2026-04-16T07:33:23","guid":{"rendered":"https:\/\/shop.kustom.ch\/?post_type=product&#038;p=736139"},"modified":"2026-04-16T08:33:43","modified_gmt":"2026-04-16T07:33:43","slug":"urban-padded-parka-m","status":"publish","type":"product","link":"https:\/\/shop.kustom.ch\/fr\/produit\/urban-padded-parka-m\/","title":{"rendered":"Urban Padded Parka M"},"content":{"rendered":"<p>L'Urban Padded Parka est une parka isol\u00e9e qui vous garde au chaud et \u00e0 l'aise dans des conditions hivernales vraiment froides. Avec son design minimaliste, elle se combine sans peine entre les promenades hivernales d\u00e9contract\u00e9es et les occasions plus formelles.<\/p>\n<p>Cette \u00e9l\u00e9gante parka pour temps froid est fabriqu\u00e9e dans un tissu imperm\u00e9able et r\u00e9sistant et dispose d'une isolation en polyester qui vous garde au chaud et au sec les jours humides d'automne et d'hiver. En outre, la parka dispose de coutures scell\u00e9es aux endroits critiques, de deux poches avant spacieuses, d'une capuche r\u00e9glable et d'une taille ajustable pour un ajustement et une silhouette optimaux. Une coupe plus longue offre une protection suppl\u00e9mentaire.<\/p>\n<p>- Tissu ext\u00e9rieur hydrofuge en polyester recycl\u00e9 et coton BCI<br \/>\n- Isolation en polyester recycl\u00e9<br \/>\n- Coutures soud\u00e9es dans les zones critiques<br \/>\n- Deux grandes poches avant<br \/>\n- Poche poitrine int\u00e9rieure avec fermeture \u00e0 glissi\u00e8re<br \/>\n- Capuche r\u00e9glable<br \/>\n- Bandes r\u00e9glables \u00e0 la taille<br \/>\n- Poignets \u00e9lastiques avec trous pour les pouces<br \/>\n- Fentes lat\u00e9rales avec bouton-pression en bas pour une plus grande libert\u00e9 de mouvement<br \/>\n- fermeture \u00e9clair YKK \u00e0 2 voies<br \/>\n- Coupe au niveau des hanches<br \/>\n- Coupe normale<\/p>\n<p>Mat\u00e9riaux : Main Face 65% Polyester Recycl\u00e9 35% Coton, Main Back 100% Polyur\u00e9thane, Padding 100% Polyester Recycl\u00e9, Doublure 100% Polyester Recycl\u00e9<\/p>","protected":false},"excerpt":{"rendered":"<p>Der Urban Padded Parka ist ein isolierter Parka, der Sie bei wirklich kalten Winterbedingungen warm und gem\u00fctlich h\u00e4lt. Mit seinem minimalistischen Design l\u00e4sst er sich m\u00fchelos zwischen l\u00e4ssigen Winterspazierg\u00e4ngen und formelleren Anl\u00e4ssen kombinieren. Dieser stylische Kaltwetterparka besteht aus einem wasserabweisenden und strapazierf\u00e4higen Stoff und verf\u00fcgt \u00fcber eine Polyesterisolierung, die Sie an nassen Herbst- und Wintertagen [&hellip;]<\/p>\n","protected":false},"featured_media":736143,"template":"","meta":[],"product_brand":[],"product_cat":[4186],"product_tag":[],"class_list":{"0":"post-736139","1":"product","2":"type-product","3":"status-publish","4":"has-post-thumbnail","6":"product_cat-jacken","7":"pa_brand-craft","8":"pa_brand-type-sportswear","9":"pa_filter-color-beige","10":"pa_filter-color-blau","11":"pa_filter-color-schwarz","13":"first","14":"instock","15":"sale","16":"taxable","17":"shipping-taxable","18":"purchasable","19":"product-type-variable","20":"add-to-wishlist-before_image"},"exclude_global_add_ons":[],"addons":[],"acf":[],"_links":{"self":[{"href":"https:\/\/shop.kustom.ch\/fr\/wp-json\/wp\/v2\/product\/736139"}],"collection":[{"href":"https:\/\/shop.kustom.ch\/fr\/wp-json\/wp\/v2\/product"}],"about":[{"href":"https:\/\/shop.kustom.ch\/fr\/wp-json\/wp\/v2\/types\/product"}],"wp:featuredmedia":[{"embeddable":true,"href":"https:\/\/shop.kustom.ch\/fr\/wp-json\/wp\/v2\/media\/736143"}],"wp:attachment":[{"href":"https:\/\/shop.kustom.ch\/fr\/wp-json\/wp\/v2\/media?parent=736139"}],"wp:term":[{"taxonomy":"product_brand","embeddable":true,"href":"https:\/\/shop.kustom.ch\/fr\/wp-json\/wp\/v2\/product_brand?post=736139"},{"taxonomy":"product_cat","embeddable":true,"href":"https:\/\/shop.kustom.ch\/fr\/wp-json\/wp\/v2\/product_cat?post=736139"},{"taxonomy":"product_tag","embeddable":true,"href":"https:\/\/shop.kustom.ch\/fr\/wp-json\/wp\/v2\/product_tag?post=736139"}],"curies":[{"name":"wp","href":"https:\/\/api.w.org\/{rel}","templated":true}]}}