{"id":735968,"date":"2026-04-16T08:31:20","date_gmt":"2026-04-16T07:31:20","guid":{"rendered":"https:\/\/shop.kustom.ch\/?post_type=product&#038;p=735968"},"modified":"2026-04-16T08:31:53","modified_gmt":"2026-04-16T07:31:53","slug":"pro-hydro-lightweight-vest-m","status":"publish","type":"product","link":"https:\/\/shop.kustom.ch\/fr\/produit\/pro-hydro-lightweight-vest-m\/","title":{"rendered":"Gilet l\u00e9ger PRO Hydro M"},"content":{"rendered":"<p>Con\u00e7ue pour aider les coureurs exigeants \u00e0 repousser leurs limites dans toutes les conditions, la veste PRO Hydro Lightweight Vest offre une excellente protection contre les intemp\u00e9ries dans un ensemble exceptionnellement l\u00e9ger.<\/p>\n<p>Ce gilet de course avec capuche est compos\u00e9 d'un tissu 2 couches fin et extensible qui offre une protection exceptionnelle contre les intemp\u00e9ries tout en garantissant une respirabilit\u00e9 maximale. Son design l\u00e9ger et minimaliste garantit une grande libert\u00e9 de mouvement et le rend parfait pour les entra\u00eenements de haute intensit\u00e9 dans des conditions humides. De plus, le gilet est dot\u00e9 d'une ouverture d'a\u00e9ration dans le dos qui permet d'\u00e9vacuer l'exc\u00e8s de chaleur et d'humidit\u00e9 et de rester au frais et au sec pendant toute la dur\u00e9e de la course. Le gilet est \u00e9galement con\u00e7u pour \u00eatre facilement emball\u00e9 dans une taille compacte, ce qui vous permet de le porter sans effort pendant vos s\u00e9ances d'entra\u00eenement. <\/p>\n<p>- Tissu 2 couches ultral\u00e9ger, \u00e9lastique, coupe-vent et imperm\u00e9able (45 g\/m\u00b2) (WP 8.000\/MVP 8.000)<br \/>\n- Coutures soud\u00e9es<br \/>\n- Ouverture d'a\u00e9ration sur l'empi\u00e8cement dorsal<br \/>\n- fermeture \u00e9clair frontale \u00e9tanche<br \/>\n- Cordon de serrage \u00e9lastique r\u00e9glable \u00e0 l'ourlet inf\u00e9rieur<br \/>\n- Capuche imperm\u00e9able avec gu\u00eatre \u00e9lastique qui prot\u00e8ge du vent et de l'eau<\/p>","protected":false},"excerpt":{"rendered":"<p>Die PRO Hydro Lightweight Vest wurde entwickelt, um anspruchsvollen L\u00e4ufern dabei zu helfen, unter allen Bedingungen an ihre Grenzen zu gehen, und bietet hervorragenden Wetterschutz in einem aussergew\u00f6hnlich leichten Paket. Diese Laufweste mit Kapuze besteht aus einem d\u00fcnnen und dehnbaren 2-Lagen-Gewebe, das aussergew\u00f6hnlichen Wetterschutz und gleichzeitig maximale Atmungsaktivit\u00e4t bietet. Sein leichtes und minimalistisches Design gew\u00e4hrleistet [&hellip;]<\/p>\n","protected":false},"featured_media":735969,"template":"","meta":[],"product_brand":[],"product_cat":[4208],"product_tag":[],"class_list":{"0":"post-735968","1":"product","2":"type-product","3":"status-publish","4":"has-post-thumbnail","6":"product_cat-westen","7":"pa_brand-craft","8":"pa_brand-type-sportswear","9":"pa_filter-color-schwarz","11":"first","12":"instock","13":"sale","14":"taxable","15":"shipping-taxable","16":"purchasable","17":"product-type-variable","18":"add-to-wishlist-before_image"},"exclude_global_add_ons":[],"addons":[],"acf":[],"_links":{"self":[{"href":"https:\/\/shop.kustom.ch\/fr\/wp-json\/wp\/v2\/product\/735968"}],"collection":[{"href":"https:\/\/shop.kustom.ch\/fr\/wp-json\/wp\/v2\/product"}],"about":[{"href":"https:\/\/shop.kustom.ch\/fr\/wp-json\/wp\/v2\/types\/product"}],"wp:featuredmedia":[{"embeddable":true,"href":"https:\/\/shop.kustom.ch\/fr\/wp-json\/wp\/v2\/media\/735969"}],"wp:attachment":[{"href":"https:\/\/shop.kustom.ch\/fr\/wp-json\/wp\/v2\/media?parent=735968"}],"wp:term":[{"taxonomy":"product_brand","embeddable":true,"href":"https:\/\/shop.kustom.ch\/fr\/wp-json\/wp\/v2\/product_brand?post=735968"},{"taxonomy":"product_cat","embeddable":true,"href":"https:\/\/shop.kustom.ch\/fr\/wp-json\/wp\/v2\/product_cat?post=735968"},{"taxonomy":"product_tag","embeddable":true,"href":"https:\/\/shop.kustom.ch\/fr\/wp-json\/wp\/v2\/product_tag?post=735968"}],"curies":[{"name":"wp","href":"https:\/\/api.w.org\/{rel}","templated":true}]}}