{"id":735738,"date":"2026-04-16T08:28:45","date_gmt":"2026-04-16T07:28:45","guid":{"rendered":"https:\/\/shop.kustom.ch\/?post_type=product&#038;p=735738"},"modified":"2026-04-16T08:30:05","modified_gmt":"2026-04-16T07:30:05","slug":"active-string-w","status":"publish","type":"product","link":"https:\/\/shop.kustom.ch\/fr\/produit\/active-string-w\/","title":{"rendered":"Cha\u00eene active W"},"content":{"rendered":"<p>Der Dry String 2 ist ein leichter und atmungsaktiver Tanga mit hervorragendem Feuchtigkeitstransport, der beim t\u00e4glichen Training hervorragenden Komfort bietet. Die aktualisierte Version besteht aus recyceltem Polyamid und verf\u00fcgt \u00fcber eine neue, verbesserte Passform.<\/p>\n<p>\u2022 Leichtes und atmungsaktives Gewebe aus recyceltem Polyamid<br \/>\n\u2022 Neue und bequemere Passform<\/p>\n<p>Material: 91% Recyceltes Polyamid, 9% Elastan<\/p>","protected":false},"excerpt":{"rendered":"<p>Der Dry String 2 ist ein leichter und atmungsaktiver Tanga mit hervorragendem Feuchtigkeitstransport, der beim t\u00e4glichen Training hervorragenden Komfort bietet. Die aktualisierte Version besteht aus recyceltem Polyamid und verf\u00fcgt \u00fcber eine neue, verbesserte Passform. \u2022 Leichtes und atmungsaktives Gewebe aus recyceltem Polyamid \u2022 Neue und bequemere Passform Material: 91% Recyceltes Polyamid, 9% Elastan<\/p>","protected":false},"featured_media":735798,"template":"","meta":[],"product_brand":[],"product_cat":[4206],"product_tag":[],"class_list":{"0":"post-735738","1":"product","2":"type-product","3":"status-publish","4":"has-post-thumbnail","6":"product_cat-underwear","7":"pa_brand-craft","8":"pa_brand-type-sportswear","9":"pa_filter-color-schwarz","10":"pa_filter-color-weiss","12":"first","13":"instock","14":"sale","15":"taxable","16":"shipping-taxable","17":"purchasable","18":"product-type-variable","19":"add-to-wishlist-before_image"},"exclude_global_add_ons":[],"addons":[],"acf":[],"_links":{"self":[{"href":"https:\/\/shop.kustom.ch\/fr\/wp-json\/wp\/v2\/product\/735738"}],"collection":[{"href":"https:\/\/shop.kustom.ch\/fr\/wp-json\/wp\/v2\/product"}],"about":[{"href":"https:\/\/shop.kustom.ch\/fr\/wp-json\/wp\/v2\/types\/product"}],"wp:featuredmedia":[{"embeddable":true,"href":"https:\/\/shop.kustom.ch\/fr\/wp-json\/wp\/v2\/media\/735798"}],"wp:attachment":[{"href":"https:\/\/shop.kustom.ch\/fr\/wp-json\/wp\/v2\/media?parent=735738"}],"wp:term":[{"taxonomy":"product_brand","embeddable":true,"href":"https:\/\/shop.kustom.ch\/fr\/wp-json\/wp\/v2\/product_brand?post=735738"},{"taxonomy":"product_cat","embeddable":true,"href":"https:\/\/shop.kustom.ch\/fr\/wp-json\/wp\/v2\/product_cat?post=735738"},{"taxonomy":"product_tag","embeddable":true,"href":"https:\/\/shop.kustom.ch\/fr\/wp-json\/wp\/v2\/product_tag?post=735738"}],"curies":[{"name":"wp","href":"https:\/\/api.w.org\/{rel}","templated":true}]}}