{"id":735675,"date":"2026-04-16T08:28:02","date_gmt":"2026-04-16T07:28:02","guid":{"rendered":"https:\/\/shop.kustom.ch\/?post_type=product&#038;p=735675"},"modified":"2026-04-16T08:28:24","modified_gmt":"2026-04-16T07:28:24","slug":"active-comfort-knickers-2-m","status":"publish","type":"product","link":"https:\/\/shop.kustom.ch\/fr\/produit\/active-comfort-knickers-2-m\/","title":{"rendered":"Active Comfort Knickers 2 M"},"content":{"rendered":"<p>Dry Active Comfort Knickers 2 sind weiche und funktionelle Unterhosen, die sich f\u00fcr fast jede Aktivit\u00e4t eignen, vom t\u00e4glichen Training bis hin zum alpinen Skifahren, Trekking und entspannten Apr\u00e8s-Ski. Jetzt aus 100 % recycelten Materialien hergestellt.<\/p>\n<p>Ce baselayer polyvalent et extr\u00eamement confortable est compos\u00e9 de polyamide recycl\u00e9 100% et de polyester, un m\u00e9lange doux et fonctionnel qui offre \u00e0 la fois chaleur et \u00e9vacuation efficace de l'humidit\u00e9. De plus, ce v\u00eatement poss\u00e8de peu de coutures et une structure proche du corps pour une meilleure r\u00e9gulation de la chaleur. Si vous n'avez besoin que d'un seul baselayer pour toutes vos s\u00e9ances d'entra\u00eenement et activit\u00e9s physiques, c'est celui qu'il vous faut.<\/p>\n<p>- Tissu doux et fonctionnel, en partie compos\u00e9 de 100 % de mat\u00e9riaux recycl\u00e9s<br \/>\n- Structure bodymapping pour une meilleure r\u00e9gulation de la chaleur<br \/>\n- Peu de coutures pour un confort optimal<br \/>\n- Coutures flatlock qui suivent les mouvements du corps<\/p>\n<p>Material: 75% Recyceltes Polyamid, 25% Recycelter Polyester<\/p>","protected":false},"excerpt":{"rendered":"<p>Dry Active Comfort Knickers 2 sind weiche und funktionelle Unterhosen, die sich f\u00fcr fast jede Aktivit\u00e4t eignen, vom t\u00e4glichen Training bis hin zum alpinen Skifahren, Trekking und entspannten Apr\u00e8s-Ski. Jetzt aus 100 % recycelten Materialien hergestellt. Dieser vielseitige und \u00e4usserst komfortable Baselayer besteht aus 100% recyceltem Polyamid und Polyester, einer weichen und funktionellen Mischung, die [&hellip;]<\/p>\n","protected":false},"featured_media":735695,"template":"","meta":[],"product_brand":[],"product_cat":[4206],"product_tag":[],"class_list":{"0":"post-735675","1":"product","2":"type-product","3":"status-publish","4":"has-post-thumbnail","6":"product_cat-underwear","7":"pa_brand-craft","8":"pa_brand-type-sportswear","9":"pa_filter-color-schwarz","11":"first","12":"instock","13":"sale","14":"taxable","15":"shipping-taxable","16":"purchasable","17":"product-type-variable","18":"add-to-wishlist-before_image"},"exclude_global_add_ons":[],"addons":[],"acf":[],"_links":{"self":[{"href":"https:\/\/shop.kustom.ch\/fr\/wp-json\/wp\/v2\/product\/735675"}],"collection":[{"href":"https:\/\/shop.kustom.ch\/fr\/wp-json\/wp\/v2\/product"}],"about":[{"href":"https:\/\/shop.kustom.ch\/fr\/wp-json\/wp\/v2\/types\/product"}],"wp:featuredmedia":[{"embeddable":true,"href":"https:\/\/shop.kustom.ch\/fr\/wp-json\/wp\/v2\/media\/735695"}],"wp:attachment":[{"href":"https:\/\/shop.kustom.ch\/fr\/wp-json\/wp\/v2\/media?parent=735675"}],"wp:term":[{"taxonomy":"product_brand","embeddable":true,"href":"https:\/\/shop.kustom.ch\/fr\/wp-json\/wp\/v2\/product_brand?post=735675"},{"taxonomy":"product_cat","embeddable":true,"href":"https:\/\/shop.kustom.ch\/fr\/wp-json\/wp\/v2\/product_cat?post=735675"},{"taxonomy":"product_tag","embeddable":true,"href":"https:\/\/shop.kustom.ch\/fr\/wp-json\/wp\/v2\/product_tag?post=735675"}],"curies":[{"name":"wp","href":"https:\/\/api.w.org\/{rel}","templated":true}]}}