{"id":735510,"date":"2026-04-16T08:25:55","date_gmt":"2026-04-16T07:25:55","guid":{"rendered":"https:\/\/shop.kustom.ch\/?post_type=product&#038;p=735510"},"modified":"2026-04-16T08:26:42","modified_gmt":"2026-04-16T07:26:42","slug":"pro-nordic-race-thermal-jacket-w","status":"publish","type":"product","link":"https:\/\/shop.kustom.ch\/fr\/produit\/pro-nordic-race-thermal-jacket-w\/","title":{"rendered":"Veste thermique Pro Nordic Race W"},"content":{"rendered":"<p>La veste Pro Nordic Race Thermal Jacket est une veste de ski chaude de qualit\u00e9 professionnelle, con\u00e7ue pour le ski de fond intensif dans des conditions froides.<\/p>\n<p>Cette veste de ski nordique innovante est fabriqu\u00e9e en tissu Ventair\u00ae 3 couches \u00e9lastique et hautement fonctionnel, qui offre une excellente protection contre les intemp\u00e9ries et une excellente gestion de la temp\u00e9rature corporelle. De plus, cette veste haute performance est dot\u00e9e d'une doublure Primaloft sur le devant et les \u00e9paules, qui offre une isolation exceptionnelle pour un confort optimal lors des froides journ\u00e9es d'hiver. Des perforations \u00e0 l'arri\u00e8re assurent une meilleure ventilation, tandis que le tissu en jersey bross\u00e9 \u00e0 l'int\u00e9rieur du col apporte un confort suppl\u00e9mentaire. La veste dispose \u00e9galement d'un design a\u00e9rodynamique pour une vitesse maximale.<\/p>\n<p>- Tissu Ventair\u00ae stretch \u00e0 trois couches, imperm\u00e9able au vent et \u00e0 l'eau, WP 15\u2018000\/MVP 10\u2018000<br \/>\n- Doublure douce et bross\u00e9e en Primaloft sur le devant et les \u00e9paules<br \/>\n- perforations \u00e0 l'arri\u00e8re pour une meilleure ventilation<br \/>\n- Coutures coll\u00e9es<br \/>\n- le tissu Scuba aux extr\u00e9mit\u00e9s des manches assure un ajustement confortable<br \/>\n- Jersey doux et bross\u00e9 \u00e0 l'int\u00e9rieur du col pour plus de confort<br \/>\n- Deux poches zipp\u00e9es \u00e0 l'avant pour ranger les petits objets en toute s\u00e9curit\u00e9<br \/>\n- le bouton-pression sur le rabat int\u00e9rieur du vent offre des possibilit\u00e9s d'a\u00e9ration suppl\u00e9mentaires<br \/>\n- Coupe ajust\u00e9e et a\u00e9rodynamique<\/p>\n<p>Mat\u00e9riaux : Body Face 100% Polyester recycl\u00e9, Middle 100% Polyur\u00e9thane, Back 100% Polyester, Lining Front Body Front Sleeves 100% Polyester recycl\u00e9, Back Lining Back Sleeves 87% Polyester recycl\u00e9, 13% Elasthanne<\/p>","protected":false},"excerpt":{"rendered":"<p>Das Pro Nordic Race Thermal Jacket ist eine warme Skijacke in Profiqualit\u00e4t, die f\u00fcr intensives Langlaufen bei kalten Bedingungen entwickelt wurde. Diese innovative nordische Skijacke besteht aus elastischem und hochfunktionellem 3-Lagen-Ventair\u00ae-Gewebe, das hervorragenden Wetterschutz und ein ausgezeichnetes K\u00f6rpertemperaturmanagement bietet. Ausserdem ist die Hochleistungsjacke mit Primaloft-Futter an der Vorderseite und an den Schultern ausgestattet, das eine [&hellip;]<\/p>\n","protected":false},"featured_media":735544,"template":"","meta":[],"product_brand":[],"product_cat":[4186],"product_tag":[],"class_list":{"0":"post-735510","1":"product","2":"type-product","3":"status-publish","4":"has-post-thumbnail","6":"product_cat-jacken","7":"pa_brand-craft","8":"pa_brand-type-sportswear","9":"pa_filter-color-schwarz","11":"first","12":"instock","13":"sale","14":"taxable","15":"shipping-taxable","16":"purchasable","17":"product-type-variable","18":"add-to-wishlist-before_image"},"exclude_global_add_ons":[],"addons":[],"acf":[],"_links":{"self":[{"href":"https:\/\/shop.kustom.ch\/fr\/wp-json\/wp\/v2\/product\/735510"}],"collection":[{"href":"https:\/\/shop.kustom.ch\/fr\/wp-json\/wp\/v2\/product"}],"about":[{"href":"https:\/\/shop.kustom.ch\/fr\/wp-json\/wp\/v2\/types\/product"}],"wp:featuredmedia":[{"embeddable":true,"href":"https:\/\/shop.kustom.ch\/fr\/wp-json\/wp\/v2\/media\/735544"}],"wp:attachment":[{"href":"https:\/\/shop.kustom.ch\/fr\/wp-json\/wp\/v2\/media?parent=735510"}],"wp:term":[{"taxonomy":"product_brand","embeddable":true,"href":"https:\/\/shop.kustom.ch\/fr\/wp-json\/wp\/v2\/product_brand?post=735510"},{"taxonomy":"product_cat","embeddable":true,"href":"https:\/\/shop.kustom.ch\/fr\/wp-json\/wp\/v2\/product_cat?post=735510"},{"taxonomy":"product_tag","embeddable":true,"href":"https:\/\/shop.kustom.ch\/fr\/wp-json\/wp\/v2\/product_tag?post=735510"}],"curies":[{"name":"wp","href":"https:\/\/api.w.org\/{rel}","templated":true}]}}