{"id":735344,"date":"2026-04-16T08:24:07","date_gmt":"2026-04-16T07:24:07","guid":{"rendered":"https:\/\/shop.kustom.ch\/?post_type=product&#038;p=735344"},"modified":"2026-04-16T12:29:37","modified_gmt":"2026-04-16T11:29:37","slug":"explore-padded-glove","status":"publish","type":"product","link":"https:\/\/shop.kustom.ch\/fr\/produit\/explore-padded-glove\/","title":{"rendered":"Gant padded Explore"},"content":{"rendered":"<p>Le gant Explore Padded Glove est dot\u00e9 d'une isolation PrimaLoft et d'un tissu ext\u00e9rieur d\u00e9perlant qui assurent une chaleur et une protection exceptionnelles dans des conditions froides et enneig\u00e9es. Les paumes et les doigts renforc\u00e9s offrent une r\u00e9sistance suppl\u00e9mentaire, tandis qu'une fermeture velcro au poignet assure un ajustement s\u00fbr et confortable. Un excellent choix aussi bien pour un usage quotidien que pour des aventures en plein air de plusieurs jours.<\/p>\n<p>- Mat\u00e9riau ext\u00e9rieur hydrofuge<br \/>\n- Isolation PrimaLoft<br \/>\n- Paume et doigts renforc\u00e9s<br \/>\n- fermeture velcro<\/p>\n<p>Material: Backhand 100% Recycelter Polyester, Palm 100% Polyurethan, Lining 100% Polyester, Padding 100% Recycelter Polyester, Membrane 100% Polyurethan<\/p>","protected":false},"excerpt":{"rendered":"<p>Der Explore Padded Glove verf\u00fcgt \u00fcber eine PrimaLoft-Isolierung und ein wasserabweisendes Aussenmaterial, das f\u00fcr aussergew\u00f6hnliche W\u00e4rme und Schutz bei kalten, verschneiten Bedingungen sorgt. Verst\u00e4rkte Handfl\u00e4chen und Finger sorgen f\u00fcr zus\u00e4tzliche Strapazierf\u00e4higkeit, w\u00e4hrend ein Klettverschluss am Handgelenk f\u00fcr einen sicheren und bequemen Sitz sorgt. Eine grossartige Wahl sowohl f\u00fcr den t\u00e4glichen Gebrauch als auch f\u00fcr mehrt\u00e4gige [&hellip;]<\/p>\n","protected":false},"featured_media":735397,"template":"","meta":[],"product_brand":[],"product_cat":[4180],"product_tag":[],"class_list":{"0":"post-735344","1":"product","2":"type-product","3":"status-publish","4":"has-post-thumbnail","6":"product_cat-handschuhe","7":"pa_brand-craft","8":"pa_brand-type-sportswear","9":"pa_filter-color-blau","10":"pa_filter-color-schwarz","12":"first","13":"instock","14":"sale","15":"taxable","16":"shipping-taxable","17":"purchasable","18":"product-type-variable","19":"add-to-wishlist-before_image"},"exclude_global_add_ons":[],"addons":[],"acf":[],"_links":{"self":[{"href":"https:\/\/shop.kustom.ch\/fr\/wp-json\/wp\/v2\/product\/735344"}],"collection":[{"href":"https:\/\/shop.kustom.ch\/fr\/wp-json\/wp\/v2\/product"}],"about":[{"href":"https:\/\/shop.kustom.ch\/fr\/wp-json\/wp\/v2\/types\/product"}],"wp:featuredmedia":[{"embeddable":true,"href":"https:\/\/shop.kustom.ch\/fr\/wp-json\/wp\/v2\/media\/735397"}],"wp:attachment":[{"href":"https:\/\/shop.kustom.ch\/fr\/wp-json\/wp\/v2\/media?parent=735344"}],"wp:term":[{"taxonomy":"product_brand","embeddable":true,"href":"https:\/\/shop.kustom.ch\/fr\/wp-json\/wp\/v2\/product_brand?post=735344"},{"taxonomy":"product_cat","embeddable":true,"href":"https:\/\/shop.kustom.ch\/fr\/wp-json\/wp\/v2\/product_cat?post=735344"},{"taxonomy":"product_tag","embeddable":true,"href":"https:\/\/shop.kustom.ch\/fr\/wp-json\/wp\/v2\/product_tag?post=735344"}],"curies":[{"name":"wp","href":"https:\/\/api.w.org\/{rel}","templated":true}]}}