{"id":735120,"date":"2026-04-16T08:21:43","date_gmt":"2026-04-16T07:21:43","guid":{"rendered":"https:\/\/shop.kustom.ch\/?post_type=product&#038;p=735120"},"modified":"2026-04-16T08:22:51","modified_gmt":"2026-04-16T07:22:51","slug":"frequent-sweatpants-m","status":"publish","type":"product","link":"https:\/\/shop.kustom.ch\/fr\/produit\/frequent-sweatpants-m\/","title":{"rendered":"Fr\u00e9quent Sweatpants M"},"content":{"rendered":"<p>Frequent Sweatpants sind locker sitzende Jogginghosen f\u00fcr den Alltag.<\/p>\n<p>Diese l\u00e4ssige, vielseitige Jogginghose besteht aus einem schweren Baumwollstoff mit Loopback, der auf der R\u00fcckseite des Stoffes kleine Schlaufen aufweist. Die Jogginghose verf\u00fcgt ausserdem \u00fcber einen Kordelzug in der Taille f\u00fcr eine verstellbare Passform, zwei praktische Seitentaschen und eine Ges\u00e4sstasche, sodass sie sowohl praktisch als auch stilvoll ist und sich den ganzen Tag \u00fcber tragen l\u00e4sst. Perfekt f\u00fcr das Branding mit Vereins-, Sponsoren- oder Firmenlogos.<\/p>\n<p>\u2022 Hergestellt aus 100 % Bio-Baumwolle (380 gsm)<br \/>\n\u2022 Loopback-Gewebe<br \/>\n- Cordon de serrage r\u00e9glable \u00e0 la taille<br \/>\n\u2022 Gummizug an Taille und Beinabschl\u00fcssen<br \/>\n- Deux poches lat\u00e9rales avec fermeture \u00e9clair<br \/>\n\u2022 Ges\u00e4sstasche<br \/>\n- Coupe d\u00e9contract\u00e9e<\/p>\n<p>Material: Main 100% Bio-Baumwolle, Lining 100% Bio-Baumwolle<\/p>","protected":false},"excerpt":{"rendered":"<p>Frequent Sweatpants sind locker sitzende Jogginghosen f\u00fcr den Alltag. Diese l\u00e4ssige, vielseitige Jogginghose besteht aus einem schweren Baumwollstoff mit Loopback, der auf der R\u00fcckseite des Stoffes kleine Schlaufen aufweist. Die Jogginghose verf\u00fcgt ausserdem \u00fcber einen Kordelzug in der Taille f\u00fcr eine verstellbare Passform, zwei praktische Seitentaschen und eine Ges\u00e4sstasche, sodass sie sowohl praktisch als auch [&hellip;]<\/p>\n","protected":false},"featured_media":735147,"template":"","meta":[],"product_brand":[],"product_cat":[4185],"product_tag":[],"class_list":{"0":"post-735120","1":"product","2":"type-product","3":"status-publish","4":"has-post-thumbnail","6":"product_cat-hosen","7":"pa_brand-craft","8":"pa_brand-type-sportswear","9":"pa_filter-color-blau","10":"pa_filter-color-braun","11":"pa_filter-color-schwarz","13":"first","14":"instock","15":"sale","16":"taxable","17":"shipping-taxable","18":"purchasable","19":"product-type-variable","20":"add-to-wishlist-before_image"},"exclude_global_add_ons":[],"addons":[],"acf":[],"_links":{"self":[{"href":"https:\/\/shop.kustom.ch\/fr\/wp-json\/wp\/v2\/product\/735120"}],"collection":[{"href":"https:\/\/shop.kustom.ch\/fr\/wp-json\/wp\/v2\/product"}],"about":[{"href":"https:\/\/shop.kustom.ch\/fr\/wp-json\/wp\/v2\/types\/product"}],"wp:featuredmedia":[{"embeddable":true,"href":"https:\/\/shop.kustom.ch\/fr\/wp-json\/wp\/v2\/media\/735147"}],"wp:attachment":[{"href":"https:\/\/shop.kustom.ch\/fr\/wp-json\/wp\/v2\/media?parent=735120"}],"wp:term":[{"taxonomy":"product_brand","embeddable":true,"href":"https:\/\/shop.kustom.ch\/fr\/wp-json\/wp\/v2\/product_brand?post=735120"},{"taxonomy":"product_cat","embeddable":true,"href":"https:\/\/shop.kustom.ch\/fr\/wp-json\/wp\/v2\/product_cat?post=735120"},{"taxonomy":"product_tag","embeddable":true,"href":"https:\/\/shop.kustom.ch\/fr\/wp-json\/wp\/v2\/product_tag?post=735120"}],"curies":[{"name":"wp","href":"https:\/\/api.w.org\/{rel}","templated":true}]}}