{"id":735093,"date":"2026-04-16T08:21:21","date_gmt":"2026-04-16T07:21:21","guid":{"rendered":"https:\/\/shop.kustom.ch\/?post_type=product&#038;p=735093"},"modified":"2026-04-16T08:21:29","modified_gmt":"2026-04-16T07:21:29","slug":"endur-cargo-shorts-c3-w","status":"publish","type":"product","link":"https:\/\/shop.kustom.ch\/fr\/produit\/endur-cargo-shorts-c3-w\/","title":{"rendered":"Endur Cargo Shorts C3 W"},"content":{"rendered":"<p>Die Endur Cargo Shorts C3 sind elastische und funktionelle Radhosen, die f\u00fcr Gravel-Enthusiasten aller Art entwickelt wurden.<\/p>\n<p>Diese vielseitigen Radhosen aus recyceltem Polyamid und Elasthan bieten hervorragende Dehnbarkeit, K\u00f6rperkontrolle und Feuchtigkeitsmanagement. Ein doppellagiger Bund sorgt f\u00fcr einen sicheren und bequemen Sitz, w\u00e4hrend ein Gummiband mit Silikonaufdruck am Beinabschluss die Shorts sicher an ihrem Platz h\u00e4lt. Die Shorts sind auf Effizienz und Komfort ausgelegt und verf\u00fcgen \u00fcber eine offene Beintasche f\u00fcr einfachen Zugriff auf Gels, Energieriegel und andere wichtige Utensilien. Dar\u00fcber hinaus bietet das neue und verbesserte C3-Polster hohen Komfort und macht jede Gravel-Tour zu einem reibungslosen und angenehmen Erlebnis.<\/p>\n<p>Infinity C3 \u2013 hoher Komfort f\u00fcr alle Arten von Radfahrern<br \/>\nDas Infinity C3-Polster wurde f\u00fcr alle Arten von Fahrern entwickelt, um jede Fahrt zu einem komfortablen Erlebnis zu machen. Das Polster verf\u00fcgt \u00fcber hervorragende anatomische Eigenschaften sowie eine hydrophile Behandlung und Hohlfasertechnologie, die zusammen den Feuchtigkeitstransport verbessern. Dank seines gut gestalteten Sitzbereichs und des 4-Wege-Stretchmaterials bietet das Polster die richtige Unterst\u00fctzung f\u00fcr alle K\u00f6rperbewegungen. Dar\u00fcber hinaus verf\u00fcgt das Polster \u00fcber einen biobasierten Schaumstoff aus Rizinussamen.<\/p>\n<p>\u2022 Elastisches, funktionelles und strapazierf\u00e4higes Material aus recyceltem Polyamid und Elasthan<br \/>\n\u2022 Doppellagiger Bund<br \/>\n\u2022 Offene Beintasche<br \/>\n- Bas de jambes \u00e9lastiques avec impression en silicone<br \/>\n\u2022 Infinity C3 Pad Damen<\/p>","protected":false},"excerpt":{"rendered":"<p>Die Endur Cargo Shorts C3 sind elastische und funktionelle Radhosen, die f\u00fcr Gravel-Enthusiasten aller Art entwickelt wurden. Diese vielseitigen Radhosen aus recyceltem Polyamid und Elasthan bieten hervorragende Dehnbarkeit, K\u00f6rperkontrolle und Feuchtigkeitsmanagement. Ein doppellagiger Bund sorgt f\u00fcr einen sicheren und bequemen Sitz, w\u00e4hrend ein Gummiband mit Silikonaufdruck am Beinabschluss die Shorts sicher an ihrem Platz h\u00e4lt. [&hellip;]<\/p>\n","protected":false},"featured_media":698275,"template":"","meta":[],"product_brand":[],"product_cat":[4198],"product_tag":[],"class_list":{"0":"post-735093","1":"product","2":"type-product","3":"status-publish","4":"has-post-thumbnail","6":"product_cat-shorts","7":"pa_brand-craft","8":"pa_brand-type-sportswear","9":"pa_filter-color-schwarz","11":"first","12":"instock","13":"sale","14":"taxable","15":"shipping-taxable","16":"purchasable","17":"product-type-variable","18":"add-to-wishlist-before_image"},"exclude_global_add_ons":[],"addons":[],"acf":[],"_links":{"self":[{"href":"https:\/\/shop.kustom.ch\/fr\/wp-json\/wp\/v2\/product\/735093"}],"collection":[{"href":"https:\/\/shop.kustom.ch\/fr\/wp-json\/wp\/v2\/product"}],"about":[{"href":"https:\/\/shop.kustom.ch\/fr\/wp-json\/wp\/v2\/types\/product"}],"wp:featuredmedia":[{"embeddable":true,"href":"https:\/\/shop.kustom.ch\/fr\/wp-json\/wp\/v2\/media\/698275"}],"wp:attachment":[{"href":"https:\/\/shop.kustom.ch\/fr\/wp-json\/wp\/v2\/media?parent=735093"}],"wp:term":[{"taxonomy":"product_brand","embeddable":true,"href":"https:\/\/shop.kustom.ch\/fr\/wp-json\/wp\/v2\/product_brand?post=735093"},{"taxonomy":"product_cat","embeddable":true,"href":"https:\/\/shop.kustom.ch\/fr\/wp-json\/wp\/v2\/product_cat?post=735093"},{"taxonomy":"product_tag","embeddable":true,"href":"https:\/\/shop.kustom.ch\/fr\/wp-json\/wp\/v2\/product_tag?post=735093"}],"curies":[{"name":"wp","href":"https:\/\/api.w.org\/{rel}","templated":true}]}}