{"id":735075,"date":"2026-04-16T08:21:06","date_gmt":"2026-04-16T07:21:06","guid":{"rendered":"https:\/\/shop.kustom.ch\/?post_type=product&#038;p=735075"},"modified":"2026-04-16T08:21:18","modified_gmt":"2026-04-16T07:21:18","slug":"wool-seamless-bra-w","status":"publish","type":"product","link":"https:\/\/shop.kustom.ch\/fr\/produit\/wool-seamless-bra-w\/","title":{"rendered":"Soutien-gorge sans couture en laine W"},"content":{"rendered":"<p>Der Wool Seamless Bra ist ein hochwertiger Trainings-BH mit nahtlosem Design, der W\u00e4rme und Komfort bietet und perfekt f\u00fcr Outdoor-Aktivit\u00e4ten und den ganzen Tag geeignet ist.<\/p>\n<p>Dieser bequeme und vielseitige Sport-BH ist aus einem strapazierf\u00e4higen Stoff mit Wollanteil gefertigt, der Sie warm, trocken und geruchsneutral h\u00e4lt. Die nahtlose Konstruktion des Kleidungsst\u00fccks bietet ein angenehmes Tragegef\u00fchl, w\u00e4hrend das ergonomische Design f\u00fcr eine gute Passform und ausgezeichnete Bewegungsfreiheit sorgt. Eine grossartige Wahl f\u00fcr Trainingseinheiten mit geringer Intensit\u00e4t oder f\u00fcr die meisten Arten von Outdoor-Aktivit\u00e4ten bei kalten Bedingungen.<\/p>\n<p>\u2022 Weiche und strapazierf\u00e4hige Mischung aus Merinowolle, Polyamid und Elastan<br \/>\n- Laine sans mulesing<\/p>\n<p>\u2022 H\u00e4lt Sie warm und trocken, auch wenn es nass ist<br \/>\n\u2022 Von Natur aus geruchsfrei<br \/>\n\u2022 Nahtloses Design<br \/>\n- Coupe ajust\u00e9e<\/p>\n<p>Material: 62% Recyceltes Polyamid, 35% Wolle, 3% Elastan<\/p>","protected":false},"excerpt":{"rendered":"<p>Der Wool Seamless Bra ist ein hochwertiger Trainings-BH mit nahtlosem Design, der W\u00e4rme und Komfort bietet und perfekt f\u00fcr Outdoor-Aktivit\u00e4ten und den ganzen Tag geeignet ist. Dieser bequeme und vielseitige Sport-BH ist aus einem strapazierf\u00e4higen Stoff mit Wollanteil gefertigt, der Sie warm, trocken und geruchsneutral h\u00e4lt. Die nahtlose Konstruktion des Kleidungsst\u00fccks bietet ein angenehmes Tragegef\u00fchl, [&hellip;]<\/p>\n","protected":false},"featured_media":735086,"template":"","meta":[],"product_brand":[],"product_cat":[4206],"product_tag":[],"class_list":{"0":"post-735075","1":"product","2":"type-product","3":"status-publish","4":"has-post-thumbnail","6":"product_cat-underwear","7":"pa_brand-craft","8":"pa_brand-type-sportswear","9":"pa_filter-color-schwarz","11":"first","12":"instock","13":"sale","14":"taxable","15":"shipping-taxable","16":"purchasable","17":"product-type-variable","18":"add-to-wishlist-before_image"},"exclude_global_add_ons":[],"addons":[],"acf":[],"_links":{"self":[{"href":"https:\/\/shop.kustom.ch\/fr\/wp-json\/wp\/v2\/product\/735075"}],"collection":[{"href":"https:\/\/shop.kustom.ch\/fr\/wp-json\/wp\/v2\/product"}],"about":[{"href":"https:\/\/shop.kustom.ch\/fr\/wp-json\/wp\/v2\/types\/product"}],"wp:featuredmedia":[{"embeddable":true,"href":"https:\/\/shop.kustom.ch\/fr\/wp-json\/wp\/v2\/media\/735086"}],"wp:attachment":[{"href":"https:\/\/shop.kustom.ch\/fr\/wp-json\/wp\/v2\/media?parent=735075"}],"wp:term":[{"taxonomy":"product_brand","embeddable":true,"href":"https:\/\/shop.kustom.ch\/fr\/wp-json\/wp\/v2\/product_brand?post=735075"},{"taxonomy":"product_cat","embeddable":true,"href":"https:\/\/shop.kustom.ch\/fr\/wp-json\/wp\/v2\/product_cat?post=735075"},{"taxonomy":"product_tag","embeddable":true,"href":"https:\/\/shop.kustom.ch\/fr\/wp-json\/wp\/v2\/product_tag?post=735075"}],"curies":[{"name":"wp","href":"https:\/\/api.w.org\/{rel}","templated":true}]}}