{"id":734866,"date":"2026-04-16T08:18:34","date_gmt":"2026-04-16T07:18:34","guid":{"rendered":"https:\/\/shop.kustom.ch\/?post_type=product&#038;p=734866"},"modified":"2026-04-16T08:18:40","modified_gmt":"2026-04-16T07:18:40","slug":"core-essence-tights-2-m","status":"publish","type":"product","link":"https:\/\/shop.kustom.ch\/fr\/produit\/core-essence-tights-2-m\/","title":{"rendered":"Core Essence tights 2 M"},"content":{"rendered":"<p>Les collants Core Essence 2 sont d'excellents pantalons d'entra\u00eenement en polyester recycl\u00e9 et en jersey \u00e9lasthanne. Un design intemporel et une coupe confortable font de ce v\u00eatement d'entra\u00eenement polyvalent un favori imm\u00e9diat et durable.<\/p>\n<p>- Jersey en polyester recycl\u00e9 et \u00e9lasthanne<br \/>\n- Excellente coupe confortable<br \/>\n- Ceinture \u00e9lastique avec cordon de serrage<br \/>\n- Petite poche int\u00e9rieure en mesh<\/p>","protected":false},"excerpt":{"rendered":"<p>Core Essence Tights 2 sind hervorragende Trainingshosen aus recyceltem Polyester und Elasthan Jersey. Zeitloses Design und eine bequeme Passform machen dieses vielseitige Trainingsbekleidungsst\u00fcck zu einem sofortigen und langlebigen Favoriten. \u2022 Jersey aus recyceltem Polyester und Elasthan \u2022 Ausgezeichnete, bequeme Passform \u2022 Elastischer Bund mit Kordelzug \u2022 Kleine Innentasche aus Mesh<\/p>","protected":false},"featured_media":697935,"template":"","meta":[],"product_brand":[],"product_cat":[4190],"product_tag":[],"class_list":{"0":"post-734866","1":"product","2":"type-product","3":"status-publish","4":"has-post-thumbnail","6":"product_cat-leggings","7":"pa_brand-craft","8":"pa_brand-type-sportswear","9":"pa_filter-color-blau","10":"pa_filter-color-schwarz","12":"first","13":"instock","14":"sale","15":"taxable","16":"shipping-taxable","17":"purchasable","18":"product-type-variable","19":"add-to-wishlist-before_image"},"exclude_global_add_ons":[],"addons":[],"acf":[],"_links":{"self":[{"href":"https:\/\/shop.kustom.ch\/fr\/wp-json\/wp\/v2\/product\/734866"}],"collection":[{"href":"https:\/\/shop.kustom.ch\/fr\/wp-json\/wp\/v2\/product"}],"about":[{"href":"https:\/\/shop.kustom.ch\/fr\/wp-json\/wp\/v2\/types\/product"}],"wp:featuredmedia":[{"embeddable":true,"href":"https:\/\/shop.kustom.ch\/fr\/wp-json\/wp\/v2\/media\/697935"}],"wp:attachment":[{"href":"https:\/\/shop.kustom.ch\/fr\/wp-json\/wp\/v2\/media?parent=734866"}],"wp:term":[{"taxonomy":"product_brand","embeddable":true,"href":"https:\/\/shop.kustom.ch\/fr\/wp-json\/wp\/v2\/product_brand?post=734866"},{"taxonomy":"product_cat","embeddable":true,"href":"https:\/\/shop.kustom.ch\/fr\/wp-json\/wp\/v2\/product_cat?post=734866"},{"taxonomy":"product_tag","embeddable":true,"href":"https:\/\/shop.kustom.ch\/fr\/wp-json\/wp\/v2\/product_tag?post=734866"}],"curies":[{"name":"wp","href":"https:\/\/api.w.org\/{rel}","templated":true}]}}