{"id":734791,"date":"2026-04-16T08:17:33","date_gmt":"2026-04-16T07:17:33","guid":{"rendered":"https:\/\/shop.kustom.ch\/?post_type=product&#038;p=734791"},"modified":"2026-04-16T08:17:37","modified_gmt":"2026-04-16T07:17:37","slug":"everyday-xt-shorts-w","status":"publish","type":"product","link":"https:\/\/shop.kustom.ch\/fr\/produit\/everyday-xt-shorts-w\/","title":{"rendered":"Short Everyday XT W"},"content":{"rendered":"<p>Les shorts Everyday XT sont des shorts de v\u00e9lo r\u00e9sistants, extensibles et amples, con\u00e7us pour les randonn\u00e9es difficiles et intenses en VTT, enduro et gravel.<\/p>\n<p>Ce short de cyclisme haute performance est fabriqu\u00e9 dans un tissu polyamide r\u00e9sistant et \u00e9lastique et offre une grande durabilit\u00e9 et une excellente libert\u00e9 de mouvement. Le short dispose en outre d'une fermeture velcro \u00e0 la taille pour un ajustement optimal, ainsi que de deux poches ouvertes et d'une poche lat\u00e9rale zipp\u00e9e pour ranger en toute s\u00e9curit\u00e9 les cl\u00e9s et autres objets importants.<\/p>\n<p>- Mati\u00e8re \u00e9lastique, r\u00e9sistante et respirante en polyamide recycl\u00e9 et \u00e9lasthanne<br \/>\n- fermeture velcro anti-crochet \u00e0 la taille<br \/>\n- fermeture \u00e0 glissi\u00e8re avec bouton<br \/>\n- Poche lat\u00e9rale avec fermeture \u00e9clair<br \/>\n- Deux poches avant<br \/>\n- Coupe d\u00e9contract\u00e9e<\/p>","protected":false},"excerpt":{"rendered":"<p>Everyday XT Shorts sind strapazierf\u00e4hige, dehnbare und locker sitzende Bike Shorts, die f\u00fcr raue und intensive MTB-, Enduro- und Gravel-Radtouren entwickelt wurden. Diese High-Performance-Radshorts besteht aus einem strapazierf\u00e4higen und elastischen Polyamid-Gewebe und bietet eine hohe Haltbarkeit und exzellente Bewegungsfreiheit. Die Shorts verf\u00fcgen ausserdem \u00fcber einen Klettverschluss in der Taille, der den Sitz optimal einstellt, sowie [&hellip;]<\/p>\n","protected":false},"featured_media":697682,"template":"","meta":[],"product_brand":[],"product_cat":[4198],"product_tag":[],"class_list":{"0":"post-734791","1":"product","2":"type-product","3":"status-publish","4":"has-post-thumbnail","6":"product_cat-shorts","7":"pa_brand-craft","8":"pa_brand-type-sportswear","9":"pa_filter-color-schwarz","11":"first","12":"instock","13":"sale","14":"taxable","15":"shipping-taxable","16":"purchasable","17":"product-type-variable","18":"add-to-wishlist-before_image"},"exclude_global_add_ons":[],"addons":[],"acf":[],"_links":{"self":[{"href":"https:\/\/shop.kustom.ch\/fr\/wp-json\/wp\/v2\/product\/734791"}],"collection":[{"href":"https:\/\/shop.kustom.ch\/fr\/wp-json\/wp\/v2\/product"}],"about":[{"href":"https:\/\/shop.kustom.ch\/fr\/wp-json\/wp\/v2\/types\/product"}],"wp:featuredmedia":[{"embeddable":true,"href":"https:\/\/shop.kustom.ch\/fr\/wp-json\/wp\/v2\/media\/697682"}],"wp:attachment":[{"href":"https:\/\/shop.kustom.ch\/fr\/wp-json\/wp\/v2\/media?parent=734791"}],"wp:term":[{"taxonomy":"product_brand","embeddable":true,"href":"https:\/\/shop.kustom.ch\/fr\/wp-json\/wp\/v2\/product_brand?post=734791"},{"taxonomy":"product_cat","embeddable":true,"href":"https:\/\/shop.kustom.ch\/fr\/wp-json\/wp\/v2\/product_cat?post=734791"},{"taxonomy":"product_tag","embeddable":true,"href":"https:\/\/shop.kustom.ch\/fr\/wp-json\/wp\/v2\/product_tag?post=734791"}],"curies":[{"name":"wp","href":"https:\/\/api.w.org\/{rel}","templated":true}]}}