{"id":734753,"date":"2026-04-16T08:17:12","date_gmt":"2026-04-16T07:17:12","guid":{"rendered":"https:\/\/shop.kustom.ch\/?post_type=product&#038;p=734753"},"modified":"2026-04-16T08:17:29","modified_gmt":"2026-04-16T07:17:29","slug":"grid-hood-m","status":"publish","type":"product","link":"https:\/\/shop.kustom.ch\/fr\/produit\/grid-hood-m\/","title":{"rendered":"Grid Hood M"},"content":{"rendered":"<p>Le Grid Hood est un sweat \u00e0 capuche Baselayer chaud et d\u00e9contract\u00e9 avec une sensation de mid-layer, parfait \u00e0 porter seul ou en combinaison avec un gilet. Si le temps l'exige, il suffit d'enfiler une couche et c'est parti.<\/p>\n<p>Ce sweat \u00e0 capuche douillet, fabriqu\u00e9 \u00e0 partir d'un m\u00e9lange de polyester recycl\u00e9 et d'\u00e9lasthanne, offre chaleur, polyvalence et un look \u00e9l\u00e9gant. Il assure une excellente isolation et un grand confort pendant l'entra\u00eenement et les activit\u00e9s quotidiennes. Le maillot \u00e0 capuche est dot\u00e9 de manches raglan pour une plus grande libert\u00e9 de mouvement et d'une coupe ample pour un look d\u00e9contract\u00e9. <\/p>\n<p>- Tissu doux et fonctionnel en polyester recycl\u00e9 (96 %) et \u00e9lasthanne<br \/>\n- Tissu structur\u00e9<br \/>\n- manches raglan<br \/>\n- Capuche<br \/>\n- Coupe d\u00e9contract\u00e9e<\/p>\n<p>Mati\u00e8re : 96% polyester recycl\u00e9, 4% \u00e9lasthanne<\/p>","protected":false},"excerpt":{"rendered":"<p>Der Grid Hood ist ein warmer und l\u00e4ssiger Baselayer-Kapuzenpulli mit einem Mid-Layer-Gef\u00fchl, der sich perfekt f\u00fcr das Tragen allein oder in Kombination mit einer Weste eignet. Wenn das Wetter es erfordert, ziehen Sie sich einfach eine Schicht \u00fcber und los geht&#8217;s. Dieser kuschelige Kapuzenpulli aus einer Mischung aus recyceltem Polyester und Elastan bietet W\u00e4rme, Vielseitigkeit [&hellip;]<\/p>\n","protected":false},"featured_media":734754,"template":"","meta":[],"product_brand":[],"product_cat":[4184],"product_tag":[],"class_list":{"0":"post-734753","1":"product","2":"type-product","3":"status-publish","4":"has-post-thumbnail","6":"product_cat-hoodies-pullover","7":"pa_brand-craft","8":"pa_brand-type-sportswear","9":"pa_filter-color-braun","10":"pa_filter-color-schwarz","11":"pa_filter-color-violet","13":"first","14":"instock","15":"sale","16":"taxable","17":"shipping-taxable","18":"purchasable","19":"product-type-variable","20":"add-to-wishlist-before_image"},"exclude_global_add_ons":[],"addons":[],"acf":[],"_links":{"self":[{"href":"https:\/\/shop.kustom.ch\/fr\/wp-json\/wp\/v2\/product\/734753"}],"collection":[{"href":"https:\/\/shop.kustom.ch\/fr\/wp-json\/wp\/v2\/product"}],"about":[{"href":"https:\/\/shop.kustom.ch\/fr\/wp-json\/wp\/v2\/types\/product"}],"wp:featuredmedia":[{"embeddable":true,"href":"https:\/\/shop.kustom.ch\/fr\/wp-json\/wp\/v2\/media\/734754"}],"wp:attachment":[{"href":"https:\/\/shop.kustom.ch\/fr\/wp-json\/wp\/v2\/media?parent=734753"}],"wp:term":[{"taxonomy":"product_brand","embeddable":true,"href":"https:\/\/shop.kustom.ch\/fr\/wp-json\/wp\/v2\/product_brand?post=734753"},{"taxonomy":"product_cat","embeddable":true,"href":"https:\/\/shop.kustom.ch\/fr\/wp-json\/wp\/v2\/product_cat?post=734753"},{"taxonomy":"product_tag","embeddable":true,"href":"https:\/\/shop.kustom.ch\/fr\/wp-json\/wp\/v2\/product_tag?post=734753"}],"curies":[{"name":"wp","href":"https:\/\/api.w.org\/{rel}","templated":true}]}}