{"id":734489,"date":"2026-04-01T21:31:45","date_gmt":"2026-04-01T20:31:45","guid":{"rendered":"https:\/\/shop.kustom.ch\/?post_type=product&#038;p=734489"},"modified":"2026-04-01T21:32:49","modified_gmt":"2026-04-01T20:32:49","slug":"nikwax-tx-direkt-wash-in-1lt","status":"publish","type":"product","link":"https:\/\/shop.kustom.ch\/fr\/produit\/nikwax-tx-direkt-wash-in-1lt\/","title":{"rendered":"Nikwax TX.Direkt Wash-in 1LT"},"content":{"rendered":"<p>Impr\u00e9gnation lavable pour les v\u00eatements de protection contre les intemp\u00e9ries. Impr\u00e9gnation durable et maintien de la respirabilit\u00e9<\/p>","protected":false},"excerpt":{"rendered":"<p>Impr\u00e9gnation lavable pour les v\u00eatements de protection contre les intemp\u00e9ries. Impr\u00e9gnation durable et maintien de la respirabilit\u00e9<\/p>","protected":false},"featured_media":734537,"template":"","meta":[],"product_brand":[],"product_cat":[4209],"product_tag":[],"class_list":{"0":"post-734489","1":"product","2":"type-product","3":"status-publish","4":"has-post-thumbnail","6":"product_cat-zubehoer","7":"pa_brand-rukka","8":"pa_brand-type-workwear","10":"first","11":"instock","12":"taxable","13":"shipping-taxable","14":"purchasable","15":"product-type-variable","16":"add-to-wishlist-before_image"},"exclude_global_add_ons":[],"addons":[],"acf":[],"_links":{"self":[{"href":"https:\/\/shop.kustom.ch\/fr\/wp-json\/wp\/v2\/product\/734489"}],"collection":[{"href":"https:\/\/shop.kustom.ch\/fr\/wp-json\/wp\/v2\/product"}],"about":[{"href":"https:\/\/shop.kustom.ch\/fr\/wp-json\/wp\/v2\/types\/product"}],"wp:featuredmedia":[{"embeddable":true,"href":"https:\/\/shop.kustom.ch\/fr\/wp-json\/wp\/v2\/media\/734537"}],"wp:attachment":[{"href":"https:\/\/shop.kustom.ch\/fr\/wp-json\/wp\/v2\/media?parent=734489"}],"wp:term":[{"taxonomy":"product_brand","embeddable":true,"href":"https:\/\/shop.kustom.ch\/fr\/wp-json\/wp\/v2\/product_brand?post=734489"},{"taxonomy":"product_cat","embeddable":true,"href":"https:\/\/shop.kustom.ch\/fr\/wp-json\/wp\/v2\/product_cat?post=734489"},{"taxonomy":"product_tag","embeddable":true,"href":"https:\/\/shop.kustom.ch\/fr\/wp-json\/wp\/v2\/product_tag?post=734489"}],"curies":[{"name":"wp","href":"https:\/\/api.w.org\/{rel}","templated":true}]}}