{"id":734462,"date":"2026-04-01T21:31:14","date_gmt":"2026-04-01T20:31:14","guid":{"rendered":"https:\/\/shop.kustom.ch\/?post_type=product&#038;p=734462"},"modified":"2026-04-01T21:32:44","modified_gmt":"2026-04-01T20:32:44","slug":"arbeitshose-bicolor","status":"publish","type":"product","link":"https:\/\/shop.kustom.ch\/fr\/produit\/arbeitshose-bicolor\/","title":{"rendered":"Pantalon de travail bicolore"},"content":{"rendered":"<p>Pantalon de travail bicolore. Certifi\u00e9 selon la norme EN ISO 20471 Cl. 2. Il est en tissu m\u00e9lang\u00e9 solide et particuli\u00e8rement r\u00e9sistant de 300g\/m2, avec une excellente stabilit\u00e9 dimensionnelle. Nombreuses poches, taille r\u00e9glable et coutures renforc\u00e9es pour une longue dur\u00e9e de vie. Indication de taille = demi-taille en cm.<br \/>\n&nbsp;<br \/>\n&nbsp;<\/p>","protected":false},"excerpt":{"rendered":"<p>Pantalon de travail bicolore. Certifi\u00e9 selon la norme EN ISO 20471 Cl. 2. Il est en tissu m\u00e9lang\u00e9 solide et particuli\u00e8rement r\u00e9sistant de 300g\/m2, avec une excellente stabilit\u00e9 dimensionnelle. Nombreuses poches, taille r\u00e9glable et coutures renforc\u00e9es pour une longue dur\u00e9e de vie. Indication de taille = demi-taille en cm. &nbsp; &nbsp;<\/p>","protected":false},"featured_media":734516,"template":"","meta":[],"product_brand":[],"product_cat":[4185],"product_tag":[],"class_list":{"0":"post-734462","1":"product","2":"type-product","3":"status-publish","4":"has-post-thumbnail","6":"product_cat-hosen","7":"pa_brand-rukka","8":"pa_brand-type-workwear","9":"pa_filter-color-orange","11":"first","12":"instock","13":"taxable","14":"shipping-taxable","15":"purchasable","16":"product-type-variable","17":"add-to-wishlist-before_image"},"exclude_global_add_ons":[],"addons":[],"acf":[],"_links":{"self":[{"href":"https:\/\/shop.kustom.ch\/fr\/wp-json\/wp\/v2\/product\/734462"}],"collection":[{"href":"https:\/\/shop.kustom.ch\/fr\/wp-json\/wp\/v2\/product"}],"about":[{"href":"https:\/\/shop.kustom.ch\/fr\/wp-json\/wp\/v2\/types\/product"}],"wp:featuredmedia":[{"embeddable":true,"href":"https:\/\/shop.kustom.ch\/fr\/wp-json\/wp\/v2\/media\/734516"}],"wp:attachment":[{"href":"https:\/\/shop.kustom.ch\/fr\/wp-json\/wp\/v2\/media?parent=734462"}],"wp:term":[{"taxonomy":"product_brand","embeddable":true,"href":"https:\/\/shop.kustom.ch\/fr\/wp-json\/wp\/v2\/product_brand?post=734462"},{"taxonomy":"product_cat","embeddable":true,"href":"https:\/\/shop.kustom.ch\/fr\/wp-json\/wp\/v2\/product_cat?post=734462"},{"taxonomy":"product_tag","embeddable":true,"href":"https:\/\/shop.kustom.ch\/fr\/wp-json\/wp\/v2\/product_tag?post=734462"}],"curies":[{"name":"wp","href":"https:\/\/api.w.org\/{rel}","templated":true}]}}