{"id":734436,"date":"2026-04-01T21:30:46","date_gmt":"2026-04-01T20:30:46","guid":{"rendered":"https:\/\/shop.kustom.ch\/?post_type=product&#038;p=734436"},"modified":"2026-04-01T21:32:07","modified_gmt":"2026-04-01T20:32:07","slug":"lenzervibe-damen-pullover","status":"publish","type":"product","link":"https:\/\/shop.kustom.ch\/fr\/produit\/lenzervibe-damen-pullover\/","title":{"rendered":"Pull pour femme Lenzer'Vibe"},"content":{"rendered":"<p>Lenzer'Vibe pour femmes. Le pull-over Lenzer'Vibe en laine\/cachemire ne donne pas seulement bien chaud sur les pistes, mais il est aussi tr\u00e8s styl\u00e9 pour l'apr\u00e8s-ski. Un must pour tous les fans de Lenzerheide.<\/p>","protected":false},"excerpt":{"rendered":"<p>Lenzer'Vibe pour femmes. Le pull-over Lenzer'Vibe en laine\/cachemire ne donne pas seulement bien chaud sur les pistes, mais il est aussi tr\u00e8s styl\u00e9 pour l'apr\u00e8s-ski. Un must pour tous les fans de Lenzerheide.<\/p>","protected":false},"featured_media":734488,"template":"","meta":[],"product_brand":[],"product_cat":[4184],"product_tag":[],"class_list":{"0":"post-734436","1":"product","2":"type-product","3":"status-publish","4":"has-post-thumbnail","6":"product_cat-hoodies-pullover","7":"pa_brand-rukka","8":"pa_brand-type-workwear","9":"pa_filter-color-blau","10":"pa_filter-color-gruen","12":"first","13":"instock","14":"taxable","15":"shipping-taxable","16":"purchasable","17":"product-type-variable","18":"add-to-wishlist-before_image"},"exclude_global_add_ons":[],"addons":[],"acf":[],"_links":{"self":[{"href":"https:\/\/shop.kustom.ch\/fr\/wp-json\/wp\/v2\/product\/734436"}],"collection":[{"href":"https:\/\/shop.kustom.ch\/fr\/wp-json\/wp\/v2\/product"}],"about":[{"href":"https:\/\/shop.kustom.ch\/fr\/wp-json\/wp\/v2\/types\/product"}],"wp:featuredmedia":[{"embeddable":true,"href":"https:\/\/shop.kustom.ch\/fr\/wp-json\/wp\/v2\/media\/734488"}],"wp:attachment":[{"href":"https:\/\/shop.kustom.ch\/fr\/wp-json\/wp\/v2\/media?parent=734436"}],"wp:term":[{"taxonomy":"product_brand","embeddable":true,"href":"https:\/\/shop.kustom.ch\/fr\/wp-json\/wp\/v2\/product_brand?post=734436"},{"taxonomy":"product_cat","embeddable":true,"href":"https:\/\/shop.kustom.ch\/fr\/wp-json\/wp\/v2\/product_cat?post=734436"},{"taxonomy":"product_tag","embeddable":true,"href":"https:\/\/shop.kustom.ch\/fr\/wp-json\/wp\/v2\/product_tag?post=734436"}],"curies":[{"name":"wp","href":"https:\/\/api.w.org\/{rel}","templated":true}]}}