{"id":734411,"date":"2026-04-01T21:30:18","date_gmt":"2026-04-01T20:30:18","guid":{"rendered":"https:\/\/shop.kustom.ch\/?post_type=product&#038;p=734411"},"modified":"2026-04-01T21:31:41","modified_gmt":"2026-04-01T20:31:41","slug":"saskia-damen-regenjacke","status":"publish","type":"product","link":"https:\/\/shop.kustom.ch\/fr\/produit\/saskia-damen-regenjacke\/","title":{"rendered":"Veste de pluie pour femme Saskia"},"content":{"rendered":"<p>Saskia est un mod\u00e8le de qualit\u00e9. Convainc par son \u00e9l\u00e9gance sobre. Le look PU mat lui conf\u00e8re une note moderne, tandis que le mat\u00e9riau r\u00e9sistant aux intemp\u00e9ries t'accompagne de mani\u00e8re fiable sous la pluie et le vent.<\/p>","protected":false},"excerpt":{"rendered":"<p>Saskia est un mod\u00e8le de qualit\u00e9. Convainc par son \u00e9l\u00e9gance sobre. Le look PU mat lui conf\u00e8re une note moderne, tandis que le mat\u00e9riau r\u00e9sistant aux intemp\u00e9ries t'accompagne de mani\u00e8re fiable sous la pluie et le vent.<\/p>","protected":false},"featured_media":734470,"template":"","meta":[],"product_brand":[],"product_cat":[4186],"product_tag":[],"class_list":{"0":"post-734411","1":"product","2":"type-product","3":"status-publish","4":"has-post-thumbnail","6":"product_cat-jacken","7":"pa_brand-rukka","8":"pa_brand-type-workwear","9":"pa_filter-color-blau","10":"pa_filter-color-gruen","12":"first","13":"instock","14":"taxable","15":"shipping-taxable","16":"purchasable","17":"product-type-variable","18":"add-to-wishlist-before_image"},"exclude_global_add_ons":[],"addons":[],"acf":[],"_links":{"self":[{"href":"https:\/\/shop.kustom.ch\/fr\/wp-json\/wp\/v2\/product\/734411"}],"collection":[{"href":"https:\/\/shop.kustom.ch\/fr\/wp-json\/wp\/v2\/product"}],"about":[{"href":"https:\/\/shop.kustom.ch\/fr\/wp-json\/wp\/v2\/types\/product"}],"wp:featuredmedia":[{"embeddable":true,"href":"https:\/\/shop.kustom.ch\/fr\/wp-json\/wp\/v2\/media\/734470"}],"wp:attachment":[{"href":"https:\/\/shop.kustom.ch\/fr\/wp-json\/wp\/v2\/media?parent=734411"}],"wp:term":[{"taxonomy":"product_brand","embeddable":true,"href":"https:\/\/shop.kustom.ch\/fr\/wp-json\/wp\/v2\/product_brand?post=734411"},{"taxonomy":"product_cat","embeddable":true,"href":"https:\/\/shop.kustom.ch\/fr\/wp-json\/wp\/v2\/product_cat?post=734411"},{"taxonomy":"product_tag","embeddable":true,"href":"https:\/\/shop.kustom.ch\/fr\/wp-json\/wp\/v2\/product_tag?post=734411"}],"curies":[{"name":"wp","href":"https:\/\/api.w.org\/{rel}","templated":true}]}}