{"id":734384,"date":"2026-04-01T21:29:47","date_gmt":"2026-04-01T20:29:47","guid":{"rendered":"https:\/\/shop.kustom.ch\/?post_type=product&#038;p=734384"},"modified":"2026-04-01T21:31:39","modified_gmt":"2026-04-01T20:31:39","slug":"pac-light-puffer-damen-jacke","status":"publish","type":"product","link":"https:\/\/shop.kustom.ch\/fr\/produit\/pac-light-puffer-damen-jacke\/","title":{"rendered":"Veste Pac Light Puffer pour femmes"},"content":{"rendered":"<p>Pac Light Puffer (veste tampon). Une veste tampon ultral\u00e9g\u00e8re avec un rembourrage de 60 g\/m\u00b2. Agr\u00e9ablement chaude, d'une coupe sportive, elle est parfaite pour les personnes actives qui appr\u00e9cient la l\u00e9g\u00e8ret\u00e9 et la fonctionnalit\u00e9.<\/p>","protected":false},"excerpt":{"rendered":"<p>Pac Light Puffer (veste tampon). Une veste tampon ultral\u00e9g\u00e8re avec un rembourrage de 60 g\/m\u00b2. Agr\u00e9ablement chaude, d'une coupe sportive, elle est parfaite pour les personnes actives qui appr\u00e9cient la l\u00e9g\u00e8ret\u00e9 et la fonctionnalit\u00e9.<\/p>","protected":false},"featured_media":734443,"template":"","meta":[],"product_brand":[],"product_cat":[4186],"product_tag":[],"class_list":{"0":"post-734384","1":"product","2":"type-product","3":"status-publish","4":"has-post-thumbnail","6":"product_cat-jacken","7":"pa_brand-rukka","8":"pa_brand-type-workwear","9":"pa_filter-color-blau","10":"pa_filter-color-rot","11":"pa_filter-color-schwarz","13":"first","14":"instock","15":"taxable","16":"shipping-taxable","17":"purchasable","18":"product-type-variable","19":"add-to-wishlist-before_image"},"exclude_global_add_ons":[],"addons":[],"acf":[],"_links":{"self":[{"href":"https:\/\/shop.kustom.ch\/fr\/wp-json\/wp\/v2\/product\/734384"}],"collection":[{"href":"https:\/\/shop.kustom.ch\/fr\/wp-json\/wp\/v2\/product"}],"about":[{"href":"https:\/\/shop.kustom.ch\/fr\/wp-json\/wp\/v2\/types\/product"}],"wp:featuredmedia":[{"embeddable":true,"href":"https:\/\/shop.kustom.ch\/fr\/wp-json\/wp\/v2\/media\/734443"}],"wp:attachment":[{"href":"https:\/\/shop.kustom.ch\/fr\/wp-json\/wp\/v2\/media?parent=734384"}],"wp:term":[{"taxonomy":"product_brand","embeddable":true,"href":"https:\/\/shop.kustom.ch\/fr\/wp-json\/wp\/v2\/product_brand?post=734384"},{"taxonomy":"product_cat","embeddable":true,"href":"https:\/\/shop.kustom.ch\/fr\/wp-json\/wp\/v2\/product_cat?post=734384"},{"taxonomy":"product_tag","embeddable":true,"href":"https:\/\/shop.kustom.ch\/fr\/wp-json\/wp\/v2\/product_tag?post=734384"}],"curies":[{"name":"wp","href":"https:\/\/api.w.org\/{rel}","templated":true}]}}