{"id":734357,"date":"2026-04-01T21:29:20","date_gmt":"2026-04-01T20:29:20","guid":{"rendered":"https:\/\/shop.kustom.ch\/?post_type=product&#038;p=734357"},"modified":"2026-04-01T21:30:40","modified_gmt":"2026-04-01T20:30:40","slug":"vica-damen-thermo-vest","status":"publish","type":"product","link":"https:\/\/shop.kustom.ch\/fr\/produit\/vica-damen-thermo-vest\/","title":{"rendered":"Gilet thermique pour femme Vica"},"content":{"rendered":"<p>Vica . Un gilet thermique sobre en PET recycl\u00e9. Ext\u00e9rieur clean, int\u00e9rieur finement piqu\u00e9 et avec un rembourrage de 130 g\/m\u00b2, il est l\u00e9ger, chaud et parfait \u00e0 combiner.<\/p>","protected":false},"excerpt":{"rendered":"<p>Vica . Un gilet thermique sobre en PET recycl\u00e9. Ext\u00e9rieur clean, int\u00e9rieur finement piqu\u00e9 et avec un rembourrage de 130 g\/m\u00b2, il est l\u00e9ger, chaud et parfait \u00e0 combiner.<\/p>","protected":false},"featured_media":734401,"template":"","meta":[],"product_brand":[],"product_cat":[4208],"product_tag":[],"class_list":{"0":"post-734357","1":"product","2":"type-product","3":"status-publish","4":"has-post-thumbnail","6":"product_cat-westen","7":"pa_brand-rukka","8":"pa_brand-type-workwear","9":"pa_filter-color-blau","10":"pa_filter-color-schwarz","12":"first","13":"instock","14":"taxable","15":"shipping-taxable","16":"purchasable","17":"product-type-variable","18":"add-to-wishlist-before_image"},"exclude_global_add_ons":[],"addons":[],"acf":[],"_links":{"self":[{"href":"https:\/\/shop.kustom.ch\/fr\/wp-json\/wp\/v2\/product\/734357"}],"collection":[{"href":"https:\/\/shop.kustom.ch\/fr\/wp-json\/wp\/v2\/product"}],"about":[{"href":"https:\/\/shop.kustom.ch\/fr\/wp-json\/wp\/v2\/types\/product"}],"wp:featuredmedia":[{"embeddable":true,"href":"https:\/\/shop.kustom.ch\/fr\/wp-json\/wp\/v2\/media\/734401"}],"wp:attachment":[{"href":"https:\/\/shop.kustom.ch\/fr\/wp-json\/wp\/v2\/media?parent=734357"}],"wp:term":[{"taxonomy":"product_brand","embeddable":true,"href":"https:\/\/shop.kustom.ch\/fr\/wp-json\/wp\/v2\/product_brand?post=734357"},{"taxonomy":"product_cat","embeddable":true,"href":"https:\/\/shop.kustom.ch\/fr\/wp-json\/wp\/v2\/product_cat?post=734357"},{"taxonomy":"product_tag","embeddable":true,"href":"https:\/\/shop.kustom.ch\/fr\/wp-json\/wp\/v2\/product_tag?post=734357"}],"curies":[{"name":"wp","href":"https:\/\/api.w.org\/{rel}","templated":true}]}}