{"id":734177,"date":"2026-04-01T21:25:45","date_gmt":"2026-04-01T20:25:45","guid":{"rendered":"https:\/\/shop.kustom.ch\/?post_type=product&#038;p=734177"},"modified":"2026-04-01T21:27:40","modified_gmt":"2026-04-01T20:27:40","slug":"hood-pac-jac-damen-jacke","status":"publish","type":"product","link":"https:\/\/shop.kustom.ch\/fr\/produit\/hood-pac-jac-damen-jacke\/","title":{"rendered":"Veste Hood Pac Jac pour femme"},"content":{"rendered":"<p>Hood Pac Jac. Cette veste matelass\u00e9e l\u00e9g\u00e8re avec capuche fixe est le compagnon id\u00e9al pour la mi-saison. Elle offre de bonnes valeurs d'isolation et se range de mani\u00e8re peu encombrante dans un petit sac - parfait pour les d\u00e9placements.<\/p>","protected":false},"excerpt":{"rendered":"<p>Hood Pac Jac. Cette veste matelass\u00e9e l\u00e9g\u00e8re avec capuche fixe est le compagnon id\u00e9al pour la mi-saison. Elle offre de bonnes valeurs d'isolation et se range de mani\u00e8re peu encombrante dans un petit sac - parfait pour les d\u00e9placements.<\/p>","protected":false},"featured_media":734231,"template":"","meta":[],"product_brand":[],"product_cat":[4186],"product_tag":[],"class_list":{"0":"post-734177","1":"product","2":"type-product","3":"status-publish","4":"has-post-thumbnail","6":"product_cat-jacken","7":"pa_brand-rukka","8":"pa_brand-type-workwear","9":"pa_filter-color-blau","10":"pa_filter-color-grau","11":"pa_filter-color-pink","12":"pa_filter-color-schwarz","14":"first","15":"instock","16":"taxable","17":"shipping-taxable","18":"purchasable","19":"product-type-variable","20":"add-to-wishlist-before_image"},"exclude_global_add_ons":[],"addons":[],"acf":[],"_links":{"self":[{"href":"https:\/\/shop.kustom.ch\/fr\/wp-json\/wp\/v2\/product\/734177"}],"collection":[{"href":"https:\/\/shop.kustom.ch\/fr\/wp-json\/wp\/v2\/product"}],"about":[{"href":"https:\/\/shop.kustom.ch\/fr\/wp-json\/wp\/v2\/types\/product"}],"wp:featuredmedia":[{"embeddable":true,"href":"https:\/\/shop.kustom.ch\/fr\/wp-json\/wp\/v2\/media\/734231"}],"wp:attachment":[{"href":"https:\/\/shop.kustom.ch\/fr\/wp-json\/wp\/v2\/media?parent=734177"}],"wp:term":[{"taxonomy":"product_brand","embeddable":true,"href":"https:\/\/shop.kustom.ch\/fr\/wp-json\/wp\/v2\/product_brand?post=734177"},{"taxonomy":"product_cat","embeddable":true,"href":"https:\/\/shop.kustom.ch\/fr\/wp-json\/wp\/v2\/product_cat?post=734177"},{"taxonomy":"product_tag","embeddable":true,"href":"https:\/\/shop.kustom.ch\/fr\/wp-json\/wp\/v2\/product_tag?post=734177"}],"curies":[{"name":"wp","href":"https:\/\/api.w.org\/{rel}","templated":true}]}}