{"id":734156,"date":"2026-04-01T21:25:09","date_gmt":"2026-04-01T20:25:09","guid":{"rendered":"https:\/\/shop.kustom.ch\/?post_type=product&#038;p=734156"},"modified":"2026-04-01T21:27:07","modified_gmt":"2026-04-01T20:27:07","slug":"pac-puffer-damen-thermo-jacke","status":"publish","type":"product","link":"https:\/\/shop.kustom.ch\/fr\/produit\/pac-puffer-damen-thermo-jacke\/","title":{"rendered":"Veste thermique Pac Puffer pour femmes"},"content":{"rendered":"<p>Le Pac Puffer. Cette veste matelass\u00e9e sportive avec 180 % de rembourrage No-Down convainc par sa coupe moderne. Que ce soit en ville, sur les pistes ou \u00e0 l'apr\u00e8s-ski, elle fait bonne figure partout.<\/p>","protected":false},"excerpt":{"rendered":"<p>Le Pac Puffer. Cette veste matelass\u00e9e sportive avec 180 % de rembourrage No-Down convainc par sa coupe moderne. Que ce soit en ville, sur les pistes ou \u00e0 l'apr\u00e8s-ski, elle fait bonne figure partout.<\/p>","protected":false},"featured_media":734197,"template":"","meta":[],"product_brand":[],"product_cat":[4186],"product_tag":[],"class_list":{"0":"post-734156","1":"product","2":"type-product","3":"status-publish","4":"has-post-thumbnail","6":"product_cat-jacken","7":"pa_brand-rukka","8":"pa_brand-type-workwear","9":"pa_filter-color-blau","10":"pa_filter-color-gruen","11":"pa_filter-color-violet","12":"pa_filter-color-weiss","14":"first","15":"instock","16":"taxable","17":"shipping-taxable","18":"purchasable","19":"product-type-variable","20":"add-to-wishlist-before_image"},"exclude_global_add_ons":[],"addons":[],"acf":[],"_links":{"self":[{"href":"https:\/\/shop.kustom.ch\/fr\/wp-json\/wp\/v2\/product\/734156"}],"collection":[{"href":"https:\/\/shop.kustom.ch\/fr\/wp-json\/wp\/v2\/product"}],"about":[{"href":"https:\/\/shop.kustom.ch\/fr\/wp-json\/wp\/v2\/types\/product"}],"wp:featuredmedia":[{"embeddable":true,"href":"https:\/\/shop.kustom.ch\/fr\/wp-json\/wp\/v2\/media\/734197"}],"wp:attachment":[{"href":"https:\/\/shop.kustom.ch\/fr\/wp-json\/wp\/v2\/media?parent=734156"}],"wp:term":[{"taxonomy":"product_brand","embeddable":true,"href":"https:\/\/shop.kustom.ch\/fr\/wp-json\/wp\/v2\/product_brand?post=734156"},{"taxonomy":"product_cat","embeddable":true,"href":"https:\/\/shop.kustom.ch\/fr\/wp-json\/wp\/v2\/product_cat?post=734156"},{"taxonomy":"product_tag","embeddable":true,"href":"https:\/\/shop.kustom.ch\/fr\/wp-json\/wp\/v2\/product_tag?post=734156"}],"curies":[{"name":"wp","href":"https:\/\/api.w.org\/{rel}","templated":true}]}}