{"id":734131,"date":"2026-04-01T21:24:35","date_gmt":"2026-04-01T20:24:35","guid":{"rendered":"https:\/\/shop.kustom.ch\/?post_type=product&#038;p=734131"},"modified":"2026-04-01T21:26:18","modified_gmt":"2026-04-01T20:26:18","slug":"marla-karo-jacke","status":"publish","type":"product","link":"https:\/\/shop.kustom.ch\/fr\/produit\/marla-karo-jacke\/","title":{"rendered":"Veste \u00e0 carreaux Marla"},"content":{"rendered":"<p>Marla . Cette veste \u00e0 carreaux styl\u00e9e avec une doublure matelass\u00e9e chaude allie un look tendance et une chaleur agr\u00e9able - parfaite pour les journ\u00e9es fra\u00eeches.<\/p>","protected":false},"excerpt":{"rendered":"<p>Marla . Cette veste \u00e0 carreaux styl\u00e9e avec une doublure matelass\u00e9e chaude allie un look tendance et une chaleur agr\u00e9able - parfaite pour les journ\u00e9es fra\u00eeches.<\/p>","protected":false},"featured_media":734181,"template":"","meta":[],"product_brand":[],"product_cat":[4186],"product_tag":[],"class_list":{"0":"post-734131","1":"product","2":"type-product","3":"status-publish","4":"has-post-thumbnail","6":"product_cat-jacken","7":"pa_brand-rukka","8":"pa_brand-type-workwear","9":"pa_filter-color-blau","10":"pa_filter-color-grau","12":"first","13":"instock","14":"taxable","15":"shipping-taxable","16":"purchasable","17":"product-type-variable","18":"add-to-wishlist-before_image"},"exclude_global_add_ons":[],"addons":[],"acf":[],"_links":{"self":[{"href":"https:\/\/shop.kustom.ch\/fr\/wp-json\/wp\/v2\/product\/734131"}],"collection":[{"href":"https:\/\/shop.kustom.ch\/fr\/wp-json\/wp\/v2\/product"}],"about":[{"href":"https:\/\/shop.kustom.ch\/fr\/wp-json\/wp\/v2\/types\/product"}],"wp:featuredmedia":[{"embeddable":true,"href":"https:\/\/shop.kustom.ch\/fr\/wp-json\/wp\/v2\/media\/734181"}],"wp:attachment":[{"href":"https:\/\/shop.kustom.ch\/fr\/wp-json\/wp\/v2\/media?parent=734131"}],"wp:term":[{"taxonomy":"product_brand","embeddable":true,"href":"https:\/\/shop.kustom.ch\/fr\/wp-json\/wp\/v2\/product_brand?post=734131"},{"taxonomy":"product_cat","embeddable":true,"href":"https:\/\/shop.kustom.ch\/fr\/wp-json\/wp\/v2\/product_cat?post=734131"},{"taxonomy":"product_tag","embeddable":true,"href":"https:\/\/shop.kustom.ch\/fr\/wp-json\/wp\/v2\/product_tag?post=734131"}],"curies":[{"name":"wp","href":"https:\/\/api.w.org\/{rel}","templated":true}]}}