{"id":734087,"date":"2026-04-01T21:23:35","date_gmt":"2026-04-01T20:23:35","guid":{"rendered":"https:\/\/shop.kustom.ch\/?post_type=product&#038;p=734087"},"modified":"2026-04-01T21:25:06","modified_gmt":"2026-04-01T20:25:06","slug":"vital-damen-hose","status":"publish","type":"product","link":"https:\/\/shop.kustom.ch\/fr\/produit\/vital-damen-hose\/","title":{"rendered":"Pantalon Vital pour femmes"},"content":{"rendered":"<p>Pantalon Vital pour femmes. Ce pantalon maintient toujours la temp\u00e9rature du corps dans la zone de confort, m\u00eame lorsque les conditions changent - ni trop chaud, ni trop froid. Il convainc par une r\u00e9gulation efficace de l'humidit\u00e9, un toucher agr\u00e9able et un grand confort. Id\u00e9al pour les journ\u00e9es actives et le quotidien. La solidit\u00e9 des couleurs et la stabilit\u00e9 de la forme assurent une qualit\u00e9 durable. (Taille petite - nous recommandons une taille sup\u00e9rieure)<\/p>","protected":false},"excerpt":{"rendered":"<p>Pantalon Vital pour femmes. Ce pantalon maintient toujours la temp\u00e9rature du corps dans la zone de confort, m\u00eame lorsque les conditions changent - ni trop chaud, ni trop froid. Il convainc par une r\u00e9gulation efficace de l'humidit\u00e9, un toucher agr\u00e9able et un grand confort. Id\u00e9al pour les journ\u00e9es actives et le quotidien. La solidit\u00e9 des couleurs et la stabilit\u00e9 de la forme assurent une qualit\u00e9 durable. (Taille petite - nous recommandons une taille sup\u00e9rieure)<\/p>","protected":false},"featured_media":734147,"template":"","meta":[],"product_brand":[],"product_cat":[4185],"product_tag":[],"class_list":{"0":"post-734087","1":"product","2":"type-product","3":"status-publish","4":"has-post-thumbnail","6":"product_cat-hosen","7":"pa_brand-rukka","8":"pa_brand-type-workwear","9":"pa_filter-color-schwarz","11":"first","12":"instock","13":"taxable","14":"shipping-taxable","15":"purchasable","16":"product-type-variable","17":"add-to-wishlist-before_image"},"exclude_global_add_ons":[],"addons":[],"acf":[],"_links":{"self":[{"href":"https:\/\/shop.kustom.ch\/fr\/wp-json\/wp\/v2\/product\/734087"}],"collection":[{"href":"https:\/\/shop.kustom.ch\/fr\/wp-json\/wp\/v2\/product"}],"about":[{"href":"https:\/\/shop.kustom.ch\/fr\/wp-json\/wp\/v2\/types\/product"}],"wp:featuredmedia":[{"embeddable":true,"href":"https:\/\/shop.kustom.ch\/fr\/wp-json\/wp\/v2\/media\/734147"}],"wp:attachment":[{"href":"https:\/\/shop.kustom.ch\/fr\/wp-json\/wp\/v2\/media?parent=734087"}],"wp:term":[{"taxonomy":"product_brand","embeddable":true,"href":"https:\/\/shop.kustom.ch\/fr\/wp-json\/wp\/v2\/product_brand?post=734087"},{"taxonomy":"product_cat","embeddable":true,"href":"https:\/\/shop.kustom.ch\/fr\/wp-json\/wp\/v2\/product_cat?post=734087"},{"taxonomy":"product_tag","embeddable":true,"href":"https:\/\/shop.kustom.ch\/fr\/wp-json\/wp\/v2\/product_tag?post=734087"}],"curies":[{"name":"wp","href":"https:\/\/api.w.org\/{rel}","templated":true}]}}