{"id":734086,"date":"2026-04-01T21:23:35","date_gmt":"2026-04-01T20:23:35","guid":{"rendered":"https:\/\/shop.kustom.ch\/?post_type=product&#038;p=734086"},"modified":"2026-04-01T21:25:03","modified_gmt":"2026-04-01T20:25:03","slug":"vital-damen-langarm-shirt","status":"publish","type":"product","link":"https:\/\/shop.kustom.ch\/fr\/produit\/vital-damen-langarm-shirt\/","title":{"rendered":"Chemise \u00e0 manches longues Vital pour femmes"},"content":{"rendered":"<p>T-shirt \u00e0 manches longues Vital pour femmes. Ce t-shirt \u00e0 manches longues r\u00e9gule la temp\u00e9rature du corps de mani\u00e8re optimale - ni trop chaud ni trop froid - m\u00eame lorsque les activit\u00e9s et les conditions changent. Il offre un grand confort gr\u00e2ce \u00e0 une \u00e9vacuation efficace de l'humidit\u00e9 et un toucher agr\u00e9able. Id\u00e9al pour les journ\u00e9es actives et le quotidien. Longue dur\u00e9e de vie gr\u00e2ce \u00e0 la solidit\u00e9 des couleurs et \u00e0 la stabilit\u00e9 de la forme incluses.<\/p>","protected":false},"excerpt":{"rendered":"<p>T-shirt \u00e0 manches longues Vital pour femmes. Ce t-shirt \u00e0 manches longues r\u00e9gule la temp\u00e9rature du corps de mani\u00e8re optimale - ni trop chaud ni trop froid - m\u00eame lorsque les activit\u00e9s et les conditions changent. Il offre un grand confort gr\u00e2ce \u00e0 une \u00e9vacuation efficace de l'humidit\u00e9 et un toucher agr\u00e9able. Id\u00e9al pour les journ\u00e9es actives et le quotidien. Longue dur\u00e9e de vie gr\u00e2ce \u00e0 la solidit\u00e9 des couleurs et \u00e0 la stabilit\u00e9 de la forme incluses.<\/p>","protected":false},"featured_media":734128,"template":"","meta":[],"product_brand":[],"product_cat":[4201],"product_tag":[],"class_list":{"0":"post-734086","1":"product","2":"type-product","3":"status-publish","4":"has-post-thumbnail","6":"product_cat-t-shirts","7":"pa_brand-rukka","8":"pa_brand-type-workwear","9":"pa_filter-color-schwarz","10":"pa_filter-color-weiss","12":"first","13":"instock","14":"taxable","15":"shipping-taxable","16":"purchasable","17":"product-type-variable","18":"add-to-wishlist-before_image"},"exclude_global_add_ons":[],"addons":[],"acf":[],"_links":{"self":[{"href":"https:\/\/shop.kustom.ch\/fr\/wp-json\/wp\/v2\/product\/734086"}],"collection":[{"href":"https:\/\/shop.kustom.ch\/fr\/wp-json\/wp\/v2\/product"}],"about":[{"href":"https:\/\/shop.kustom.ch\/fr\/wp-json\/wp\/v2\/types\/product"}],"wp:featuredmedia":[{"embeddable":true,"href":"https:\/\/shop.kustom.ch\/fr\/wp-json\/wp\/v2\/media\/734128"}],"wp:attachment":[{"href":"https:\/\/shop.kustom.ch\/fr\/wp-json\/wp\/v2\/media?parent=734086"}],"wp:term":[{"taxonomy":"product_brand","embeddable":true,"href":"https:\/\/shop.kustom.ch\/fr\/wp-json\/wp\/v2\/product_brand?post=734086"},{"taxonomy":"product_cat","embeddable":true,"href":"https:\/\/shop.kustom.ch\/fr\/wp-json\/wp\/v2\/product_cat?post=734086"},{"taxonomy":"product_tag","embeddable":true,"href":"https:\/\/shop.kustom.ch\/fr\/wp-json\/wp\/v2\/product_tag?post=734086"}],"curies":[{"name":"wp","href":"https:\/\/api.w.org\/{rel}","templated":true}]}}