{"id":734040,"date":"2026-04-01T21:22:38","date_gmt":"2026-04-01T20:22:38","guid":{"rendered":"https:\/\/shop.kustom.ch\/?post_type=product&#038;p=734040"},"modified":"2026-04-01T21:24:28","modified_gmt":"2026-04-01T20:24:28","slug":"lani-damen-winterjacke","status":"publish","type":"product","link":"https:\/\/shop.kustom.ch\/fr\/produit\/lani-damen-winterjacke\/","title":{"rendered":"Veste d'hiver pour femme Lani"},"content":{"rendered":"<p>Lani . La veste Lani avec sa doublure sherpa douillette tient agr\u00e9ablement chaud, tandis que le tissu ext\u00e9rieur 100 % r\u00e9sistant aux intemp\u00e9ries offre une protection fiable contre le vent et les intemp\u00e9ries.<\/p>","protected":false},"excerpt":{"rendered":"<p>Lani . La veste Lani avec sa doublure sherpa douillette tient agr\u00e9ablement chaud, tandis que le tissu ext\u00e9rieur 100 % r\u00e9sistant aux intemp\u00e9ries offre une protection fiable contre le vent et les intemp\u00e9ries.<\/p>","protected":false},"featured_media":734095,"template":"","meta":[],"product_brand":[],"product_cat":[4186],"product_tag":[],"class_list":{"0":"post-734040","1":"product","2":"type-product","3":"status-publish","4":"has-post-thumbnail","6":"product_cat-jacken","7":"pa_brand-rukka","8":"pa_brand-type-workwear","9":"pa_filter-color-gruen","10":"pa_filter-color-schwarz","12":"first","13":"instock","14":"taxable","15":"shipping-taxable","16":"purchasable","17":"product-type-variable","18":"add-to-wishlist-before_image"},"exclude_global_add_ons":[],"addons":[],"acf":[],"_links":{"self":[{"href":"https:\/\/shop.kustom.ch\/fr\/wp-json\/wp\/v2\/product\/734040"}],"collection":[{"href":"https:\/\/shop.kustom.ch\/fr\/wp-json\/wp\/v2\/product"}],"about":[{"href":"https:\/\/shop.kustom.ch\/fr\/wp-json\/wp\/v2\/types\/product"}],"wp:featuredmedia":[{"embeddable":true,"href":"https:\/\/shop.kustom.ch\/fr\/wp-json\/wp\/v2\/media\/734095"}],"wp:attachment":[{"href":"https:\/\/shop.kustom.ch\/fr\/wp-json\/wp\/v2\/media?parent=734040"}],"wp:term":[{"taxonomy":"product_brand","embeddable":true,"href":"https:\/\/shop.kustom.ch\/fr\/wp-json\/wp\/v2\/product_brand?post=734040"},{"taxonomy":"product_cat","embeddable":true,"href":"https:\/\/shop.kustom.ch\/fr\/wp-json\/wp\/v2\/product_cat?post=734040"},{"taxonomy":"product_tag","embeddable":true,"href":"https:\/\/shop.kustom.ch\/fr\/wp-json\/wp\/v2\/product_tag?post=734040"}],"curies":[{"name":"wp","href":"https:\/\/api.w.org\/{rel}","templated":true}]}}